{"id":147,"date":"2020-08-10T16:18:46","date_gmt":"2020-08-10T14:18:46","guid":{"rendered":"https:\/\/krets.jagareforbundet.se\/knivsta\/?page_id=147"},"modified":"2025-03-20T19:36:30","modified_gmt":"2025-03-20T18:36:30","slug":"styrelsen","status":"publish","type":"page","link":"https:\/\/krets.jagareforbundet.se\/knivsta\/kontakta-oss\/styrelsen\/","title":{"rendered":"Styrelsen 2025"},"content":{"rendered":"<p><strong>Gustaf Sil\u00e9n<br \/>\nOrdf\u00f6rande<br \/>\n<\/strong>Omr\u00e5desansvar: Samh\u00e4lle, viltmat, utbildning j\u00e4garexamen<br \/>\n070-757 53 16<br \/>\ngustaf@osthamra.se<\/p>\n<p><strong>Viktor Djerf<\/strong><br \/>\n<strong>Vice ordf\u00f6rande<\/strong><br \/>\nOmr\u00e5desansvar: Jakt &amp; viltf\u00f6rvaltning<\/p>\n<p><strong>Niklas Str\u00f6mb\u00e4ck<br \/>\n<\/strong><strong>Sekreterare<\/strong><br \/>\nOmr\u00e5desansvar: Medlemsansvarig<br \/>\n0721-888 215<br \/>\nnikstr112@hotmail.com<\/p>\n<p><strong>Marcus Carlsson<br \/>\nLedamot<\/strong><br \/>\nOmr\u00e5desansvar: Utbildning &amp; jaktskytte<br \/>\n073-360 89 99<br \/>\nmarcus@noalyftteknik.se<\/p>\n<p><strong>Bj\u00f6rn Kj\u00e4llstr\u00f6m<br \/>\nLedamot<\/strong><\/p>\n<p><strong>Pontus Smeds<br \/>\nLedamot<\/strong><br \/>\nsmeds.pontus@hotmail.com<\/p>\n<p><strong>Claes Thorell<br \/>\nKass\u00f6r<\/strong><\/p>\n<p><strong>Bengt Wittgren<br \/>\nSuppleant<\/strong><br \/>\n070- 377 40 28<br \/>\nbengt.wittgren@gmail.com<\/p>\n<p><strong>G\u00f6ran Gauffin<br \/>\nSuppleant<\/strong><\/p>\n<p><strong>Valberedning<br \/>\nSammankallande<\/strong><br \/>\nFredrik Wallin<br \/>\nUlf G\u00e4rdebo<\/p>\n<p><strong>Revisorer<br \/>\n<\/strong>Bo Carlsson<br \/>\nB\u00f6rje Wass<\/p>\n<p><strong>Suppleanter<br \/>\n<\/strong>Per Wallin<br \/>\nMagnus Engblom<\/p>\n<p><strong>Webbansvarig<br \/>\n<\/strong>Niklas Str\u00f6mb\u00e4ck<\/p>\n<p>&nbsp;<\/p>\n","protected":false},"excerpt":{"rendered":"<p>Gustaf Sil\u00e9n Ordf\u00f6rande Omr\u00e5desansvar: Samh\u00e4lle, viltmat, utbildning j\u00e4garexamen 070-757 53 16 gustaf@osthamra.se Viktor Djerf Vice ordf\u00f6rande Omr\u00e5desansvar: Jakt &amp; viltf\u00f6rvaltning Niklas Str\u00f6mb\u00e4ck Sekreterare Omr\u00e5desansvar: Medlemsansvarig 0721-888 215 nikstr112@hotmail.com Marcus Carlsson Ledamot Omr\u00e5desansvar: Utbildning &amp; jaktskytte 073-360 89 99 marcus@noalyftteknik.se Bj\u00f6rn Kj\u00e4llstr\u00f6m Ledamot Pontus Smeds Ledamot smeds.pontus@hotmail.com Claes Thorell Kass\u00f6r Bengt Wittgren Suppleant 070- 377 40 [&hellip;]<\/p>\n","protected":false},"author":292,"featured_media":0,"parent":28,"menu_order":0,"comment_status":"closed","ping_status":"closed","template":"","meta":{"footnotes":""},"class_list":["post-147","page","type-page","status-publish","hentry"],"_links":{"self":[{"href":"https:\/\/krets.jagareforbundet.se\/knivsta\/wp-json\/wp\/v2\/pages\/147","targetHints":{"allow":["GET"]}}],"collection":[{"href":"https:\/\/krets.jagareforbundet.se\/knivsta\/wp-json\/wp\/v2\/pages"}],"about":[{"href":"https:\/\/krets.jagareforbundet.se\/knivsta\/wp-json\/wp\/v2\/types\/page"}],"author":[{"embeddable":true,"href":"https:\/\/krets.jagareforbundet.se\/knivsta\/wp-json\/wp\/v2\/users\/292"}],"replies":[{"embeddable":true,"href":"https:\/\/krets.jagareforbundet.se\/knivsta\/wp-json\/wp\/v2\/comments?post=147"}],"version-history":[{"count":3,"href":"https:\/\/krets.jagareforbundet.se\/knivsta\/wp-json\/wp\/v2\/pages\/147\/revisions"}],"predecessor-version":[{"id":166,"href":"https:\/\/krets.jagareforbundet.se\/knivsta\/wp-json\/wp\/v2\/pages\/147\/revisions\/166"}],"up":[{"embeddable":true,"href":"https:\/\/krets.jagareforbundet.se\/knivsta\/wp-json\/wp\/v2\/pages\/28"}],"wp:attachment":[{"href":"https:\/\/krets.jagareforbundet.se\/knivsta\/wp-json\/wp\/v2\/media?parent=147"}],"curies":[{"name":"wp","href":"https:\/\/api.w.org\/{rel}","templated":true}]}}