{"id":2,"date":"2011-09-07T09:28:43","date_gmt":"2011-09-07T09:28:43","guid":{"rendered":"https:\/\/krets.jagareforbundet.se\/template\/?page_id=2"},"modified":"2026-03-09T21:18:09","modified_gmt":"2026-03-09T20:18:09","slug":"exempelsida","status":"publish","type":"page","link":"https:\/\/krets.jagareforbundet.se\/knivsta\/","title":{"rendered":"Knivsta Jaktv\u00e5rdskrets"},"content":{"rendered":"<p>V\u00e4lkommen till Knivsta Jaktv\u00e5rdskrets hemsida<\/p>\n<p>Detta planeras under 2026:<\/p>\n<ul>\n<li>Viltsp\u00e5rtr\u00e4ning se under nyheter och evenemang.<\/li>\n<li>KM i Viltsp\u00e5r \u00e4r prelimin\u00e4rt den 23\/5.<\/li>\n<li>Under \u00e5ret kommer Knivsta JVK att f\u00f6rs\u00f6ka s\u00e4tta samman en grupp f\u00f6r skyddsjakt. Mer information kommer under april-maj.<\/li>\n<\/ul>\n<p>F\u00f6r mer information se under evenemang.<\/p>\n<p>Bli medlem i j\u00e4garf\u00f6rbundet<\/p>\n<p><a href=\"https:\/\/blimedlem.jagareforbundet.se\/\">Bli medlem &#8211; Svenska J\u00e4garef\u00f6rbundet<\/a><\/p>\n","protected":false},"excerpt":{"rendered":"<p>V\u00e4lkommen till Knivsta Jaktv\u00e5rdskrets hemsida Detta planeras under 2026: Viltsp\u00e5rtr\u00e4ning se under nyheter och evenemang. KM i Viltsp\u00e5r \u00e4r prelimin\u00e4rt den 23\/5. Under \u00e5ret kommer Knivsta JVK att f\u00f6rs\u00f6ka s\u00e4tta samman en grupp f\u00f6r skyddsjakt. Mer information kommer under april-maj. F\u00f6r mer information se under evenemang. Bli medlem i j\u00e4garf\u00f6rbundet Bli medlem &#8211; Svenska J\u00e4garef\u00f6rbundet<\/p>\n","protected":false},"author":3,"featured_media":410,"parent":0,"menu_order":0,"comment_status":"open","ping_status":"open","template":"","meta":{"footnotes":""},"class_list":["post-2","page","type-page","status-publish","has-post-thumbnail","hentry"],"_links":{"self":[{"href":"https:\/\/krets.jagareforbundet.se\/knivsta\/wp-json\/wp\/v2\/pages\/2","targetHints":{"allow":["GET"]}}],"collection":[{"href":"https:\/\/krets.jagareforbundet.se\/knivsta\/wp-json\/wp\/v2\/pages"}],"about":[{"href":"https:\/\/krets.jagareforbundet.se\/knivsta\/wp-json\/wp\/v2\/types\/page"}],"author":[{"embeddable":true,"href":"https:\/\/krets.jagareforbundet.se\/knivsta\/wp-json\/wp\/v2\/users\/3"}],"replies":[{"embeddable":true,"href":"https:\/\/krets.jagareforbundet.se\/knivsta\/wp-json\/wp\/v2\/comments?post=2"}],"version-history":[{"count":3,"href":"https:\/\/krets.jagareforbundet.se\/knivsta\/wp-json\/wp\/v2\/pages\/2\/revisions"}],"predecessor-version":[{"id":455,"href":"https:\/\/krets.jagareforbundet.se\/knivsta\/wp-json\/wp\/v2\/pages\/2\/revisions\/455"}],"wp:featuredmedia":[{"embeddable":true,"href":"https:\/\/krets.jagareforbundet.se\/knivsta\/wp-json\/wp\/v2\/media\/410"}],"wp:attachment":[{"href":"https:\/\/krets.jagareforbundet.se\/knivsta\/wp-json\/wp\/v2\/media?parent=2"}],"curies":[{"name":"wp","href":"https:\/\/api.w.org\/{rel}","templated":true}]}}