{"id":209,"date":"2023-04-02T12:00:06","date_gmt":"2023-04-02T10:00:06","guid":{"rendered":"https:\/\/krets.jagareforbundet.se\/knivsta\/?page_id=209"},"modified":"2026-04-19T12:37:07","modified_gmt":"2026-04-19T10:37:07","slug":"verksamhetsplan-2023","status":"publish","type":"page","link":"https:\/\/krets.jagareforbundet.se\/knivsta\/verksamhetsplan-2023\/","title":{"rendered":"Verksamhetsplan 2026"},"content":{"rendered":"<p>Aktiviteter<\/p>\n<ul>\n<li>Efters\u00f6kstr\u00e4ning f\u00f6r efters\u00f6ksekipage.<\/li>\n<li>Lerduveskytte i samverkan med Knivstaortens jaktskytteklubb.<\/li>\n<li>KM Skytte samt KM efters\u00f6k.<\/li>\n<\/ul>\n<p><em>Fler aktiviteter kan tillkomma under \u00e5ret, mer information kommer.\u00a0<\/em><\/p>\n<p>&nbsp;<\/p>\n<p>&nbsp;<\/p>\n","protected":false},"excerpt":{"rendered":"<p>Aktiviteter Efters\u00f6kstr\u00e4ning f\u00f6r efters\u00f6ksekipage. Lerduveskytte i samverkan med Knivstaortens jaktskytteklubb. KM Skytte samt KM efters\u00f6k. Fler aktiviteter kan tillkomma under \u00e5ret, mer information kommer.\u00a0 &nbsp; &nbsp;<\/p>\n","protected":false},"author":292,"featured_media":0,"parent":0,"menu_order":0,"comment_status":"closed","ping_status":"closed","template":"","meta":{"footnotes":""},"class_list":["post-209","page","type-page","status-publish","hentry"],"_links":{"self":[{"href":"https:\/\/krets.jagareforbundet.se\/knivsta\/wp-json\/wp\/v2\/pages\/209","targetHints":{"allow":["GET"]}}],"collection":[{"href":"https:\/\/krets.jagareforbundet.se\/knivsta\/wp-json\/wp\/v2\/pages"}],"about":[{"href":"https:\/\/krets.jagareforbundet.se\/knivsta\/wp-json\/wp\/v2\/types\/page"}],"author":[{"embeddable":true,"href":"https:\/\/krets.jagareforbundet.se\/knivsta\/wp-json\/wp\/v2\/users\/292"}],"replies":[{"embeddable":true,"href":"https:\/\/krets.jagareforbundet.se\/knivsta\/wp-json\/wp\/v2\/comments?post=209"}],"version-history":[{"count":3,"href":"https:\/\/krets.jagareforbundet.se\/knivsta\/wp-json\/wp\/v2\/pages\/209\/revisions"}],"predecessor-version":[{"id":471,"href":"https:\/\/krets.jagareforbundet.se\/knivsta\/wp-json\/wp\/v2\/pages\/209\/revisions\/471"}],"wp:attachment":[{"href":"https:\/\/krets.jagareforbundet.se\/knivsta\/wp-json\/wp\/v2\/media?parent=209"}],"curies":[{"name":"wp","href":"https:\/\/api.w.org\/{rel}","templated":true}]}}