{"id":366,"date":"2025-04-02T21:35:22","date_gmt":"2025-04-02T19:35:22","guid":{"rendered":"https:\/\/krets.jagareforbundet.se\/knivsta\/?page_id=366"},"modified":"2026-04-19T12:29:50","modified_gmt":"2026-04-19T10:29:50","slug":"skytte","status":"publish","type":"page","link":"https:\/\/krets.jagareforbundet.se\/knivsta\/skytte\/","title":{"rendered":"Skytte"},"content":{"rendered":"<p>J\u00e4garf\u00f6rbundet samverkar med Knivstaortens jaktskytteklubb.<\/p>\n<p>Klubben har facebooksida.<\/p>\n<p><a href=\"https:\/\/krets.jagareforbundet.se\/knivsta\/files\/2026\/03\/Skjutprogram-2026.pdf\">Skjutprogram-2026<\/a><\/p>\n<p>Banan hittar du p\u00e5 v\u00e4g 77 mot Rimbo efter Spakbacken d\u00e4r man sv\u00e4nger v\u00e4nster mot \u00d6stuna och forts\u00e4tter 400-500m och tar h\u00f6ger mot Risberga. Forts\u00e4tt mot Risberga tills du kommer fram till en skylt p\u00e5 v\u00e4nster sida som det st\u00e5r skjutbana p\u00e5. K\u00f6r ca 500m s\u00e5 \u00e4r du framme.<\/p>\n","protected":false},"excerpt":{"rendered":"<p>J\u00e4garf\u00f6rbundet samverkar med Knivstaortens jaktskytteklubb. Klubben har facebooksida. Skjutprogram-2026 Banan hittar du p\u00e5 v\u00e4g 77 mot Rimbo efter Spakbacken d\u00e4r man sv\u00e4nger v\u00e4nster mot \u00d6stuna och forts\u00e4tter 400-500m och tar h\u00f6ger mot Risberga. Forts\u00e4tt mot Risberga tills du kommer fram till en skylt p\u00e5 v\u00e4nster sida som det st\u00e5r skjutbana p\u00e5. K\u00f6r ca 500m s\u00e5 [&hellip;]<\/p>\n","protected":false},"author":292,"featured_media":462,"parent":0,"menu_order":0,"comment_status":"closed","ping_status":"closed","template":"","meta":{"footnotes":""},"class_list":["post-366","page","type-page","status-publish","has-post-thumbnail","hentry"],"_links":{"self":[{"href":"https:\/\/krets.jagareforbundet.se\/knivsta\/wp-json\/wp\/v2\/pages\/366","targetHints":{"allow":["GET"]}}],"collection":[{"href":"https:\/\/krets.jagareforbundet.se\/knivsta\/wp-json\/wp\/v2\/pages"}],"about":[{"href":"https:\/\/krets.jagareforbundet.se\/knivsta\/wp-json\/wp\/v2\/types\/page"}],"author":[{"embeddable":true,"href":"https:\/\/krets.jagareforbundet.se\/knivsta\/wp-json\/wp\/v2\/users\/292"}],"replies":[{"embeddable":true,"href":"https:\/\/krets.jagareforbundet.se\/knivsta\/wp-json\/wp\/v2\/comments?post=366"}],"version-history":[{"count":4,"href":"https:\/\/krets.jagareforbundet.se\/knivsta\/wp-json\/wp\/v2\/pages\/366\/revisions"}],"predecessor-version":[{"id":470,"href":"https:\/\/krets.jagareforbundet.se\/knivsta\/wp-json\/wp\/v2\/pages\/366\/revisions\/470"}],"wp:featuredmedia":[{"embeddable":true,"href":"https:\/\/krets.jagareforbundet.se\/knivsta\/wp-json\/wp\/v2\/media\/462"}],"wp:attachment":[{"href":"https:\/\/krets.jagareforbundet.se\/knivsta\/wp-json\/wp\/v2\/media?parent=366"}],"curies":[{"name":"wp","href":"https:\/\/api.w.org\/{rel}","templated":true}]}}