{"id":402,"date":"2025-11-18T20:22:58","date_gmt":"2025-11-18T19:22:58","guid":{"rendered":"https:\/\/krets.jagareforbundet.se\/knivsta\/?page_id=402"},"modified":"2025-11-30T20:37:02","modified_gmt":"2025-11-30T19:37:02","slug":"eftersokshund","status":"publish","type":"page","link":"https:\/\/krets.jagareforbundet.se\/knivsta\/eftersokshund\/","title":{"rendered":"Efters\u00f6kshund"},"content":{"rendered":"<table width=\"967\">\n<tbody>\n<tr>\n<td width=\"110\">Namn<\/td>\n<td width=\"98\">Mobilnr:<\/td>\n<td width=\"210\">Mail<\/td>\n<td width=\"115\">Utg\u00e5r fr\u00e5n<\/td>\n<td width=\"168\">Hund<\/td>\n<td width=\"266\">Sp\u00e5rar<\/td>\n<\/tr>\n<tr>\n<td>Pontus Smeds<\/td>\n<td>070-351 4022<\/td>\n<td>smeds.pontus@hotmail.com<\/td>\n<td>\u00d6stuna<\/td>\n<td>Laika<\/td>\n<td>\u00c4lg, Gris<\/td>\n<\/tr>\n<tr>\n<td>Niklas Str\u00f6mb\u00e4ck<\/td>\n<td>072-188 8215<\/td>\n<td>nikstr112@hotmail.com<\/td>\n<td>Knivsta<\/td>\n<td>Wachtel<\/td>\n<td>Kl\u00f6vvilt<\/td>\n<\/tr>\n<tr>\n<td>Jerry Andersson<\/td>\n<td>070-585 5155<\/td>\n<td>jerry@gamlauppsalasnickeri.se<\/td>\n<td>Centrala Uppsala<\/td>\n<td>Gr\u00e5wachtel\u00a0 &#8221;St\u00e4llande&#8221;<\/td>\n<td>Allt<\/td>\n<\/tr>\n<tr>\n<td>Lars Kylin<\/td>\n<td>070-377 2078<\/td>\n<td>lars.kylin@gmail.com<\/td>\n<td>Alsike<\/td>\n<td>Foxterrier<\/td>\n<td>Fr\u00e4mst R\u00e5djur men \u00e4ven \u00e4lg och vildsvin<\/td>\n<\/tr>\n<tr>\n<td>Fredrik Slotthus<\/td>\n<td>070-264 7940<\/td>\n<td>slothus-42@hotmail.com<\/td>\n<td>Lagga<\/td>\n<td><\/td>\n<td>\u00c4lg, Gris<\/td>\n<\/tr>\n<tr>\n<td>H\u00e5kan Eriksson<\/td>\n<td><\/td>\n<td><a href=\"mailto:hakanero75@gmail.com\">hakanero75@gmail.com<\/a><\/td>\n<td>Olunda<\/td>\n<td>KLM Kleiner Munsterl\u00e4nder<\/td>\n<td>Vildsvin<\/td>\n<\/tr>\n<tr>\n<td>Marcus Eriksson<\/td>\n<td>0733-394610<\/td>\n<td><a href=\"mailto:krummas@gmail.com\">krummas@gmail.com<\/a><\/td>\n<td>Alsike<\/td>\n<td>Bayersk Vilts\u00e5rhund<\/td>\n<td>R\u00e5djur<\/td>\n<\/tr>\n<\/tbody>\n<\/table>\n","protected":false},"excerpt":{"rendered":"<p>Namn Mobilnr: Mail Utg\u00e5r fr\u00e5n Hund Sp\u00e5rar Pontus Smeds 070-351 4022 smeds.pontus@hotmail.com \u00d6stuna Laika \u00c4lg, Gris Niklas Str\u00f6mb\u00e4ck 072-188 8215 nikstr112@hotmail.com Knivsta Wachtel Kl\u00f6vvilt Jerry Andersson 070-585 5155 jerry@gamlauppsalasnickeri.se Centrala Uppsala Gr\u00e5wachtel\u00a0 &#8221;St\u00e4llande&#8221; Allt Lars Kylin 070-377 2078 lars.kylin@gmail.com Alsike Foxterrier Fr\u00e4mst R\u00e5djur men \u00e4ven \u00e4lg och vildsvin Fredrik Slotthus 070-264 7940 slothus-42@hotmail.com Lagga \u00c4lg, [&hellip;]<\/p>\n","protected":false},"author":292,"featured_media":0,"parent":0,"menu_order":0,"comment_status":"closed","ping_status":"closed","template":"","meta":{"footnotes":""},"class_list":["post-402","page","type-page","status-publish","hentry"],"_links":{"self":[{"href":"https:\/\/krets.jagareforbundet.se\/knivsta\/wp-json\/wp\/v2\/pages\/402","targetHints":{"allow":["GET"]}}],"collection":[{"href":"https:\/\/krets.jagareforbundet.se\/knivsta\/wp-json\/wp\/v2\/pages"}],"about":[{"href":"https:\/\/krets.jagareforbundet.se\/knivsta\/wp-json\/wp\/v2\/types\/page"}],"author":[{"embeddable":true,"href":"https:\/\/krets.jagareforbundet.se\/knivsta\/wp-json\/wp\/v2\/users\/292"}],"replies":[{"embeddable":true,"href":"https:\/\/krets.jagareforbundet.se\/knivsta\/wp-json\/wp\/v2\/comments?post=402"}],"version-history":[{"count":4,"href":"https:\/\/krets.jagareforbundet.se\/knivsta\/wp-json\/wp\/v2\/pages\/402\/revisions"}],"predecessor-version":[{"id":417,"href":"https:\/\/krets.jagareforbundet.se\/knivsta\/wp-json\/wp\/v2\/pages\/402\/revisions\/417"}],"wp:attachment":[{"href":"https:\/\/krets.jagareforbundet.se\/knivsta\/wp-json\/wp\/v2\/media?parent=402"}],"curies":[{"name":"wp","href":"https:\/\/api.w.org\/{rel}","templated":true}]}}