{"id":482,"date":"2026-05-04T21:43:07","date_gmt":"2026-05-04T19:43:07","guid":{"rendered":"https:\/\/krets.jagareforbundet.se\/knivsta\/?page_id=482"},"modified":"2026-05-04T21:48:08","modified_gmt":"2026-05-04T19:48:08","slug":"skyddsjaktgrupp","status":"publish","type":"page","link":"https:\/\/krets.jagareforbundet.se\/knivsta\/skyddsjaktgrupp\/","title":{"rendered":"Skyddsjaktgrupp"},"content":{"rendered":"<p><a href=\"https:\/\/krets.jagareforbundet.se\/knivsta\/files\/2026\/05\/skyddsjakt.jpg\"><img loading=\"lazy\" decoding=\"async\" class=\"alignnone size-medium wp-image-486\" src=\"https:\/\/krets.jagareforbundet.se\/knivsta\/files\/2026\/05\/skyddsjakt-300x204.jpg\" alt=\"\" width=\"300\" height=\"204\" srcset=\"https:\/\/krets.jagareforbundet.se\/knivsta\/files\/2026\/05\/skyddsjakt-300x204.jpg 300w, https:\/\/krets.jagareforbundet.se\/knivsta\/files\/2026\/05\/skyddsjakt-1024x696.jpg 1024w, https:\/\/krets.jagareforbundet.se\/knivsta\/files\/2026\/05\/skyddsjakt-768x522.jpg 768w, https:\/\/krets.jagareforbundet.se\/knivsta\/files\/2026\/05\/skyddsjakt.jpg 1070w\" sizes=\"auto, (max-width: 300px) 100vw, 300px\" \/><\/a><\/p>\n<p>J\u00e4garef\u00f6rbundet Knivsta \u00e4r ig\u00e5ng med att s\u00e4tta ihop en grupp j\u00e4gare som kan erbjuda sina tj\u00e4nster f\u00f6r mark\u00e4gare som \u00e4r i behov av olika typer av skyddsjakt. \u00c4r du intresserad av att ing\u00e5 i en s\u00e5dan grupp s\u00e5 h\u00f6r du av dig till Pontus Smeds p\u00e5 telefonnummer 070-351 40 22 eller mail smeds.pontus@hotmail.com.<\/p>\n","protected":false},"excerpt":{"rendered":"<p>J\u00e4garef\u00f6rbundet Knivsta \u00e4r ig\u00e5ng med att s\u00e4tta ihop en grupp j\u00e4gare som kan erbjuda sina tj\u00e4nster f\u00f6r mark\u00e4gare som \u00e4r i behov av olika typer av skyddsjakt. \u00c4r du intresserad av att ing\u00e5 i en s\u00e5dan grupp s\u00e5 h\u00f6r du av dig till Pontus Smeds p\u00e5 telefonnummer 070-351 40 22 eller mail smeds.pontus@hotmail.com.<\/p>\n","protected":false},"author":292,"featured_media":0,"parent":0,"menu_order":0,"comment_status":"closed","ping_status":"closed","template":"","meta":{"footnotes":""},"class_list":["post-482","page","type-page","status-publish","hentry"],"_links":{"self":[{"href":"https:\/\/krets.jagareforbundet.se\/knivsta\/wp-json\/wp\/v2\/pages\/482","targetHints":{"allow":["GET"]}}],"collection":[{"href":"https:\/\/krets.jagareforbundet.se\/knivsta\/wp-json\/wp\/v2\/pages"}],"about":[{"href":"https:\/\/krets.jagareforbundet.se\/knivsta\/wp-json\/wp\/v2\/types\/page"}],"author":[{"embeddable":true,"href":"https:\/\/krets.jagareforbundet.se\/knivsta\/wp-json\/wp\/v2\/users\/292"}],"replies":[{"embeddable":true,"href":"https:\/\/krets.jagareforbundet.se\/knivsta\/wp-json\/wp\/v2\/comments?post=482"}],"version-history":[{"count":3,"href":"https:\/\/krets.jagareforbundet.se\/knivsta\/wp-json\/wp\/v2\/pages\/482\/revisions"}],"predecessor-version":[{"id":487,"href":"https:\/\/krets.jagareforbundet.se\/knivsta\/wp-json\/wp\/v2\/pages\/482\/revisions\/487"}],"wp:attachment":[{"href":"https:\/\/krets.jagareforbundet.se\/knivsta\/wp-json\/wp\/v2\/media?parent=482"}],"curies":[{"name":"wp","href":"https:\/\/api.w.org\/{rel}","templated":true}]}}