{"id":146,"date":"2014-03-13T19:29:36","date_gmt":"2014-03-13T18:29:36","guid":{"rendered":"https:\/\/krets.jagareforbundet.se\/kungsbacka\/?page_id=146"},"modified":"2026-02-16T16:36:08","modified_gmt":"2026-02-16T15:36:08","slug":"medlem","status":"publish","type":"page","link":"https:\/\/krets.jagareforbundet.se\/kungsbacka\/medlem\/","title":{"rendered":"Medlem"},"content":{"rendered":"<p><strong>\u00c4r du intresserad av natur, viltv\u00e5rd, hundar och jakt s\u00e5 \u00e4r det ett sj\u00e4lvklart val att vara medlem i J\u00e4garef\u00f6rbundet Kungsbacka.<br \/>\n<\/strong>Hos oss hittar du gemenskapen, f\u00f6rs\u00e4kringarna, r\u00e5dgivningen, de st\u00f6rsta jakttidningarna, utbildningen och m\u00e5nga andra f\u00f6rm\u00e5ner. Om du inte redan \u00e4r medlem s\u00e5 g\u00e5 med i v\u00e5rt f\u00f6rbund. Det b\u00e5de l\u00f6nar sig och \u00e4r en bra b\u00f6rjan p\u00e5 m\u00e5nga kommande jaktupplevelser.<\/p>\n<p><strong>Gemenskap<\/strong><br \/>\nHos oss i Kungsbackakretsen finns idag n\u00e4ra 1.200 trevliga jaktkamrater att stifta bekantskap med.<br \/>\nAnm\u00e4l dig redan nu\u2013 bli medlem redan nu! <a href=\"http:\/\/jagareforbundet.se\/bli-medlem\/bli-medlem\/\">MEDLEM<\/a> <strong>Gl\u00f6m inte ange krets 1227 Kungsbacka Jaktv\u00e5rdskrets.<\/strong><br \/>\nHela J\u00e4garef\u00f6rbundet ca. 200 000 medlemmar. Tv\u00e5 av tre j\u00e4gare \u00e4r medlemmar i J\u00e4garef\u00f6rbundet.<\/p>\n<p>Har du fr\u00e5gor maila\u00a0n\u00e5gon i styrelsen!<\/p>\n<p><strong>Allt p\u00e5 ett kort<br \/>\n<\/strong>Svensk Jakt Sveriges st\u00f6rsta och mest l\u00e4sta jakttidning varje m\u00e5nad. Dessutom f\u00e5r du en extra nyhetstidning med information om lokala h\u00e4ndelser och m\u00e5nga intressanta annonser en g\u00e5ng i m\u00e5naden.\u00a0Vill du radannonsera i <a href=\"http:\/\/svenskjakt.se\/\"><strong>Svensk jakt <\/strong><\/a>eller p\u00e5 v\u00e5r webbplats s\u00e5 \u00e4r det gratis.<\/p>\n","protected":false},"excerpt":{"rendered":"<p>\u00c4r du intresserad av natur, viltv\u00e5rd, hundar och jakt s\u00e5 \u00e4r det ett sj\u00e4lvklart val att vara medlem i J\u00e4garef\u00f6rbundet Kungsbacka. Hos oss hittar du gemenskapen, f\u00f6rs\u00e4kringarna, r\u00e5dgivningen, de st\u00f6rsta jakttidningarna, utbildningen och m\u00e5nga andra f\u00f6rm\u00e5ner. Om du inte redan \u00e4r medlem s\u00e5 g\u00e5 med i v\u00e5rt f\u00f6rbund. Det b\u00e5de l\u00f6nar sig och \u00e4r en [&hellip;]<\/p>\n","protected":false},"author":166,"featured_media":0,"parent":0,"menu_order":0,"comment_status":"open","ping_status":"open","template":"","meta":{"footnotes":""},"class_list":["post-146","page","type-page","status-publish","hentry"],"_links":{"self":[{"href":"https:\/\/krets.jagareforbundet.se\/kungsbacka\/wp-json\/wp\/v2\/pages\/146","targetHints":{"allow":["GET"]}}],"collection":[{"href":"https:\/\/krets.jagareforbundet.se\/kungsbacka\/wp-json\/wp\/v2\/pages"}],"about":[{"href":"https:\/\/krets.jagareforbundet.se\/kungsbacka\/wp-json\/wp\/v2\/types\/page"}],"author":[{"embeddable":true,"href":"https:\/\/krets.jagareforbundet.se\/kungsbacka\/wp-json\/wp\/v2\/users\/166"}],"replies":[{"embeddable":true,"href":"https:\/\/krets.jagareforbundet.se\/kungsbacka\/wp-json\/wp\/v2\/comments?post=146"}],"version-history":[{"count":1,"href":"https:\/\/krets.jagareforbundet.se\/kungsbacka\/wp-json\/wp\/v2\/pages\/146\/revisions"}],"predecessor-version":[{"id":1069,"href":"https:\/\/krets.jagareforbundet.se\/kungsbacka\/wp-json\/wp\/v2\/pages\/146\/revisions\/1069"}],"wp:attachment":[{"href":"https:\/\/krets.jagareforbundet.se\/kungsbacka\/wp-json\/wp\/v2\/media?parent=146"}],"curies":[{"name":"wp","href":"https:\/\/api.w.org\/{rel}","templated":true}]}}