{"id":147,"date":"2014-03-13T19:31:58","date_gmt":"2014-03-13T18:31:58","guid":{"rendered":"https:\/\/krets.jagareforbundet.se\/kungsbacka\/?page_id=147"},"modified":"2024-01-11T15:43:27","modified_gmt":"2024-01-11T14:43:27","slug":"ungdom","status":"publish","type":"page","link":"https:\/\/krets.jagareforbundet.se\/kungsbacka\/ungdom\/","title":{"rendered":"Ungdom"},"content":{"rendered":"<p>Sedan ett par \u00e5r tillbaka har Kungsbacka Jaktv\u00e5rdskrets h\u00e5llit ungdoms och nyj\u00e4garjakter. Vi anordnar \u00e4ven skyttekv\u00e4llar, f\u00e5gelholksbyggen med St\u00e4ttareds 4H-g\u00e5rd och tipsar om aktuella utbildningar f\u00f6r den jaktintresserade.<\/p>\n<p>Intresset f\u00f6r jakt bland ungdomar kan ofta vara st\u00f6rre \u00e4n m\u00f6jligheterna till jakt f\u00f6r ungdomar. V\u00e5r krets kan erbjuda ett flertal tillf\u00e4llen f\u00f6r jaktintresserade s\u00e5 intresset kan forts\u00e4tta! Tveka inte att h\u00f6ra av dig till n\u00e5gon utav ledam\u00f6terna i kretsen.<\/p>\n<p>Intresse till jakter anm\u00e4ls fr\u00e4mst till Lennart Andersson per telefon; 0702-26 55 17 eller e-post; silverravenlennart@hotmail.com<\/p>\n<p>F\u00f6r info om ungdomsverksamhet generellt kan ni h\u00f6ra av er till Simon Nissen p\u00e5 0735-14 09 36 eller nissensimonn@gmail.com<\/p>\n","protected":false},"excerpt":{"rendered":"<p>Sedan ett par \u00e5r tillbaka har Kungsbacka Jaktv\u00e5rdskrets h\u00e5llit ungdoms och nyj\u00e4garjakter. Vi anordnar \u00e4ven skyttekv\u00e4llar, f\u00e5gelholksbyggen med St\u00e4ttareds 4H-g\u00e5rd och tipsar om aktuella utbildningar f\u00f6r den jaktintresserade. Intresset f\u00f6r jakt bland ungdomar kan ofta vara st\u00f6rre \u00e4n m\u00f6jligheterna till jakt f\u00f6r ungdomar. V\u00e5r krets kan erbjuda ett flertal tillf\u00e4llen f\u00f6r jaktintresserade s\u00e5 intresset kan [&hellip;]<\/p>\n","protected":false},"author":166,"featured_media":0,"parent":0,"menu_order":0,"comment_status":"open","ping_status":"open","template":"","meta":{"footnotes":""},"class_list":["post-147","page","type-page","status-publish","hentry"],"_links":{"self":[{"href":"https:\/\/krets.jagareforbundet.se\/kungsbacka\/wp-json\/wp\/v2\/pages\/147","targetHints":{"allow":["GET"]}}],"collection":[{"href":"https:\/\/krets.jagareforbundet.se\/kungsbacka\/wp-json\/wp\/v2\/pages"}],"about":[{"href":"https:\/\/krets.jagareforbundet.se\/kungsbacka\/wp-json\/wp\/v2\/types\/page"}],"author":[{"embeddable":true,"href":"https:\/\/krets.jagareforbundet.se\/kungsbacka\/wp-json\/wp\/v2\/users\/166"}],"replies":[{"embeddable":true,"href":"https:\/\/krets.jagareforbundet.se\/kungsbacka\/wp-json\/wp\/v2\/comments?post=147"}],"version-history":[{"count":3,"href":"https:\/\/krets.jagareforbundet.se\/kungsbacka\/wp-json\/wp\/v2\/pages\/147\/revisions"}],"predecessor-version":[{"id":943,"href":"https:\/\/krets.jagareforbundet.se\/kungsbacka\/wp-json\/wp\/v2\/pages\/147\/revisions\/943"}],"wp:attachment":[{"href":"https:\/\/krets.jagareforbundet.se\/kungsbacka\/wp-json\/wp\/v2\/media?parent=147"}],"curies":[{"name":"wp","href":"https:\/\/api.w.org\/{rel}","templated":true}]}}