{"id":186,"date":"2014-04-11T11:05:36","date_gmt":"2014-04-11T09:05:36","guid":{"rendered":"https:\/\/krets.jagareforbundet.se\/kungsbacka\/?page_id=186"},"modified":"2014-04-14T10:19:03","modified_gmt":"2014-04-14T08:19:03","slug":"skytte","status":"publish","type":"page","link":"https:\/\/krets.jagareforbundet.se\/kungsbacka\/skytte\/","title":{"rendered":"Skytte"},"content":{"rendered":"<p>Tr\u00e4ning f\u00f6r j\u00e4garexamens elever och Junior tr\u00e4ning p\u00e5 Sportinbanan<\/p>\n<p>&nbsp;<\/p>\n<p><a href=\"https:\/\/krets.jagareforbundet.se\/kungsbacka\/files\/2014\/04\/sport-3.jpg\"><img loading=\"lazy\" decoding=\"async\" class=\"alignnone size-medium wp-image-189\" alt=\"sport 3\" src=\"https:\/\/krets.jagareforbundet.se\/kungsbacka\/files\/2014\/04\/sport-3-300x225.jpg\" width=\"300\" height=\"225\" srcset=\"https:\/\/krets.jagareforbundet.se\/kungsbacka\/files\/2014\/04\/sport-3-300x225.jpg 300w, https:\/\/krets.jagareforbundet.se\/kungsbacka\/files\/2014\/04\/sport-3.jpg 640w\" sizes=\"auto, (max-width: 300px) 100vw, 300px\" \/><\/a> <a href=\"https:\/\/krets.jagareforbundet.se\/kungsbacka\/files\/2014\/04\/sportingbanan21.jpg\"><img loading=\"lazy\" decoding=\"async\" class=\"alignnone size-medium wp-image-190\" alt=\"sportingbanan2\" src=\"https:\/\/krets.jagareforbundet.se\/kungsbacka\/files\/2014\/04\/sportingbanan21-300x225.jpg\" width=\"300\" height=\"225\" srcset=\"https:\/\/krets.jagareforbundet.se\/kungsbacka\/files\/2014\/04\/sportingbanan21-300x225.jpg 300w, https:\/\/krets.jagareforbundet.se\/kungsbacka\/files\/2014\/04\/sportingbanan21.jpg 640w\" sizes=\"auto, (max-width: 300px) 100vw, 300px\" \/><\/a><a href=\"https:\/\/krets.jagareforbundet.se\/kungsbacka\/files\/2014\/04\/Sportingbanan.jpg\"><img loading=\"lazy\" decoding=\"async\" class=\"alignnone size-medium wp-image-187\" alt=\"OLYMPUS DIGITAL CAMERA\" src=\"https:\/\/krets.jagareforbundet.se\/kungsbacka\/files\/2014\/04\/Sportingbanan-300x224.jpg\" width=\"300\" height=\"224\" srcset=\"https:\/\/krets.jagareforbundet.se\/kungsbacka\/files\/2014\/04\/Sportingbanan-300x224.jpg 300w, https:\/\/krets.jagareforbundet.se\/kungsbacka\/files\/2014\/04\/Sportingbanan-1024x766.jpg 1024w, https:\/\/krets.jagareforbundet.se\/kungsbacka\/files\/2014\/04\/Sportingbanan.jpg 1280w\" sizes=\"auto, (max-width: 300px) 100vw, 300px\" \/><\/a><a href=\"https:\/\/krets.jagareforbundet.se\/kungsbacka\/files\/2014\/04\/sportingbanan2.jpg\"><img loading=\"lazy\" decoding=\"async\" class=\"alignnone size-medium wp-image-188\" alt=\"sportingbanan2\" src=\"https:\/\/krets.jagareforbundet.se\/kungsbacka\/files\/2014\/04\/sportingbanan2-300x222.jpg\" width=\"300\" height=\"222\" srcset=\"https:\/\/krets.jagareforbundet.se\/kungsbacka\/files\/2014\/04\/sportingbanan2-300x222.jpg 300w, https:\/\/krets.jagareforbundet.se\/kungsbacka\/files\/2014\/04\/sportingbanan2.jpg 640w\" sizes=\"auto, (max-width: 300px) 100vw, 300px\" \/><\/a><\/p>\n","protected":false},"excerpt":{"rendered":"<p>Tr\u00e4ning f\u00f6r j\u00e4garexamens elever och Junior tr\u00e4ning p\u00e5 Sportinbanan &nbsp;<\/p>\n","protected":false},"author":200,"featured_media":0,"parent":0,"menu_order":0,"comment_status":"open","ping_status":"open","template":"","meta":{"footnotes":""},"class_list":["post-186","page","type-page","status-publish","hentry"],"_links":{"self":[{"href":"https:\/\/krets.jagareforbundet.se\/kungsbacka\/wp-json\/wp\/v2\/pages\/186","targetHints":{"allow":["GET"]}}],"collection":[{"href":"https:\/\/krets.jagareforbundet.se\/kungsbacka\/wp-json\/wp\/v2\/pages"}],"about":[{"href":"https:\/\/krets.jagareforbundet.se\/kungsbacka\/wp-json\/wp\/v2\/types\/page"}],"author":[{"embeddable":true,"href":"https:\/\/krets.jagareforbundet.se\/kungsbacka\/wp-json\/wp\/v2\/users\/200"}],"replies":[{"embeddable":true,"href":"https:\/\/krets.jagareforbundet.se\/kungsbacka\/wp-json\/wp\/v2\/comments?post=186"}],"version-history":[{"count":0,"href":"https:\/\/krets.jagareforbundet.se\/kungsbacka\/wp-json\/wp\/v2\/pages\/186\/revisions"}],"wp:attachment":[{"href":"https:\/\/krets.jagareforbundet.se\/kungsbacka\/wp-json\/wp\/v2\/media?parent=186"}],"curies":[{"name":"wp","href":"https:\/\/api.w.org\/{rel}","templated":true}]}}