{"id":193,"date":"2014-04-13T20:55:10","date_gmt":"2014-04-13T18:55:10","guid":{"rendered":"https:\/\/krets.jagareforbundet.se\/kungsbacka\/?page_id=193"},"modified":"2026-04-10T11:11:21","modified_gmt":"2026-04-10T09:11:21","slug":"moteshandlingar","status":"publish","type":"page","link":"https:\/\/krets.jagareforbundet.se\/kungsbacka\/moteshandlingar\/","title":{"rendered":"M\u00f6teshandlingar"},"content":{"rendered":"<p><a href=\"https:\/\/krets.jagareforbundet.se\/kungsbacka\/files\/2025\/03\/Kungsbacka-Jaktvardskrets-Arsmotesprotokoll-2025-02-27.pdf\">\u00c5rsm\u00f6tesprotokoll 2025, 2025-02-27<\/a><\/p>\n<p><a href=\"https:\/\/krets.jagareforbundet.se\/kungsbacka\/files\/2024\/05\/Arsstammoprotokoll-Kungsbacka-JVK-29-februari-2024.pdf\">\u00c5rsm\u00f6tesprotokoll 2024, 2024-02-29<\/a><\/p>\n<p><a href=\"https:\/\/krets.jagareforbundet.se\/kungsbacka\/files\/2024\/01\/Arsstammoprotokoll-2023-23-feb.pdf\">\u00c5rsm\u00f6tesprotokoll 2023, 2023-02-23<\/a><\/p>\n<p><a href=\"https:\/\/krets.jagareforbundet.se\/kungsbacka\/files\/2024\/01\/Arsmotesprotokoll-2022-17-feb-1.pdf\">\u00c5rsm\u00f6tesprotokoll 2022, 2022-02-17<\/a><\/p>\n<p><a href=\"https:\/\/krets.jagareforbundet.se\/kungsbacka\/files\/2024\/01\/Arsmotesprotokoll-2021-18-feb-1.pdf\">\u00c5rsm\u00f6tesprotokoll 2021, 2021-02-18<\/a><\/p>\n<p><strong>Styrelsem\u00f6ten fr\u00e5n 2024 och fram\u00e5t<\/strong><\/p>\n<p><a href=\"https:\/\/krets.jagareforbundet.se\/kungsbacka\/files\/2026\/04\/Protokoll-KBA-JVK-20260409.pdf\">Protokoll Styrelsem\u00f6te SJF 2026-04-09<\/a><\/p>\n<p><a href=\"https:\/\/krets.jagareforbundet.se\/kungsbacka\/files\/2026\/01\/Protokoll-Kungsbacka-JVK-260122.pdf\">Protokoll Styrelsem\u00f6te SJF 2026-01-22<\/a><\/p>\n<p><a href=\"https:\/\/krets.jagareforbundet.se\/kungsbacka\/files\/2025\/11\/Protokoll-Kungsbacka-JVK-251106.pdf\">Protokoll Styrelsem\u00f6te SJF 2025-11-06<\/a><\/p>\n<p><a href=\"https:\/\/krets.jagareforbundet.se\/kungsbacka\/files\/2025\/10\/Protokoll-Kba-kretsen-2025-10-02.pdf\">Protokoll Styrelsem\u00f6te SJF 2025-10-02<\/a><\/p>\n<p><a href=\"https:\/\/krets.jagareforbundet.se\/kungsbacka\/files\/2025\/08\/Protokoll-Styrelsemote-SJF-2025-08-21.docx\">Protokoll Styrelsem\u00f6te SJF-2025-08-21<\/a><\/p>\n<p><a href=\"https:\/\/krets.jagareforbundet.se\/kungsbacka\/files\/2025\/06\/Protokoll-Styrelsemote-SJF-2025-06-12.docx\">Protokoll Styrelsem\u00f6te SJF 2025-06-12<\/a><\/p>\n<p><a href=\"https:\/\/krets.jagareforbundet.se\/kungsbacka\/files\/2025\/06\/Protokoll-Styrelsemote-SJF-2025-04-03.docx\">Protokoll Styrelsem\u00f6te SJF 2025-04-03<\/a><\/p>\n<p><a href=\"https:\/\/krets.jagareforbundet.se\/kungsbacka\/files\/2025\/01\/Protokoll-Styrelsemote-2025-01-30.pdf\">Protokoll\u00a0 Styrelsemo\u0308te SJF 2025-01-30<\/a><\/p>\n<p><a href=\"https:\/\/krets.jagareforbundet.se\/kungsbacka\/files\/2024\/11\/Protokoll-Styrelsemote-SJF-2024-11-07.pdf\">Protokoll Styrelsem\u00f6te SJF 2024-11-07<\/a><\/p>\n<p><a href=\"https:\/\/krets.jagareforbundet.se\/kungsbacka\/files\/2024\/10\/Protokoll-Styrelsemote-2024-09-26.pdf\">Protokoll Styrelsemo\u0308te SJF 2024-09-26<\/a><\/p>\n<p><a href=\"https:\/\/krets.jagareforbundet.se\/kungsbacka\/files\/2024\/08\/Protokoll-Styrelsemote-2024-08-13-Stattared.docx\">Protokoll Styrelsem\u00f6te SJF 2024-08-13 <\/a><\/p>\n<p><a href=\"https:\/\/krets.jagareforbundet.se\/kungsbacka\/files\/2024\/06\/Protokoll-Styrelsemote-2024-05-28.pdf\">Protokoll Styrelsem\u00f6te SJF 2024-05-28<\/a><\/p>\n<p><a href=\"https:\/\/krets.jagareforbundet.se\/kungsbacka\/files\/2024\/04\/Protokoll-styrelsemote-2024-04-23.pdf\">Protokoll styrelsemote SJF 2024-04-23<\/a><\/p>\n<p><a href=\"https:\/\/krets.jagareforbundet.se\/kungsbacka\/files\/2024\/03\/Protokoll-styrelsemote-2024-03-19.pdf\">Protokoll styrelsem\u00f6te SJF 2024-03-19<\/a><\/p>\n<p><a href=\"https:\/\/krets.jagareforbundet.se\/kungsbacka\/files\/2024\/03\/Konstituerande-protokoll-29_2.pdf\">Protokoll styrelsem\u00f6te SJF, konstituerande 2024-02-29<\/a><\/p>\n<p><a href=\"https:\/\/krets.jagareforbundet.se\/kungsbacka\/files\/2024\/01\/Protokoll-styrelsemote-2024-01-11.pdf\">Protokoll styrelsem\u00f6te SJF 2024-01-11<\/a><\/p>\n","protected":false},"excerpt":{"rendered":"<p>\u00c5rsm\u00f6tesprotokoll 2025, 2025-02-27 \u00c5rsm\u00f6tesprotokoll 2024, 2024-02-29 \u00c5rsm\u00f6tesprotokoll 2023, 2023-02-23 \u00c5rsm\u00f6tesprotokoll 2022, 2022-02-17 \u00c5rsm\u00f6tesprotokoll 2021, 2021-02-18 Styrelsem\u00f6ten fr\u00e5n 2024 och fram\u00e5t Protokoll Styrelsem\u00f6te SJF 2026-04-09 Protokoll Styrelsem\u00f6te SJF 2026-01-22 Protokoll Styrelsem\u00f6te SJF 2025-11-06 Protokoll Styrelsem\u00f6te SJF 2025-10-02 Protokoll Styrelsem\u00f6te SJF-2025-08-21 Protokoll Styrelsem\u00f6te SJF 2025-06-12 Protokoll Styrelsem\u00f6te SJF 2025-04-03 Protokoll\u00a0 Styrelsemo\u0308te SJF 2025-01-30 Protokoll Styrelsem\u00f6te SJF 2024-11-07 [&hellip;]<\/p>\n","protected":false},"author":200,"featured_media":0,"parent":0,"menu_order":4,"comment_status":"open","ping_status":"open","template":"","meta":{"footnotes":""},"class_list":["post-193","page","type-page","status-publish","hentry"],"_links":{"self":[{"href":"https:\/\/krets.jagareforbundet.se\/kungsbacka\/wp-json\/wp\/v2\/pages\/193","targetHints":{"allow":["GET"]}}],"collection":[{"href":"https:\/\/krets.jagareforbundet.se\/kungsbacka\/wp-json\/wp\/v2\/pages"}],"about":[{"href":"https:\/\/krets.jagareforbundet.se\/kungsbacka\/wp-json\/wp\/v2\/types\/page"}],"author":[{"embeddable":true,"href":"https:\/\/krets.jagareforbundet.se\/kungsbacka\/wp-json\/wp\/v2\/users\/200"}],"replies":[{"embeddable":true,"href":"https:\/\/krets.jagareforbundet.se\/kungsbacka\/wp-json\/wp\/v2\/comments?post=193"}],"version-history":[{"count":3,"href":"https:\/\/krets.jagareforbundet.se\/kungsbacka\/wp-json\/wp\/v2\/pages\/193\/revisions"}],"predecessor-version":[{"id":1075,"href":"https:\/\/krets.jagareforbundet.se\/kungsbacka\/wp-json\/wp\/v2\/pages\/193\/revisions\/1075"}],"wp:attachment":[{"href":"https:\/\/krets.jagareforbundet.se\/kungsbacka\/wp-json\/wp\/v2\/media?parent=193"}],"curies":[{"name":"wp","href":"https:\/\/api.w.org\/{rel}","templated":true}]}}