{"id":2,"date":"2011-09-07T09:28:43","date_gmt":"2011-09-07T09:28:43","guid":{"rendered":"https:\/\/krets.jagareforbundet.se\/template\/?page_id=2"},"modified":"2024-01-11T16:58:21","modified_gmt":"2024-01-11T15:58:21","slug":"exempelsida","status":"publish","type":"page","link":"https:\/\/krets.jagareforbundet.se\/kungsbacka\/","title":{"rendered":"Kungsbacka JVK"},"content":{"rendered":"<p>&nbsp;<\/p>\n<p>V\u00e4lkommen till J\u00e4garef\u00f6rbundet Kungsbacka och v\u00e5r hemsida. Vi hoppas att du finner sidan informativ, trevlig och att den ger dig svar p\u00e5 alla dina fr\u00e5gor.<br \/>\nV\u00e5r m\u00e5ls\u00e4ttning \u00e4r att kunna erbjuda Dig, som j\u00e4gare, blivande j\u00e4gare eller bara jakt- och naturv\u00e5rdsintresserad, en hemsida d\u00e4r Du kan f\u00e5 reda p\u00e5 vad som h\u00e4nder och planeras i Kungsbacka kretsen.<\/p>\n<p><a href=\"https:\/\/krets.jagareforbundet.se\/kungsbacka\/files\/2011\/09\/1052.jpg\"><img loading=\"lazy\" decoding=\"async\" class=\"alignnone wp-image-232\" src=\"https:\/\/krets.jagareforbundet.se\/kungsbacka\/files\/2011\/09\/1052.jpg\" alt=\"1052\" width=\"520\" height=\"367\" srcset=\"https:\/\/krets.jagareforbundet.se\/kungsbacka\/files\/2011\/09\/1052.jpg 1500w, https:\/\/krets.jagareforbundet.se\/kungsbacka\/files\/2011\/09\/1052-300x211.jpg 300w, https:\/\/krets.jagareforbundet.se\/kungsbacka\/files\/2011\/09\/1052-1024x722.jpg 1024w\" sizes=\"auto, (max-width: 520px) 100vw, 520px\" \/><\/a><br \/>\nFoto: Kenneth Johansson<\/p>\n<h3>Samarbetspartners\u200b<\/h3>\n<table style=\"height: 611px\" width=\"623\">\n<tbody>\n<tr>\n<td style=\"text-align: center\"><a href=\"http:\/\/www.jktab.se\/\"><img loading=\"lazy\" decoding=\"async\" class=\"alignnone wp-image-929\" style=\"text-align: start\" src=\"https:\/\/krets.jagareforbundet.se\/kungsbacka\/files\/2024\/01\/logo-1.png\" alt=\"\" width=\"294\" height=\"61\" srcset=\"https:\/\/krets.jagareforbundet.se\/kungsbacka\/files\/2024\/01\/logo-1.png 484w, https:\/\/krets.jagareforbundet.se\/kungsbacka\/files\/2024\/01\/logo-1-300x62.png 300w\" sizes=\"auto, (max-width: 294px) 100vw, 294px\" \/><\/a><\/td>\n<td style=\"text-align: center\"><a href=\"https:\/\/www.einarssonsbil.se\/\" target=\"_blank\" rel=\"noopener noreferrer\"><img loading=\"lazy\" decoding=\"async\" class=\"alignnone wp-image-204\" style=\"line-height: 1.5em\" src=\"https:\/\/krets.jagareforbundet.se\/kungsbacka\/files\/2014\/03\/einarsson.jpg\" alt=\"\" width=\"223\" height=\"93\" \/><\/a><\/td>\n<td style=\"text-align: center\"><\/td>\n<\/tr>\n<tr>\n<td>&nbsp;<\/p>\n<p><a href=\"http:\/\/jjgruppen.se\/\" target=\"_blank\" rel=\"noopener noreferrer\"><img loading=\"lazy\" decoding=\"async\" class=\"aligncenter wp-image-520\" src=\"https:\/\/krets.jagareforbundet.se\/kungsbacka\/files\/2011\/09\/jjgruppen.jpg\" alt=\"\" width=\"326\" height=\"65\" srcset=\"https:\/\/krets.jagareforbundet.se\/kungsbacka\/files\/2011\/09\/jjgruppen.jpg 347w, https:\/\/krets.jagareforbundet.se\/kungsbacka\/files\/2011\/09\/jjgruppen-300x60.jpg 300w\" sizes=\"auto, (max-width: 326px) 100vw, 326px\" \/><\/a><\/td>\n<td>\u00a0<a href=\"http:\/\/www.akesonengineering.se\/\"><img loading=\"lazy\" decoding=\"async\" class=\"aligncenter wp-image-932\" src=\"https:\/\/krets.jagareforbundet.se\/kungsbacka\/files\/2024\/01\/akesson-eng.png\" alt=\"\" width=\"288\" height=\"88\" srcset=\"https:\/\/krets.jagareforbundet.se\/kungsbacka\/files\/2024\/01\/akesson-eng.png 715w, https:\/\/krets.jagareforbundet.se\/kungsbacka\/files\/2024\/01\/akesson-eng-300x92.png 300w\" sizes=\"auto, (max-width: 288px) 100vw, 288px\" \/><\/a><\/td>\n<td><\/td>\n<\/tr>\n<tr>\n<td><a href=\"http:\/\/www.brodernabrader.se\/\" target=\"_blank\" rel=\"noopener noreferrer\"><img loading=\"lazy\" decoding=\"async\" class=\"wp-image-521 aligncenter\" src=\"https:\/\/krets.jagareforbundet.se\/kungsbacka\/files\/2011\/09\/brodernabrader.jpg\" alt=\"\" width=\"164\" height=\"136\" \/><\/a><\/td>\n<td><a href=\"https:\/\/tingstadmaleri.se\/\" target=\"_blank\" rel=\"noopener noreferrer\"><img loading=\"lazy\" decoding=\"async\" class=\"wp-image-691 size-full aligncenter\" src=\"https:\/\/krets.jagareforbundet.se\/kungsbacka\/files\/2020\/01\/tingstad.jpg\" alt=\"\" width=\"278\" height=\"143\" \/><\/a><\/td>\n<\/tr>\n<\/tbody>\n<\/table>\n<p>&nbsp;<\/p>\n","protected":false},"excerpt":{"rendered":"<p>&nbsp; V\u00e4lkommen till J\u00e4garef\u00f6rbundet Kungsbacka och v\u00e5r hemsida. Vi hoppas att du finner sidan informativ, trevlig och att den ger dig svar p\u00e5 alla dina fr\u00e5gor. V\u00e5r m\u00e5ls\u00e4ttning \u00e4r att kunna erbjuda Dig, som j\u00e4gare, blivande j\u00e4gare eller bara jakt- och naturv\u00e5rdsintresserad, en hemsida d\u00e4r Du kan f\u00e5 reda p\u00e5 vad som h\u00e4nder och planeras [&hellip;]<\/p>\n","protected":false},"author":3,"featured_media":107,"parent":0,"menu_order":0,"comment_status":"open","ping_status":"open","template":"","meta":{"footnotes":""},"class_list":["post-2","page","type-page","status-publish","has-post-thumbnail","hentry"],"_links":{"self":[{"href":"https:\/\/krets.jagareforbundet.se\/kungsbacka\/wp-json\/wp\/v2\/pages\/2","targetHints":{"allow":["GET"]}}],"collection":[{"href":"https:\/\/krets.jagareforbundet.se\/kungsbacka\/wp-json\/wp\/v2\/pages"}],"about":[{"href":"https:\/\/krets.jagareforbundet.se\/kungsbacka\/wp-json\/wp\/v2\/types\/page"}],"author":[{"embeddable":true,"href":"https:\/\/krets.jagareforbundet.se\/kungsbacka\/wp-json\/wp\/v2\/users\/3"}],"replies":[{"embeddable":true,"href":"https:\/\/krets.jagareforbundet.se\/kungsbacka\/wp-json\/wp\/v2\/comments?post=2"}],"version-history":[{"count":3,"href":"https:\/\/krets.jagareforbundet.se\/kungsbacka\/wp-json\/wp\/v2\/pages\/2\/revisions"}],"predecessor-version":[{"id":945,"href":"https:\/\/krets.jagareforbundet.se\/kungsbacka\/wp-json\/wp\/v2\/pages\/2\/revisions\/945"}],"wp:featuredmedia":[{"embeddable":true,"href":"https:\/\/krets.jagareforbundet.se\/kungsbacka\/wp-json\/wp\/v2\/media\/107"}],"wp:attachment":[{"href":"https:\/\/krets.jagareforbundet.se\/kungsbacka\/wp-json\/wp\/v2\/media?parent=2"}],"curies":[{"name":"wp","href":"https:\/\/api.w.org\/{rel}","templated":true}]}}