{"id":214,"date":"2014-04-14T10:21:05","date_gmt":"2014-04-14T08:21:05","guid":{"rendered":"https:\/\/krets.jagareforbundet.se\/kungsbacka\/?page_id=214"},"modified":"2024-01-10T19:46:08","modified_gmt":"2024-01-10T18:46:08","slug":"vilt-trafik","status":"publish","type":"page","link":"https:\/\/krets.jagareforbundet.se\/kungsbacka\/vilt-trafik\/","title":{"rendered":"Vilt &amp; Trafik"},"content":{"rendered":"<p>&nbsp;<\/p>\n<p><strong>Under 2022 har kontaktm\u00e4nnen\/efters\u00f6ksj\u00e4garna ringts ut av polisen vid 494 g\u00e5nger p\u00e5 trafikviltolyckor inom v\u00e5rt verksamhetsomr\u00e5de:<\/strong><\/p>\n<p>R\u00e5djur 360 st<br \/>\nVildsvin 64 st<br \/>\n\u00c4lg 64 st<br \/>\nDovvilt 6 st<\/p>\n<p><strong>Under 2021 har kontaktm\u00e4nnen\/efters\u00f6ksj\u00e4garna ringts ut av polisen vid 485 g\u00e5nger p\u00e5 trafikviltolyckor inom v\u00e5rt verksamhetsomr\u00e5de:<\/strong><\/p>\n<p>R\u00e5djur 384 st<br \/>\nVildsvin 61 st<br \/>\n\u00c4lg 31 st<br \/>\nDovvilt 9 st<\/p>\n<p><strong>Under 2020 har f\u00f6ljande anm\u00e4lda viltolyckor intr\u00e4ffat inom v\u00e5rt verksamhetsomr\u00e5de:<\/strong><\/p>\n<p>R\u00e5djur 331 st<br \/>\nVildsvin 67 st<br \/>\n\u00c4lg 50 st<br \/>\nDovvilt 2 st<\/p>\n<p><strong>Under 2019 har f\u00f6ljande anm\u00e4lda viltolyckor intr\u00e4ffat inom v\u00e5rt verksamhetsomr\u00e5de:<\/strong><\/p>\n<p>R\u00e5djur 306 st<br \/>\nVildsvin 82 st<br \/>\n\u00c4lg 37 st<br \/>\nDovvilt 6 st<\/p>\n<p><strong>Under 2017 har f\u00f6ljande anm\u00e4lda viltolyckor intr\u00e4ffat inom v\u00e5rt verksamhetsomr\u00e5de:<\/strong><\/p>\n<p>R\u00e5djur 293 st<br \/>\nVildsvin 79 st<br \/>\n\u00c4lg 41 st<br \/>\nDovvilt 4 st<\/p>\n<p><strong>Under 2016 har f\u00f6ljande anm\u00e4lda viltolyckor intr\u00e4ffat inom v\u00e5rt verksamhetsomr\u00e5de:<\/strong><\/p>\n<p>R\u00e5djur 233 st<br \/>\nVildsvin 28 st<br \/>\n\u00c4lg 36 st<br \/>\nDovvilt 4 st<\/p>\n<p><strong>Under 2015 har f\u00f6ljande anm\u00e4lda viltolyckor intr\u00e4ffat inom v\u00e5rt verksamhetsomr\u00e5de:<\/strong><\/p>\n<p>R\u00e5djur 237 st<br \/>\nVildsvin 26 st<br \/>\n\u00c4lg 31 st<br \/>\nDovvilt 1 st<\/p>\n<p><strong>Under \u00e5r 2014 har f\u00f6ljande anm\u00e4lda viltolyckor intr\u00e4ffat inom v\u00e5rt verksamhetsomr\u00e5de:<\/strong><\/p>\n<p>R\u00e5djur 230 st<br \/>\nVildsvin 42 st<br \/>\n\u00c4lg 35 st<br \/>\nDovvilt 1 st<\/p>\n<p>Vidare information om viltolyckor:<\/p>\n<p><strong>Nationella viltolycksr\u00e5det\u00a0\u00a0\u00a0<\/strong><br \/>\nViltolyckor information och regler\u00a0 <a href=\"http:\/\/www.viltolycka.se\/hem\" target=\"_blank\" rel=\"noopener\">http:\/\/www.viltolycka.se\/hem<\/a><br \/>\nViltolyckor rapporterade eftes\u00f6k karta val Halland <a href=\"http:\/\/www.viltolycka.se\/hem\/?mapc=10%20\" target=\"_blank\" rel=\"noopener\">http:\/\/www.viltolycka.se\/hem\/?mapc=10%20<\/a><\/p>\n","protected":false},"excerpt":{"rendered":"<p>&nbsp; Under 2022 har kontaktm\u00e4nnen\/efters\u00f6ksj\u00e4garna ringts ut av polisen vid 494 g\u00e5nger p\u00e5 trafikviltolyckor inom v\u00e5rt verksamhetsomr\u00e5de: R\u00e5djur 360 st Vildsvin 64 st \u00c4lg 64 st Dovvilt 6 st Under 2021 har kontaktm\u00e4nnen\/efters\u00f6ksj\u00e4garna ringts ut av polisen vid 485 g\u00e5nger p\u00e5 trafikviltolyckor inom v\u00e5rt verksamhetsomr\u00e5de: R\u00e5djur 384 st Vildsvin 61 st \u00c4lg 31 st Dovvilt [&hellip;]<\/p>\n","protected":false},"author":200,"featured_media":0,"parent":0,"menu_order":0,"comment_status":"open","ping_status":"open","template":"","meta":{"footnotes":""},"class_list":["post-214","page","type-page","status-publish","hentry"],"_links":{"self":[{"href":"https:\/\/krets.jagareforbundet.se\/kungsbacka\/wp-json\/wp\/v2\/pages\/214","targetHints":{"allow":["GET"]}}],"collection":[{"href":"https:\/\/krets.jagareforbundet.se\/kungsbacka\/wp-json\/wp\/v2\/pages"}],"about":[{"href":"https:\/\/krets.jagareforbundet.se\/kungsbacka\/wp-json\/wp\/v2\/types\/page"}],"author":[{"embeddable":true,"href":"https:\/\/krets.jagareforbundet.se\/kungsbacka\/wp-json\/wp\/v2\/users\/200"}],"replies":[{"embeddable":true,"href":"https:\/\/krets.jagareforbundet.se\/kungsbacka\/wp-json\/wp\/v2\/comments?post=214"}],"version-history":[{"count":3,"href":"https:\/\/krets.jagareforbundet.se\/kungsbacka\/wp-json\/wp\/v2\/pages\/214\/revisions"}],"predecessor-version":[{"id":914,"href":"https:\/\/krets.jagareforbundet.se\/kungsbacka\/wp-json\/wp\/v2\/pages\/214\/revisions\/914"}],"wp:attachment":[{"href":"https:\/\/krets.jagareforbundet.se\/kungsbacka\/wp-json\/wp\/v2\/media?parent=214"}],"curies":[{"name":"wp","href":"https:\/\/api.w.org\/{rel}","templated":true}]}}