{"id":243,"date":"2014-09-29T20:24:29","date_gmt":"2014-09-29T18:24:29","guid":{"rendered":"https:\/\/krets.jagareforbundet.se\/kungsbacka\/?page_id=243"},"modified":"2024-01-11T16:51:14","modified_gmt":"2024-01-11T15:51:14","slug":"algforvaltning","status":"publish","type":"page","link":"https:\/\/krets.jagareforbundet.se\/kungsbacka\/arkiv\/algforvaltning\/","title":{"rendered":"\u00c4lgf\u00f6rvaltning"},"content":{"rendered":"<p>\u00c4lgf\u00f6rvaltninggrupper:<br \/>\n<a href=\"https:\/\/krets.jagareforbundet.se\/kungsbacka\/files\/2014\/09\/218-8299-14-Beslut-ledam\u00f6ter-\u00c4FG-2015-2018.pdf\" target=\"_blank\" rel=\"noopener\">218-8299-14 Beslut ledam\u00f6ter \u00c4FG 2015-2018<\/a><\/p>\n<p>&nbsp;<\/p>\n<p>L\u00e4nsstyrelsens information:<br \/>\n<a href=\"http:\/\/www.lansstyrelsen.se\/HALLAND\/SV\/DJUR-OCH-NATUR\/JAKT-OCH-VILT\/ALGJAKT\/Pages\/algforvaltningsomraden--.aspx\" target=\"_blank\" rel=\"noopener\">\u00c4lgf\u00f6rvaltningsomr\u00e5den<\/a><br \/>\n<a href=\"http:\/\/www.lansstyrelsen.se\/halland\/Sv\/djur-och-natur\/jakt-och-vilt\/algjakt\/Pages\/algskotselomraden.aspx\" target=\"_blank\" rel=\"noopener\">\u00c4lgsk\u00f6tselomr\u00e5den som registrerats i Hallands l\u00e4n<\/a><\/p>\n<p>&nbsp;<\/p>\n<p>Information om \u00e4lgf\u00f6rvaltning 2014:<br \/>\n<a href=\"https:\/\/krets.jagareforbundet.se\/kungsbacka\/files\/2014\/09\/\u00c4lgf\u00f6rvaltingsomr\u00e5de-\u00c4FO-norr.pdf\" target=\"_blank\" rel=\"noopener\">\u00c4lgf\u00f6rvaltingsomr\u00e5de \u00c4FO norr<\/a><\/p>\n<p>&nbsp;<\/p>\n<p>Aktiviteter inom\u00a0\u00e4lgsk\u00f6tselomr\u00e5de (\u00c4SO) och \u00e4lgf\u00f6rvaltningsomr\u00e5de (\u00c4FO) under ett \u00e5r:<br \/>\n<a title=\"Planering under \u00e5ret f\u00f6r \u00c4SO och \u00c4FO\" href=\"https:\/\/krets.jagareforbundet.se\/kungsbacka\/files\/2014\/09\/Planering-under-\u00e5ret-f\u00f6r-\u00c4SO-och-\u00c4FO.pdf\" target=\"_blank\" rel=\"noopener\">Planering under \u00e5ret f\u00f6r \u00c4SO och \u00c4FO<\/a><\/p>\n<p>&nbsp;<\/p>\n<p>Andra\u00a0dokument:<br \/>\n<a href=\"https:\/\/krets.jagareforbundet.se\/kungsbacka\/files\/2014\/09\/Gemensam-\u00e4lgsk\u00f6tselpan-f\u00f6r-Kungsbackas-\u00e4lgsk\u00f6tselomr\u00e5den-2007-07-01-\u2013-2010-06-30.pdf\" target=\"_blank\" rel=\"noopener\">Gemensam \u00e4lgsk\u00f6tselpan f\u00f6r Kungsbackas \u00e4lgsk\u00f6tselomr\u00e5den 2007-07-01 \u2013 2010-06-30<br \/>\n<\/a><a href=\"https:\/\/krets.jagareforbundet.se\/kungsbacka\/files\/2014\/09\/Till\u00e4gg-till-Gemensam-\u00e4lgsk\u00f6tselplan-f\u00f6r-Kungsbackas-\u00e4lgsk\u00f6tselomr\u00e5den-20070701-20100630.pdf\" target=\"_blank\" rel=\"noopener\">Till\u00e4gg till Gemensam \u00e4lgsk\u00f6tselplan f\u00f6r Kungsbackas \u00e4lgsk\u00f6tselomr\u00e5den 20070701-20100630<br \/>\n<\/a><a href=\"https:\/\/krets.jagareforbundet.se\/kungsbacka\/files\/2014\/09\/\u00c4lgsk\u00f6tselplan-godk_20070701_20100630_1.pdf\" target=\"_blank\" rel=\"noopener\">\u00c4lgsk\u00f6tselplan godk_20070701_20100630_1<br \/>\n<\/a><a href=\"https:\/\/krets.jagareforbundet.se\/kungsbacka\/files\/2014\/09\/\u00c4lgsk\u00f6tslplan-godk_20070701_20100630_2.pdf\" target=\"_blank\" rel=\"noopener\">\u00c4lgsk\u00f6tslplan godk_20070701_20100630_2<br \/>\n<\/a><a href=\"https:\/\/krets.jagareforbundet.se\/kungsbacka\/files\/2014\/09\/\u00c4lgf\u00f6rvaltningsplan-2014_16-\u00c4FO-Norra.pdf\" target=\"_blank\" rel=\"noopener\">\u00c4lgf\u00f6rvaltningsplan 2014-2016 \u00c4FO Norr<br \/>\n<\/a><a href=\"https:\/\/krets.jagareforbundet.se\/kungsbacka\/files\/2014\/09\/\u00c4lgpolicy-Sv-J\u00e4garef\u00f6rb-1010.pdf\" target=\"_blank\" rel=\"noopener\">\u00c4lgpolicy Sv J\u00e4garef\u00f6rb 1010<br \/>\n<\/a><a href=\"https:\/\/krets.jagareforbundet.se\/kungsbacka\/files\/2014\/09\/F\u00f6rslag-till-gemensam-\u00e4lgsk\u00f6tselplan-2004.pdf\" target=\"_blank\" rel=\"noopener\">F\u00f6rslag till gemensam \u00e4lgsk\u00f6tselplan 2004<\/a><\/p>\n<p>&nbsp;<\/p>\n<p>&nbsp;<\/p>\n<p>&nbsp;<\/p>\n","protected":false},"excerpt":{"rendered":"<p>\u00c4lgf\u00f6rvaltninggrupper: 218-8299-14 Beslut ledam\u00f6ter \u00c4FG 2015-2018 &nbsp; L\u00e4nsstyrelsens information: \u00c4lgf\u00f6rvaltningsomr\u00e5den \u00c4lgsk\u00f6tselomr\u00e5den som registrerats i Hallands l\u00e4n &nbsp; Information om \u00e4lgf\u00f6rvaltning 2014: \u00c4lgf\u00f6rvaltingsomr\u00e5de \u00c4FO norr &nbsp; Aktiviteter inom\u00a0\u00e4lgsk\u00f6tselomr\u00e5de (\u00c4SO) och \u00e4lgf\u00f6rvaltningsomr\u00e5de (\u00c4FO) under ett \u00e5r: Planering under \u00e5ret f\u00f6r \u00c4SO och \u00c4FO &nbsp; Andra\u00a0dokument: Gemensam \u00e4lgsk\u00f6tselpan f\u00f6r Kungsbackas \u00e4lgsk\u00f6tselomr\u00e5den 2007-07-01 \u2013 2010-06-30 Till\u00e4gg till Gemensam \u00e4lgsk\u00f6tselplan [&hellip;]<\/p>\n","protected":false},"author":200,"featured_media":0,"parent":41,"menu_order":9,"comment_status":"open","ping_status":"open","template":"","meta":{"footnotes":""},"class_list":["post-243","page","type-page","status-publish","hentry"],"_links":{"self":[{"href":"https:\/\/krets.jagareforbundet.se\/kungsbacka\/wp-json\/wp\/v2\/pages\/243","targetHints":{"allow":["GET"]}}],"collection":[{"href":"https:\/\/krets.jagareforbundet.se\/kungsbacka\/wp-json\/wp\/v2\/pages"}],"about":[{"href":"https:\/\/krets.jagareforbundet.se\/kungsbacka\/wp-json\/wp\/v2\/types\/page"}],"author":[{"embeddable":true,"href":"https:\/\/krets.jagareforbundet.se\/kungsbacka\/wp-json\/wp\/v2\/users\/200"}],"replies":[{"embeddable":true,"href":"https:\/\/krets.jagareforbundet.se\/kungsbacka\/wp-json\/wp\/v2\/comments?post=243"}],"version-history":[{"count":1,"href":"https:\/\/krets.jagareforbundet.se\/kungsbacka\/wp-json\/wp\/v2\/pages\/243\/revisions"}],"predecessor-version":[{"id":944,"href":"https:\/\/krets.jagareforbundet.se\/kungsbacka\/wp-json\/wp\/v2\/pages\/243\/revisions\/944"}],"up":[{"embeddable":true,"href":"https:\/\/krets.jagareforbundet.se\/kungsbacka\/wp-json\/wp\/v2\/pages\/41"}],"wp:attachment":[{"href":"https:\/\/krets.jagareforbundet.se\/kungsbacka\/wp-json\/wp\/v2\/media?parent=243"}],"curies":[{"name":"wp","href":"https:\/\/api.w.org\/{rel}","templated":true}]}}