{"id":273,"date":"2014-12-07T15:19:46","date_gmt":"2014-12-07T14:19:46","guid":{"rendered":"https:\/\/krets.jagareforbundet.se\/kungsbacka\/?page_id=273"},"modified":"2014-12-07T15:25:04","modified_gmt":"2014-12-07T14:25:04","slug":"ungdomsjakt-stattared-6-december-2014","status":"publish","type":"page","link":"https:\/\/krets.jagareforbundet.se\/kungsbacka\/ungdom\/ungdomsjakt-stattared-6-december-2014\/","title":{"rendered":"Ungdomsjakt St\u00e4ttared 6 december 2014"},"content":{"rendered":"<p>Den\u00a06 december 2014 genomf\u00f6rdes en lyckad ungdomsjakt p\u00e5 St\u00e4ttared. Det blev bra drev med b\u00e5de tax och drever. Ett r\u00e5djur blev f\u00e4llt ocks\u00e5. Jakten avslutades med korv och dricka. H\u00e4r kommer n\u00e5gra bilder:<\/p>\n<p><a href=\"https:\/\/krets.jagareforbundet.se\/kungsbacka\/files\/2014\/12\/Ungdomsjakt-St\u00e4ttared-6-december-2014-002.jpg\" target=\"_blank\"><img loading=\"lazy\" decoding=\"async\" class=\"alignnone wp-image-270 size-medium\" src=\"https:\/\/krets.jagareforbundet.se\/kungsbacka\/files\/2014\/12\/Ungdomsjakt-St\u00e4ttared-6-december-2014-002-300x225.jpg\" alt=\"Ungdomsjakt St\u00e4ttared 6 december 2014 002\" width=\"300\" height=\"225\" srcset=\"https:\/\/krets.jagareforbundet.se\/kungsbacka\/files\/2014\/12\/Ungdomsjakt-St\u00e4ttared-6-december-2014-002-300x225.jpg 300w, https:\/\/krets.jagareforbundet.se\/kungsbacka\/files\/2014\/12\/Ungdomsjakt-St\u00e4ttared-6-december-2014-002-1024x768.jpg 1024w\" sizes=\"auto, (max-width: 300px) 100vw, 300px\" \/><\/a> <a href=\"https:\/\/krets.jagareforbundet.se\/kungsbacka\/files\/2014\/12\/Ungdomsjakt-St\u00e4ttared-6-december-2014-003.jpg\" target=\"_blank\"><img loading=\"lazy\" decoding=\"async\" class=\"alignnone wp-image-271 size-medium\" src=\"https:\/\/krets.jagareforbundet.se\/kungsbacka\/files\/2014\/12\/Ungdomsjakt-St\u00e4ttared-6-december-2014-003-300x225.jpg\" alt=\"Ungdomsjakt St\u00e4ttared 6 december 2014 003\" width=\"300\" height=\"225\" srcset=\"https:\/\/krets.jagareforbundet.se\/kungsbacka\/files\/2014\/12\/Ungdomsjakt-St\u00e4ttared-6-december-2014-003-300x225.jpg 300w, https:\/\/krets.jagareforbundet.se\/kungsbacka\/files\/2014\/12\/Ungdomsjakt-St\u00e4ttared-6-december-2014-003-1024x768.jpg 1024w\" sizes=\"auto, (max-width: 300px) 100vw, 300px\" \/><\/a> <a href=\"https:\/\/krets.jagareforbundet.se\/kungsbacka\/files\/2014\/12\/Ungdomsjakt-St\u00e4ttared-6-december-2014-001.jpg\" target=\"_blank\"><img loading=\"lazy\" decoding=\"async\" class=\"alignnone wp-image-272 size-medium\" src=\"https:\/\/krets.jagareforbundet.se\/kungsbacka\/files\/2014\/12\/Ungdomsjakt-St\u00e4ttared-6-december-2014-001-300x225.jpg\" alt=\"Ungdomsjakt St\u00e4ttared 6 december 2014 001\" width=\"300\" height=\"225\" srcset=\"https:\/\/krets.jagareforbundet.se\/kungsbacka\/files\/2014\/12\/Ungdomsjakt-St\u00e4ttared-6-december-2014-001-300x225.jpg 300w, https:\/\/krets.jagareforbundet.se\/kungsbacka\/files\/2014\/12\/Ungdomsjakt-St\u00e4ttared-6-december-2014-001-1024x768.jpg 1024w\" sizes=\"auto, (max-width: 300px) 100vw, 300px\" \/><\/a><\/p>\n","protected":false},"excerpt":{"rendered":"<p>Den\u00a06 december 2014 genomf\u00f6rdes en lyckad ungdomsjakt p\u00e5 St\u00e4ttared. Det blev bra drev med b\u00e5de tax och drever. Ett r\u00e5djur blev f\u00e4llt ocks\u00e5. Jakten avslutades med korv och dricka. H\u00e4r kommer n\u00e5gra bilder:<\/p>\n","protected":false},"author":200,"featured_media":0,"parent":147,"menu_order":0,"comment_status":"open","ping_status":"open","template":"","meta":{"footnotes":""},"class_list":["post-273","page","type-page","status-publish","hentry"],"_links":{"self":[{"href":"https:\/\/krets.jagareforbundet.se\/kungsbacka\/wp-json\/wp\/v2\/pages\/273","targetHints":{"allow":["GET"]}}],"collection":[{"href":"https:\/\/krets.jagareforbundet.se\/kungsbacka\/wp-json\/wp\/v2\/pages"}],"about":[{"href":"https:\/\/krets.jagareforbundet.se\/kungsbacka\/wp-json\/wp\/v2\/types\/page"}],"author":[{"embeddable":true,"href":"https:\/\/krets.jagareforbundet.se\/kungsbacka\/wp-json\/wp\/v2\/users\/200"}],"replies":[{"embeddable":true,"href":"https:\/\/krets.jagareforbundet.se\/kungsbacka\/wp-json\/wp\/v2\/comments?post=273"}],"version-history":[{"count":0,"href":"https:\/\/krets.jagareforbundet.se\/kungsbacka\/wp-json\/wp\/v2\/pages\/273\/revisions"}],"up":[{"embeddable":true,"href":"https:\/\/krets.jagareforbundet.se\/kungsbacka\/wp-json\/wp\/v2\/pages\/147"}],"wp:attachment":[{"href":"https:\/\/krets.jagareforbundet.se\/kungsbacka\/wp-json\/wp\/v2\/media?parent=273"}],"curies":[{"name":"wp","href":"https:\/\/api.w.org\/{rel}","templated":true}]}}