{"id":279,"date":"2015-01-18T16:43:52","date_gmt":"2015-01-18T15:43:52","guid":{"rendered":"https:\/\/krets.jagareforbundet.se\/kungsbacka\/?page_id=279"},"modified":"2015-01-18T16:45:06","modified_gmt":"2015-01-18T15:45:06","slug":"ungdomsjakt-stattared-17-jan-2015","status":"publish","type":"page","link":"https:\/\/krets.jagareforbundet.se\/kungsbacka\/ungdom\/ungdomsjakt-stattared-17-jan-2015\/","title":{"rendered":"Ungdomsjakt St\u00e4ttared 17 jan 2015"},"content":{"rendered":"<p>Den 17 januari var det ungdomsjakt p\u00e5 St\u00e4ttared.<\/p>\n<p>Det blev en lyckad dag med drev p\u00e5 r\u00e5djur, r\u00e4v och\u00a0hare. En r\u00e4v blev skjuten.<\/p>\n<p>Jakten\u00a0avslutades med korvgrillning.<\/p>\n<p><a href=\"https:\/\/krets.jagareforbundet.se\/kungsbacka\/files\/2015\/01\/Ungdomsjakt17jan2015.jpg\"><img loading=\"lazy\" decoding=\"async\" class=\"alignnone size-full wp-image-280\" src=\"https:\/\/krets.jagareforbundet.se\/kungsbacka\/files\/2015\/01\/Ungdomsjakt17jan2015.jpg\" alt=\"Ungdomsjakt17jan2015\" width=\"3264\" height=\"2448\" srcset=\"https:\/\/krets.jagareforbundet.se\/kungsbacka\/files\/2015\/01\/Ungdomsjakt17jan2015.jpg 3264w, https:\/\/krets.jagareforbundet.se\/kungsbacka\/files\/2015\/01\/Ungdomsjakt17jan2015-300x225.jpg 300w, https:\/\/krets.jagareforbundet.se\/kungsbacka\/files\/2015\/01\/Ungdomsjakt17jan2015-1024x768.jpg 1024w\" sizes=\"auto, (max-width: 3264px) 100vw, 3264px\" \/><\/a><\/p>\n","protected":false},"excerpt":{"rendered":"<p>Den 17 januari var det ungdomsjakt p\u00e5 St\u00e4ttared. Det blev en lyckad dag med drev p\u00e5 r\u00e5djur, r\u00e4v och\u00a0hare. En r\u00e4v blev skjuten. Jakten\u00a0avslutades med korvgrillning.<\/p>\n","protected":false},"author":200,"featured_media":0,"parent":147,"menu_order":0,"comment_status":"open","ping_status":"open","template":"","meta":{"footnotes":""},"class_list":["post-279","page","type-page","status-publish","hentry"],"_links":{"self":[{"href":"https:\/\/krets.jagareforbundet.se\/kungsbacka\/wp-json\/wp\/v2\/pages\/279","targetHints":{"allow":["GET"]}}],"collection":[{"href":"https:\/\/krets.jagareforbundet.se\/kungsbacka\/wp-json\/wp\/v2\/pages"}],"about":[{"href":"https:\/\/krets.jagareforbundet.se\/kungsbacka\/wp-json\/wp\/v2\/types\/page"}],"author":[{"embeddable":true,"href":"https:\/\/krets.jagareforbundet.se\/kungsbacka\/wp-json\/wp\/v2\/users\/200"}],"replies":[{"embeddable":true,"href":"https:\/\/krets.jagareforbundet.se\/kungsbacka\/wp-json\/wp\/v2\/comments?post=279"}],"version-history":[{"count":0,"href":"https:\/\/krets.jagareforbundet.se\/kungsbacka\/wp-json\/wp\/v2\/pages\/279\/revisions"}],"up":[{"embeddable":true,"href":"https:\/\/krets.jagareforbundet.se\/kungsbacka\/wp-json\/wp\/v2\/pages\/147"}],"wp:attachment":[{"href":"https:\/\/krets.jagareforbundet.se\/kungsbacka\/wp-json\/wp\/v2\/media?parent=279"}],"curies":[{"name":"wp","href":"https:\/\/api.w.org\/{rel}","templated":true}]}}