{"id":290,"date":"2015-02-09T19:23:17","date_gmt":"2015-02-09T18:23:17","guid":{"rendered":"https:\/\/krets.jagareforbundet.se\/kungsbacka\/?page_id=290"},"modified":"2015-02-09T19:31:59","modified_gmt":"2015-02-09T18:31:59","slug":"arsmote-2015-02-03","status":"publish","type":"page","link":"https:\/\/krets.jagareforbundet.se\/kungsbacka\/moteshandlingar\/arsmote-2015-02-03\/","title":{"rendered":"\u00c5rsm\u00f6te 2015-02-03"},"content":{"rendered":"<p><a href=\"https:\/\/krets.jagareforbundet.se\/kungsbacka\/files\/2015\/02\/Dagordning-Kba-JVK-\u00e5rsm\u00f6te-2015-02-03.pdf\" target=\"_blank\">Dagordning Kba JVK \u00e5rsm\u00f6te 2015-02-03<\/a><\/p>\n<p><a href=\"https:\/\/krets.jagareforbundet.se\/kungsbacka\/files\/2015\/02\/Ekonomi-2014.pdf\" target=\"_blank\">Ekonomi 2014<\/a><\/p>\n<p><a href=\"https:\/\/krets.jagareforbundet.se\/kungsbacka\/files\/2015\/02\/Hundgruppsm\u00f6te-1-okt-2014.pdf\" target=\"_blank\">Hundgruppsm\u00f6te 1 okt 2014<\/a><\/p>\n<p><a href=\"https:\/\/krets.jagareforbundet.se\/kungsbacka\/files\/2015\/02\/Rovdjur-2014.pdf\" target=\"_blank\">Rovdjur 2014<\/a><\/p>\n<p><a href=\"https:\/\/krets.jagareforbundet.se\/kungsbacka\/files\/2015\/02\/Valberedningsf\u00f6rslag-Kba-JVK-\u00e5rsm\u00f6te-2015-02-03.pdf\" target=\"_blank\">Valberedningsf\u00f6rslag Kba JVK \u00e5rsm\u00f6te 2015-02-03<\/a> <a href=\"https:\/\/krets.jagareforbundet.se\/kungsbacka\/files\/2015\/02\/Verksamhetsber\u00e4ttelse-2014.pdf\">Verksamhetsber\u00e4ttelse 2014<\/a><\/p>\n<p><a href=\"https:\/\/krets.jagareforbundet.se\/kungsbacka\/files\/2015\/02\/Verksamhetsber\u00e4ttelse-kust-och-hav-2014.pdf\" target=\"_blank\">Verksamhetsber\u00e4ttelse kust och hav 2014<\/a><\/p>\n<p><a href=\"https:\/\/krets.jagareforbundet.se\/kungsbacka\/files\/2015\/02\/\u00c5rsrapport-vilt-och-trafik-2014.pdf\" target=\"_blank\">\u00c5rsrapport vilt och trafik 2014<\/a><\/p>\n","protected":false},"excerpt":{"rendered":"<p>Dagordning Kba JVK \u00e5rsm\u00f6te 2015-02-03 Ekonomi 2014 Hundgruppsm\u00f6te 1 okt 2014 Rovdjur 2014 Valberedningsf\u00f6rslag Kba JVK \u00e5rsm\u00f6te 2015-02-03 Verksamhetsber\u00e4ttelse 2014 Verksamhetsber\u00e4ttelse kust och hav 2014 \u00c5rsrapport vilt och trafik 2014<\/p>\n","protected":false},"author":200,"featured_media":0,"parent":193,"menu_order":0,"comment_status":"open","ping_status":"open","template":"","meta":{"footnotes":""},"class_list":["post-290","page","type-page","status-publish","hentry"],"_links":{"self":[{"href":"https:\/\/krets.jagareforbundet.se\/kungsbacka\/wp-json\/wp\/v2\/pages\/290","targetHints":{"allow":["GET"]}}],"collection":[{"href":"https:\/\/krets.jagareforbundet.se\/kungsbacka\/wp-json\/wp\/v2\/pages"}],"about":[{"href":"https:\/\/krets.jagareforbundet.se\/kungsbacka\/wp-json\/wp\/v2\/types\/page"}],"author":[{"embeddable":true,"href":"https:\/\/krets.jagareforbundet.se\/kungsbacka\/wp-json\/wp\/v2\/users\/200"}],"replies":[{"embeddable":true,"href":"https:\/\/krets.jagareforbundet.se\/kungsbacka\/wp-json\/wp\/v2\/comments?post=290"}],"version-history":[{"count":0,"href":"https:\/\/krets.jagareforbundet.se\/kungsbacka\/wp-json\/wp\/v2\/pages\/290\/revisions"}],"up":[{"embeddable":true,"href":"https:\/\/krets.jagareforbundet.se\/kungsbacka\/wp-json\/wp\/v2\/pages\/193"}],"wp:attachment":[{"href":"https:\/\/krets.jagareforbundet.se\/kungsbacka\/wp-json\/wp\/v2\/media?parent=290"}],"curies":[{"name":"wp","href":"https:\/\/api.w.org\/{rel}","templated":true}]}}