{"id":345,"date":"2015-05-10T21:43:27","date_gmt":"2015-05-10T19:43:27","guid":{"rendered":"https:\/\/krets.jagareforbundet.se\/kungsbacka\/?page_id=345"},"modified":"2015-05-10T21:43:42","modified_gmt":"2015-05-10T19:43:42","slug":"stattaredsdagen-1-maj-2015","status":"publish","type":"page","link":"https:\/\/krets.jagareforbundet.se\/kungsbacka\/ungdom\/stattaredsdagen-1-maj-2015\/","title":{"rendered":"St\u00e4ttaredsdagen 1 maj 2015"},"content":{"rendered":"<p>Under dagen kunde man\u00a0provskjuta luftgev\u00e4r, spika f\u00e5gelholkar, l\u00e4ra sig om olika skinn och smaka r\u00f6kt k\u00f6tt, h\u00e4r kommer n\u00e5gra bilder fr\u00e5n dagen:<\/p>\n<p><a title=\"Luftgev\u00e4r\" href=\"https:\/\/krets.jagareforbundet.se\/kungsbacka\/files\/2015\/05\/3.jpg\" target=\"_blank\"><img loading=\"lazy\" decoding=\"async\" class=\"alignnone size-thumbnail wp-image-349\" src=\"https:\/\/krets.jagareforbundet.se\/kungsbacka\/files\/2015\/05\/3-150x150.jpg\" alt=\"3\" width=\"150\" height=\"150\" \/><\/a><\/p>\n<p><a href=\"https:\/\/krets.jagareforbundet.se\/kungsbacka\/files\/2015\/05\/2.jpg\" target=\"_blank\"><img loading=\"lazy\" decoding=\"async\" class=\"alignnone size-thumbnail wp-image-348\" src=\"https:\/\/krets.jagareforbundet.se\/kungsbacka\/files\/2015\/05\/2-150x150.jpg\" alt=\"F\u00e5gelholkstillverkning\" width=\"150\" height=\"150\" \/><\/a><\/p>\n<p><a href=\"https:\/\/krets.jagareforbundet.se\/kungsbacka\/files\/2015\/05\/1.jpg\" target=\"_blank\"><img loading=\"lazy\" decoding=\"async\" class=\"alignnone size-thumbnail wp-image-347\" src=\"https:\/\/krets.jagareforbundet.se\/kungsbacka\/files\/2015\/05\/1-150x150.jpg\" alt=\"\" width=\"150\" height=\"150\" \/><\/a><\/p>\n<p><a href=\"https:\/\/krets.jagareforbundet.se\/kungsbacka\/files\/2015\/05\/4.jpg\" target=\"_blank\"><img loading=\"lazy\" decoding=\"async\" class=\"alignnone size-thumbnail wp-image-346\" src=\"https:\/\/krets.jagareforbundet.se\/kungsbacka\/files\/2015\/05\/4-150x150.jpg\" alt=\"4\" width=\"150\" height=\"150\" \/><\/a><\/p>\n","protected":false},"excerpt":{"rendered":"<p>Under dagen kunde man\u00a0provskjuta luftgev\u00e4r, spika f\u00e5gelholkar, l\u00e4ra sig om olika skinn och smaka r\u00f6kt k\u00f6tt, h\u00e4r kommer n\u00e5gra bilder fr\u00e5n dagen:<\/p>\n","protected":false},"author":200,"featured_media":0,"parent":147,"menu_order":0,"comment_status":"open","ping_status":"open","template":"","meta":{"footnotes":""},"class_list":["post-345","page","type-page","status-publish","hentry"],"_links":{"self":[{"href":"https:\/\/krets.jagareforbundet.se\/kungsbacka\/wp-json\/wp\/v2\/pages\/345","targetHints":{"allow":["GET"]}}],"collection":[{"href":"https:\/\/krets.jagareforbundet.se\/kungsbacka\/wp-json\/wp\/v2\/pages"}],"about":[{"href":"https:\/\/krets.jagareforbundet.se\/kungsbacka\/wp-json\/wp\/v2\/types\/page"}],"author":[{"embeddable":true,"href":"https:\/\/krets.jagareforbundet.se\/kungsbacka\/wp-json\/wp\/v2\/users\/200"}],"replies":[{"embeddable":true,"href":"https:\/\/krets.jagareforbundet.se\/kungsbacka\/wp-json\/wp\/v2\/comments?post=345"}],"version-history":[{"count":0,"href":"https:\/\/krets.jagareforbundet.se\/kungsbacka\/wp-json\/wp\/v2\/pages\/345\/revisions"}],"up":[{"embeddable":true,"href":"https:\/\/krets.jagareforbundet.se\/kungsbacka\/wp-json\/wp\/v2\/pages\/147"}],"wp:attachment":[{"href":"https:\/\/krets.jagareforbundet.se\/kungsbacka\/wp-json\/wp\/v2\/media?parent=345"}],"curies":[{"name":"wp","href":"https:\/\/api.w.org\/{rel}","templated":true}]}}