{"id":354,"date":"2015-06-12T09:54:04","date_gmt":"2015-06-12T07:54:04","guid":{"rendered":"https:\/\/krets.jagareforbundet.se\/kungsbacka\/?page_id=354"},"modified":"2015-06-12T09:56:00","modified_gmt":"2015-06-12T07:56:00","slug":"sperlingholms-gods-12-maj-2015","status":"publish","type":"page","link":"https:\/\/krets.jagareforbundet.se\/kungsbacka\/ungdom\/sperlingholms-gods-12-maj-2015\/","title":{"rendered":"Sperlingholms gods 12 maj 2015"},"content":{"rendered":"<p><span style=\"color: #000000;font-family: Calibri\">12\/5 \u00e5kte vi ner till Sperlingholms gods och tr\u00e4ffade viltm\u00e4staren Henning Herskind och fick en genomg\u00e5ng av, framf\u00f6rallt, deras fasanuppf\u00f6dningar, men \u00e4ven deras rapph\u00f6nor och \u00e4nder som de f\u00f6der upp och s\u00e4tter ut.<\/span><\/p>\n<p><span style=\"color: #000000;font-family: Calibri\">Ca 6000 fasaner, 2.500 \u00e4nder samt 1.500 rapph\u00f6nor kl\u00e4cks och s\u00e4tts ut p\u00e5 deras \u00e4gor varje \u00e5r.<\/span><\/p>\n<p><span style=\"color: #000000;font-family: Calibri\">M\u00e5nga f\u00e5glar blir det&#8230;<\/span><\/p>\n<p><span style=\"color: #000000;font-family: Calibri\">Fick \u00e4ven en rundtur p\u00e5 \u00e4gorna och fick se mycket gris och en rej\u00e4l flock med Dov. Vare sig gris eller Dov \u00e4r h\u00e4gnade d\u00e4r utan \u00e4r ett vilt best\u00e5nd.<\/span><\/p>\n<p><span style=\"color: #000000;font-family: Calibri\">Kv\u00e4llen avslutades med en trevlig fikastund i deras jaktstuga.<\/span><\/p>\n<p><a href=\"https:\/\/krets.jagareforbundet.se\/kungsbacka\/files\/2015\/06\/image1.jpeg\" target=\"_blank\"><img loading=\"lazy\" decoding=\"async\" class=\"alignnone size-thumbnail wp-image-355\" src=\"https:\/\/krets.jagareforbundet.se\/kungsbacka\/files\/2015\/06\/image1-150x150.jpeg\" alt=\"image1\" width=\"150\" height=\"150\" \/><\/a> <a href=\"https:\/\/krets.jagareforbundet.se\/kungsbacka\/files\/2015\/06\/image2.jpeg\" target=\"_blank\"><img loading=\"lazy\" decoding=\"async\" class=\"alignnone size-thumbnail wp-image-356\" src=\"https:\/\/krets.jagareforbundet.se\/kungsbacka\/files\/2015\/06\/image2-150x150.jpeg\" alt=\"image2\" width=\"150\" height=\"150\" \/><\/a> <a href=\"https:\/\/krets.jagareforbundet.se\/kungsbacka\/files\/2015\/06\/IMG_3017.jpeg\" target=\"_blank\"><img loading=\"lazy\" decoding=\"async\" class=\"alignnone size-thumbnail wp-image-357\" src=\"https:\/\/krets.jagareforbundet.se\/kungsbacka\/files\/2015\/06\/IMG_3017-150x150.jpeg\" alt=\"IMG_3017\" width=\"150\" height=\"150\" \/><\/a><\/p>\n","protected":false},"excerpt":{"rendered":"<p>12\/5 \u00e5kte vi ner till Sperlingholms gods och tr\u00e4ffade viltm\u00e4staren Henning Herskind och fick en genomg\u00e5ng av, framf\u00f6rallt, deras fasanuppf\u00f6dningar, men \u00e4ven deras rapph\u00f6nor och \u00e4nder som de f\u00f6der upp och s\u00e4tter ut. Ca 6000 fasaner, 2.500 \u00e4nder samt 1.500 rapph\u00f6nor kl\u00e4cks och s\u00e4tts ut p\u00e5 deras \u00e4gor varje \u00e5r. M\u00e5nga f\u00e5glar blir det&#8230; Fick [&hellip;]<\/p>\n","protected":false},"author":200,"featured_media":0,"parent":147,"menu_order":0,"comment_status":"open","ping_status":"open","template":"","meta":{"footnotes":""},"class_list":["post-354","page","type-page","status-publish","hentry"],"_links":{"self":[{"href":"https:\/\/krets.jagareforbundet.se\/kungsbacka\/wp-json\/wp\/v2\/pages\/354","targetHints":{"allow":["GET"]}}],"collection":[{"href":"https:\/\/krets.jagareforbundet.se\/kungsbacka\/wp-json\/wp\/v2\/pages"}],"about":[{"href":"https:\/\/krets.jagareforbundet.se\/kungsbacka\/wp-json\/wp\/v2\/types\/page"}],"author":[{"embeddable":true,"href":"https:\/\/krets.jagareforbundet.se\/kungsbacka\/wp-json\/wp\/v2\/users\/200"}],"replies":[{"embeddable":true,"href":"https:\/\/krets.jagareforbundet.se\/kungsbacka\/wp-json\/wp\/v2\/comments?post=354"}],"version-history":[{"count":0,"href":"https:\/\/krets.jagareforbundet.se\/kungsbacka\/wp-json\/wp\/v2\/pages\/354\/revisions"}],"up":[{"embeddable":true,"href":"https:\/\/krets.jagareforbundet.se\/kungsbacka\/wp-json\/wp\/v2\/pages\/147"}],"wp:attachment":[{"href":"https:\/\/krets.jagareforbundet.se\/kungsbacka\/wp-json\/wp\/v2\/media?parent=354"}],"curies":[{"name":"wp","href":"https:\/\/api.w.org\/{rel}","templated":true}]}}