{"id":358,"date":"2015-06-12T10:04:59","date_gmt":"2015-06-12T08:04:59","guid":{"rendered":"https:\/\/krets.jagareforbundet.se\/kungsbacka\/?page_id=358"},"modified":"2015-06-12T10:04:59","modified_gmt":"2015-06-12T08:04:59","slug":"kretskampen-31-maj-2015","status":"publish","type":"page","link":"https:\/\/krets.jagareforbundet.se\/kungsbacka\/ungdom\/kretskampen-31-maj-2015\/","title":{"rendered":"Kretskampen 31 maj 2015"},"content":{"rendered":"<p><span style=\"color: #000000;font-family: Times New Roman;font-size: small\">Den 31\/5 var det s\u00e5 dags f\u00f6r kretskampen.<\/span><\/p>\n<p><span style=\"color: #000000;font-family: Times New Roman;font-size: small\">Kungsbackas krets representerades av Jesper, Simon och David och det gjorde de med den \u00e4ran.<\/span><\/p>\n<p><span style=\"color: #000000;font-family: Times New Roman;font-size: small\">Vi kom p\u00e5 en hedrande 2:a plats.<\/span><\/p>\n<p><span style=\"color: #000000;font-family: Times New Roman;font-size: small\">Det var endast n\u00e5gra lerduvor samt ett par hagel p\u00e5 harbanan som skilde oss \u00e5t att ta hem segern.<\/span><\/p>\n<p><span style=\"color: #000000;font-family: Times New Roman;font-size: small\">Vill ocks\u00e5 tacka Papporna Ulf och Jan f\u00f6r tacksam support under dagen.<\/span><\/p>\n<p><a href=\"https:\/\/krets.jagareforbundet.se\/kungsbacka\/files\/2015\/06\/1.jpg\" target=\"_blank\"><img loading=\"lazy\" decoding=\"async\" class=\"alignnone size-thumbnail wp-image-359\" src=\"https:\/\/krets.jagareforbundet.se\/kungsbacka\/files\/2015\/06\/1-150x150.jpg\" alt=\"1\" width=\"150\" height=\"150\" \/><\/a> <a href=\"https:\/\/krets.jagareforbundet.se\/kungsbacka\/files\/2015\/06\/2.jpg\" target=\"_blank\"><img loading=\"lazy\" decoding=\"async\" class=\"alignnone size-thumbnail wp-image-360\" src=\"https:\/\/krets.jagareforbundet.se\/kungsbacka\/files\/2015\/06\/2-150x150.jpg\" alt=\"2\" width=\"150\" height=\"150\" \/><\/a> <a href=\"https:\/\/krets.jagareforbundet.se\/kungsbacka\/files\/2015\/06\/3.jpg\" target=\"_blank\"><img loading=\"lazy\" decoding=\"async\" class=\"alignnone size-thumbnail wp-image-361\" src=\"https:\/\/krets.jagareforbundet.se\/kungsbacka\/files\/2015\/06\/3-150x150.jpg\" alt=\"3\" width=\"150\" height=\"150\" \/><\/a> <a href=\"https:\/\/krets.jagareforbundet.se\/kungsbacka\/files\/2015\/06\/4.jpg\" target=\"_blank\"><img loading=\"lazy\" decoding=\"async\" class=\"alignnone size-thumbnail wp-image-362\" src=\"https:\/\/krets.jagareforbundet.se\/kungsbacka\/files\/2015\/06\/4-150x150.jpg\" alt=\"4\" width=\"150\" height=\"150\" \/><\/a> <a href=\"https:\/\/krets.jagareforbundet.se\/kungsbacka\/files\/2015\/06\/5.jpg\" target=\"_blank\"><img loading=\"lazy\" decoding=\"async\" class=\"alignnone size-thumbnail wp-image-363\" src=\"https:\/\/krets.jagareforbundet.se\/kungsbacka\/files\/2015\/06\/5-150x150.jpg\" alt=\"5\" width=\"150\" height=\"150\" \/><\/a><\/p>\n<p>&nbsp;<\/p>\n","protected":false},"excerpt":{"rendered":"<p>Den 31\/5 var det s\u00e5 dags f\u00f6r kretskampen. Kungsbackas krets representerades av Jesper, Simon och David och det gjorde de med den \u00e4ran. Vi kom p\u00e5 en hedrande 2:a plats. Det var endast n\u00e5gra lerduvor samt ett par hagel p\u00e5 harbanan som skilde oss \u00e5t att ta hem segern. Vill ocks\u00e5 tacka Papporna Ulf och [&hellip;]<\/p>\n","protected":false},"author":200,"featured_media":0,"parent":147,"menu_order":0,"comment_status":"open","ping_status":"open","template":"","meta":{"footnotes":""},"class_list":["post-358","page","type-page","status-publish","hentry"],"_links":{"self":[{"href":"https:\/\/krets.jagareforbundet.se\/kungsbacka\/wp-json\/wp\/v2\/pages\/358","targetHints":{"allow":["GET"]}}],"collection":[{"href":"https:\/\/krets.jagareforbundet.se\/kungsbacka\/wp-json\/wp\/v2\/pages"}],"about":[{"href":"https:\/\/krets.jagareforbundet.se\/kungsbacka\/wp-json\/wp\/v2\/types\/page"}],"author":[{"embeddable":true,"href":"https:\/\/krets.jagareforbundet.se\/kungsbacka\/wp-json\/wp\/v2\/users\/200"}],"replies":[{"embeddable":true,"href":"https:\/\/krets.jagareforbundet.se\/kungsbacka\/wp-json\/wp\/v2\/comments?post=358"}],"version-history":[{"count":0,"href":"https:\/\/krets.jagareforbundet.se\/kungsbacka\/wp-json\/wp\/v2\/pages\/358\/revisions"}],"up":[{"embeddable":true,"href":"https:\/\/krets.jagareforbundet.se\/kungsbacka\/wp-json\/wp\/v2\/pages\/147"}],"wp:attachment":[{"href":"https:\/\/krets.jagareforbundet.se\/kungsbacka\/wp-json\/wp\/v2\/media?parent=358"}],"curies":[{"name":"wp","href":"https:\/\/api.w.org\/{rel}","templated":true}]}}