{"id":406,"date":"2015-11-09T19:16:31","date_gmt":"2015-11-09T18:16:31","guid":{"rendered":"https:\/\/krets.jagareforbundet.se\/kungsbacka\/?page_id=406"},"modified":"2015-11-09T19:16:31","modified_gmt":"2015-11-09T18:16:31","slug":"algjakt-for-ungdomar-pa-stattared","status":"publish","type":"page","link":"https:\/\/krets.jagareforbundet.se\/kungsbacka\/ungdom\/algjakt-for-ungdomar-pa-stattared\/","title":{"rendered":"\u00c4lgjakt f\u00f6r ungdomar p\u00e5 St\u00e4ttared"},"content":{"rendered":"<p>L\u00f6rdag den 7 november var det dags f\u00f6r \u00e4lgjakt f\u00f6r ungdomar p\u00e5 St\u00e4ttared. 9 ungdomar deltog. Tyv\u00e4rr var ingen \u00e4lg p\u00e5 plats men det blev en bra dag i skogen och god mat efter\u00e5t. H\u00e4r kommer n\u00e5gra bilder.<\/p>\n<p><a href=\"https:\/\/krets.jagareforbundet.se\/kungsbacka\/files\/2015\/11\/2.jpg\" target=\"_blank\"><img loading=\"lazy\" decoding=\"async\" class=\"alignnone size-thumbnail wp-image-404\" src=\"https:\/\/krets.jagareforbundet.se\/kungsbacka\/files\/2015\/11\/2-150x150.jpg\" alt=\"2\" width=\"150\" height=\"150\" \/><\/a> <a href=\"https:\/\/krets.jagareforbundet.se\/kungsbacka\/files\/2015\/11\/1.jpg\" target=\"_blank\"><img loading=\"lazy\" decoding=\"async\" class=\"alignnone size-thumbnail wp-image-403\" src=\"https:\/\/krets.jagareforbundet.se\/kungsbacka\/files\/2015\/11\/1-150x150.jpg\" alt=\"1\" width=\"150\" height=\"150\" \/><img loading=\"lazy\" decoding=\"async\" class=\"alignnone size-thumbnail wp-image-405\" src=\"https:\/\/krets.jagareforbundet.se\/kungsbacka\/files\/2015\/11\/3-150x150.jpg\" alt=\"3\" width=\"150\" height=\"150\" \/><\/a><\/p>\n","protected":false},"excerpt":{"rendered":"<p>L\u00f6rdag den 7 november var det dags f\u00f6r \u00e4lgjakt f\u00f6r ungdomar p\u00e5 St\u00e4ttared. 9 ungdomar deltog. Tyv\u00e4rr var ingen \u00e4lg p\u00e5 plats men det blev en bra dag i skogen och god mat efter\u00e5t. H\u00e4r kommer n\u00e5gra bilder.<\/p>\n","protected":false},"author":200,"featured_media":0,"parent":147,"menu_order":0,"comment_status":"closed","ping_status":"closed","template":"","meta":{"footnotes":""},"class_list":["post-406","page","type-page","status-publish","hentry"],"_links":{"self":[{"href":"https:\/\/krets.jagareforbundet.se\/kungsbacka\/wp-json\/wp\/v2\/pages\/406","targetHints":{"allow":["GET"]}}],"collection":[{"href":"https:\/\/krets.jagareforbundet.se\/kungsbacka\/wp-json\/wp\/v2\/pages"}],"about":[{"href":"https:\/\/krets.jagareforbundet.se\/kungsbacka\/wp-json\/wp\/v2\/types\/page"}],"author":[{"embeddable":true,"href":"https:\/\/krets.jagareforbundet.se\/kungsbacka\/wp-json\/wp\/v2\/users\/200"}],"replies":[{"embeddable":true,"href":"https:\/\/krets.jagareforbundet.se\/kungsbacka\/wp-json\/wp\/v2\/comments?post=406"}],"version-history":[{"count":0,"href":"https:\/\/krets.jagareforbundet.se\/kungsbacka\/wp-json\/wp\/v2\/pages\/406\/revisions"}],"up":[{"embeddable":true,"href":"https:\/\/krets.jagareforbundet.se\/kungsbacka\/wp-json\/wp\/v2\/pages\/147"}],"wp:attachment":[{"href":"https:\/\/krets.jagareforbundet.se\/kungsbacka\/wp-json\/wp\/v2\/media?parent=406"}],"curies":[{"name":"wp","href":"https:\/\/api.w.org\/{rel}","templated":true}]}}