{"id":485,"date":"2017-01-22T09:59:55","date_gmt":"2017-01-22T08:59:55","guid":{"rendered":"https:\/\/krets.jagareforbundet.se\/kungsbacka\/?page_id=485"},"modified":"2017-01-22T09:59:55","modified_gmt":"2017-01-22T08:59:55","slug":"klovviltsjakt-pa-stattared-for-ungdomar-21-januari-2017","status":"publish","type":"page","link":"https:\/\/krets.jagareforbundet.se\/kungsbacka\/ungdom\/klovviltsjakt-pa-stattared-for-ungdomar-21-januari-2017\/","title":{"rendered":"Kl\u00f6vviltsjakt p\u00e5 St\u00e4ttared f\u00f6r ungdomar 21 januari 2017"},"content":{"rendered":"<p>L\u00f6rdagen den 21 januari 2017 hade vi en kl\u00f6vviltsjakt p\u00e5 St\u00e4ttared f\u00f6r ungdomar.<br \/>\nSamling kl 0830 och genomg\u00e5ng med jaktledare Lennart:<\/p>\n<div id=\"attachment_482\" style=\"width: 3274px\" class=\"wp-caption alignnone\"><a href=\"https:\/\/krets.jagareforbundet.se\/kungsbacka\/files\/2017\/01\/img_3141.jpg\" target=\"_blank\"><img loading=\"lazy\" decoding=\"async\" aria-describedby=\"caption-attachment-482\" class=\"wp-image-482 size-full\" src=\"https:\/\/krets.jagareforbundet.se\/kungsbacka\/files\/2017\/01\/img_3141.jpg\" alt=\"Genomg\u00e5ng med jaktledare Lennart\" width=\"3264\" height=\"2448\" srcset=\"https:\/\/krets.jagareforbundet.se\/kungsbacka\/files\/2017\/01\/img_3141.jpg 3264w, https:\/\/krets.jagareforbundet.se\/kungsbacka\/files\/2017\/01\/img_3141-300x225.jpg 300w, https:\/\/krets.jagareforbundet.se\/kungsbacka\/files\/2017\/01\/img_3141-768x576.jpg 768w, https:\/\/krets.jagareforbundet.se\/kungsbacka\/files\/2017\/01\/img_3141-1024x768.jpg 1024w\" sizes=\"auto, (max-width: 3264px) 100vw, 3264px\" \/><\/a><p id=\"caption-attachment-482\" class=\"wp-caption-text\">Genomg\u00e5ng med jaktledare Lennart<\/p><\/div>\n<p>Jakten bj\u00f6d p\u00e5 tv\u00e5 drev, det f\u00f6rsta s\u00e4kert r\u00e5djur och det andra troligen r\u00e5djur.<br \/>\nModer natur gav oss p\u00e5 dimma och n\u00e5gra f\u00e5 plusgrader s\u00e5 grillningen efter jakten var uppskattad:<br \/>\n<a href=\"https:\/\/krets.jagareforbundet.se\/kungsbacka\/files\/2017\/01\/img_3145.jpg\" target=\"_blank\"><img loading=\"lazy\" decoding=\"async\" class=\"alignnone wp-image-483 size-full\" src=\"https:\/\/krets.jagareforbundet.se\/kungsbacka\/files\/2017\/01\/img_3145.jpg\" alt=\"IMG_3145\" width=\"3264\" height=\"2448\" srcset=\"https:\/\/krets.jagareforbundet.se\/kungsbacka\/files\/2017\/01\/img_3145.jpg 3264w, https:\/\/krets.jagareforbundet.se\/kungsbacka\/files\/2017\/01\/img_3145-300x225.jpg 300w, https:\/\/krets.jagareforbundet.se\/kungsbacka\/files\/2017\/01\/img_3145-768x576.jpg 768w, https:\/\/krets.jagareforbundet.se\/kungsbacka\/files\/2017\/01\/img_3145-1024x768.jpg 1024w\" sizes=\"auto, (max-width: 3264px) 100vw, 3264px\" \/><\/a><br \/>\nHela g\u00e4nget samlat!<br \/>\n<a href=\"https:\/\/krets.jagareforbundet.se\/kungsbacka\/files\/2017\/01\/img_3153.jpg\" target=\"_blank\"><img loading=\"lazy\" decoding=\"async\" class=\"alignnone wp-image-484 size-full\" src=\"https:\/\/krets.jagareforbundet.se\/kungsbacka\/files\/2017\/01\/img_3153.jpg\" alt=\"IMG_3153\" width=\"3264\" height=\"2448\" srcset=\"https:\/\/krets.jagareforbundet.se\/kungsbacka\/files\/2017\/01\/img_3153.jpg 3264w, https:\/\/krets.jagareforbundet.se\/kungsbacka\/files\/2017\/01\/img_3153-300x225.jpg 300w, https:\/\/krets.jagareforbundet.se\/kungsbacka\/files\/2017\/01\/img_3153-768x576.jpg 768w, https:\/\/krets.jagareforbundet.se\/kungsbacka\/files\/2017\/01\/img_3153-1024x768.jpg 1024w\" sizes=\"auto, (max-width: 3264px) 100vw, 3264px\" \/><\/a><\/p>\n","protected":false},"excerpt":{"rendered":"<p>L\u00f6rdagen den 21 januari 2017 hade vi en kl\u00f6vviltsjakt p\u00e5 St\u00e4ttared f\u00f6r ungdomar. Samling kl 0830 och genomg\u00e5ng med jaktledare Lennart: Jakten bj\u00f6d p\u00e5 tv\u00e5 drev, det f\u00f6rsta s\u00e4kert r\u00e5djur och det andra troligen r\u00e5djur. Moder natur gav oss p\u00e5 dimma och n\u00e5gra f\u00e5 plusgrader s\u00e5 grillningen efter jakten var uppskattad: Hela g\u00e4nget samlat!<\/p>\n","protected":false},"author":200,"featured_media":0,"parent":147,"menu_order":0,"comment_status":"closed","ping_status":"closed","template":"","meta":{"footnotes":""},"class_list":["post-485","page","type-page","status-publish","hentry"],"_links":{"self":[{"href":"https:\/\/krets.jagareforbundet.se\/kungsbacka\/wp-json\/wp\/v2\/pages\/485","targetHints":{"allow":["GET"]}}],"collection":[{"href":"https:\/\/krets.jagareforbundet.se\/kungsbacka\/wp-json\/wp\/v2\/pages"}],"about":[{"href":"https:\/\/krets.jagareforbundet.se\/kungsbacka\/wp-json\/wp\/v2\/types\/page"}],"author":[{"embeddable":true,"href":"https:\/\/krets.jagareforbundet.se\/kungsbacka\/wp-json\/wp\/v2\/users\/200"}],"replies":[{"embeddable":true,"href":"https:\/\/krets.jagareforbundet.se\/kungsbacka\/wp-json\/wp\/v2\/comments?post=485"}],"version-history":[{"count":0,"href":"https:\/\/krets.jagareforbundet.se\/kungsbacka\/wp-json\/wp\/v2\/pages\/485\/revisions"}],"up":[{"embeddable":true,"href":"https:\/\/krets.jagareforbundet.se\/kungsbacka\/wp-json\/wp\/v2\/pages\/147"}],"wp:attachment":[{"href":"https:\/\/krets.jagareforbundet.se\/kungsbacka\/wp-json\/wp\/v2\/media?parent=485"}],"curies":[{"name":"wp","href":"https:\/\/api.w.org\/{rel}","templated":true}]}}