{"id":502,"date":"2017-02-22T19:22:29","date_gmt":"2017-02-22T18:22:29","guid":{"rendered":"https:\/\/krets.jagareforbundet.se\/kungsbacka\/?page_id=502"},"modified":"2017-02-22T19:26:45","modified_gmt":"2017-02-22T18:26:45","slug":"arsmote-2017-02-02","status":"publish","type":"page","link":"https:\/\/krets.jagareforbundet.se\/kungsbacka\/moteshandlingar\/arsmote-2017-02-02\/","title":{"rendered":"\u00c5rsm\u00f6te 2017-02-02"},"content":{"rendered":"<p><a href=\"https:\/\/krets.jagareforbundet.se\/kungsbacka\/files\/2017\/02\/protokoll-kretsarsmote-2017-signerat-copy.pdf\">Protokoll Krets\u00e5rsm\u00f6te 2017<\/a><\/p>\n<p><a href=\"https:\/\/krets.jagareforbundet.se\/kungsbacka\/files\/2017\/02\/verksamhetsberattelse-jagareforbundet-kungsbacka-jaktvardskrets-2016-copy.pdf\">Verksamhetsber\u00e4ttelse Jagaref\u00f6rbundet Kungsbacka Jaktv\u00e5rdskrets 2016<\/a><\/p>\n","protected":false},"excerpt":{"rendered":"<p>Protokoll Krets\u00e5rsm\u00f6te 2017 Verksamhetsber\u00e4ttelse Jagaref\u00f6rbundet Kungsbacka Jaktv\u00e5rdskrets 2016<\/p>\n","protected":false},"author":200,"featured_media":0,"parent":193,"menu_order":0,"comment_status":"closed","ping_status":"closed","template":"","meta":{"footnotes":""},"class_list":["post-502","page","type-page","status-publish","hentry"],"_links":{"self":[{"href":"https:\/\/krets.jagareforbundet.se\/kungsbacka\/wp-json\/wp\/v2\/pages\/502","targetHints":{"allow":["GET"]}}],"collection":[{"href":"https:\/\/krets.jagareforbundet.se\/kungsbacka\/wp-json\/wp\/v2\/pages"}],"about":[{"href":"https:\/\/krets.jagareforbundet.se\/kungsbacka\/wp-json\/wp\/v2\/types\/page"}],"author":[{"embeddable":true,"href":"https:\/\/krets.jagareforbundet.se\/kungsbacka\/wp-json\/wp\/v2\/users\/200"}],"replies":[{"embeddable":true,"href":"https:\/\/krets.jagareforbundet.se\/kungsbacka\/wp-json\/wp\/v2\/comments?post=502"}],"version-history":[{"count":1,"href":"https:\/\/krets.jagareforbundet.se\/kungsbacka\/wp-json\/wp\/v2\/pages\/502\/revisions"}],"predecessor-version":[{"id":504,"href":"https:\/\/krets.jagareforbundet.se\/kungsbacka\/wp-json\/wp\/v2\/pages\/502\/revisions\/504"}],"up":[{"embeddable":true,"href":"https:\/\/krets.jagareforbundet.se\/kungsbacka\/wp-json\/wp\/v2\/pages\/193"}],"wp:attachment":[{"href":"https:\/\/krets.jagareforbundet.se\/kungsbacka\/wp-json\/wp\/v2\/media?parent=502"}],"curies":[{"name":"wp","href":"https:\/\/api.w.org\/{rel}","templated":true}]}}