{"id":568,"date":"2018-02-05T17:30:31","date_gmt":"2018-02-05T16:30:31","guid":{"rendered":"https:\/\/krets.jagareforbundet.se\/kungsbacka\/?page_id=568"},"modified":"2018-02-13T14:32:12","modified_gmt":"2018-02-13T13:32:12","slug":"arsmote-2018-02-08","status":"publish","type":"page","link":"https:\/\/krets.jagareforbundet.se\/kungsbacka\/moteshandlingar\/arsmote-2018-02-08\/","title":{"rendered":"\u00c5rsm\u00f6te 2018-02-08"},"content":{"rendered":"<p><a href=\"https:\/\/krets.jagareforbundet.se\/kungsbacka\/files\/2018\/02\/protokoll-arsmote-jagareforbundet-kungsbacka-jaktvardskrets-2018-signerat.pdf\">Protokoll \u00e5rsm\u00f6te j\u00e4garef\u00f6rbundet Kungsbacka Jaktv\u00e5rdskrets 2018<\/a><\/p>\n<p><a href=\"https:\/\/krets.jagareforbundet.se\/kungsbacka\/files\/2018\/02\/bilaga-1-verksamhetsberattelse-2017.pdf\">Bilaga 1 &#8211; Verksamhetsber\u00e4ttelse 2017<\/a><\/p>\n<p><a href=\"https:\/\/krets.jagareforbundet.se\/kungsbacka\/files\/2018\/02\/bilaga-2-arsredovisning-2018-jvk.pdf\">Bilaga 2 &#8211; \u00c5rsredovisning 2018 JVK<\/a><\/p>\n<p><a href=\"https:\/\/krets.jagareforbundet.se\/kungsbacka\/files\/2018\/02\/bilaga-3-budgetfoorslag-2018.pdf\">Bilaga 3 &#8211; Budgetf\u00f6rslag 2018<\/a><\/p>\n<p><a href=\"https:\/\/krets.jagareforbundet.se\/kungsbacka\/files\/2018\/02\/bilaga-4-ombud-kba-stamma-2018.pdf\">Bilaga 4 &#8211; Ombud Kba st\u00e4mma 2018<\/a><\/p>\n","protected":false},"excerpt":{"rendered":"<p>Protokoll \u00e5rsm\u00f6te j\u00e4garef\u00f6rbundet Kungsbacka Jaktv\u00e5rdskrets 2018 Bilaga 1 &#8211; Verksamhetsber\u00e4ttelse 2017 Bilaga 2 &#8211; \u00c5rsredovisning 2018 JVK Bilaga 3 &#8211; Budgetf\u00f6rslag 2018 Bilaga 4 &#8211; Ombud Kba st\u00e4mma 2018<\/p>\n","protected":false},"author":200,"featured_media":0,"parent":193,"menu_order":0,"comment_status":"closed","ping_status":"closed","template":"","meta":{"footnotes":""},"class_list":["post-568","page","type-page","status-publish","hentry"],"_links":{"self":[{"href":"https:\/\/krets.jagareforbundet.se\/kungsbacka\/wp-json\/wp\/v2\/pages\/568","targetHints":{"allow":["GET"]}}],"collection":[{"href":"https:\/\/krets.jagareforbundet.se\/kungsbacka\/wp-json\/wp\/v2\/pages"}],"about":[{"href":"https:\/\/krets.jagareforbundet.se\/kungsbacka\/wp-json\/wp\/v2\/types\/page"}],"author":[{"embeddable":true,"href":"https:\/\/krets.jagareforbundet.se\/kungsbacka\/wp-json\/wp\/v2\/users\/200"}],"replies":[{"embeddable":true,"href":"https:\/\/krets.jagareforbundet.se\/kungsbacka\/wp-json\/wp\/v2\/comments?post=568"}],"version-history":[{"count":1,"href":"https:\/\/krets.jagareforbundet.se\/kungsbacka\/wp-json\/wp\/v2\/pages\/568\/revisions"}],"predecessor-version":[{"id":573,"href":"https:\/\/krets.jagareforbundet.se\/kungsbacka\/wp-json\/wp\/v2\/pages\/568\/revisions\/573"}],"up":[{"embeddable":true,"href":"https:\/\/krets.jagareforbundet.se\/kungsbacka\/wp-json\/wp\/v2\/pages\/193"}],"wp:attachment":[{"href":"https:\/\/krets.jagareforbundet.se\/kungsbacka\/wp-json\/wp\/v2\/media?parent=568"}],"curies":[{"name":"wp","href":"https:\/\/api.w.org\/{rel}","templated":true}]}}