{"id":597,"date":"2018-04-19T09:37:51","date_gmt":"2018-04-19T07:37:51","guid":{"rendered":"https:\/\/krets.jagareforbundet.se\/kungsbacka\/?page_id=597"},"modified":"2026-02-16T16:41:47","modified_gmt":"2026-02-16T15:41:47","slug":"protokoll-styrelsemoten-jagareforbundet-kungsbacka-jvk","status":"publish","type":"page","link":"https:\/\/krets.jagareforbundet.se\/kungsbacka\/moteshandlingar\/protokoll-styrelsemoten-jagareforbundet-kungsbacka-jvk\/","title":{"rendered":"Styrelsem\u00f6ten, arkiverade"},"content":{"rendered":"<p>Nedan \u00e5terfinns samtliga protokoll fr\u00e5n styrelsem\u00f6ten som h\u00e5llits i Kungsbacka jaktv\u00e5rdskrets.<\/p>\n<p><a href=\"https:\/\/krets.jagareforbundet.se\/kungsbacka\/files\/2026\/01\/Protokoll-Kungsbacka-JVK-260122.pdf\">Protokoll Styrelsem\u00f6te SJF 2026-01-22<\/a><\/p>\n<p><a href=\"https:\/\/krets.jagareforbundet.se\/kungsbacka\/files\/2025\/11\/Protokoll-Kungsbacka-JVK-251106.pdf\">Protokoll Styrelsem\u00f6te SJF 2025-11-06<\/a><\/p>\n<p><a href=\"https:\/\/krets.jagareforbundet.se\/kungsbacka\/files\/2025\/10\/Protokoll-Kba-kretsen-2025-10-02.pdf\">Protokoll Styrelsem\u00f6te SJF 2025-10-02<\/a><\/p>\n<p><a href=\"https:\/\/krets.jagareforbundet.se\/kungsbacka\/files\/2025\/08\/Protokoll-Styrelsemote-SJF-2025-08-21.docx\">Protokoll Styrelsem\u00f6te SJF-2025-08-21<\/a><\/p>\n<p><a href=\"https:\/\/krets.jagareforbundet.se\/kungsbacka\/files\/2025\/06\/Protokoll-Styrelsemote-SJF-2025-06-12.docx\">Protokoll Styrelsem\u00f6te SJF 2025-06-12<\/a><\/p>\n<p><a href=\"https:\/\/krets.jagareforbundet.se\/kungsbacka\/files\/2025\/06\/Protokoll-Styrelsemote-SJF-2025-04-03.docx\">Protokoll Styrelsem\u00f6te SJF 2025-04-03<\/a><\/p>\n<p><a href=\"https:\/\/krets.jagareforbundet.se\/kungsbacka\/files\/2025\/01\/Protokoll-Styrelsemote-2025-01-30.pdf\">Protokoll\u00a0 Styrelsemo\u0308te SJF 2025-01-30<\/a><\/p>\n<p><a href=\"https:\/\/krets.jagareforbundet.se\/kungsbacka\/files\/2024\/11\/Protokoll-Styrelsemote-SJF-2024-11-07.pdf\">Protokoll Styrelsem\u00f6te SJF 2024-11-07<\/a><\/p>\n<p><a href=\"https:\/\/krets.jagareforbundet.se\/kungsbacka\/files\/2024\/10\/Protokoll-Styrelsemote-2024-09-26.pdf\">Protokoll Styrelsemo\u0308te SJF 2024-09-26<\/a><\/p>\n<p><a href=\"https:\/\/krets.jagareforbundet.se\/kungsbacka\/files\/2024\/08\/Protokoll-Styrelsemote-2024-08-13-Stattared.docx\">Protokoll Styrelsem\u00f6te SJF 2024-08-13 <\/a><\/p>\n<p><a href=\"https:\/\/krets.jagareforbundet.se\/kungsbacka\/files\/2024\/06\/Protokoll-Styrelsemote-2024-05-28.pdf\">Protokoll Styrelsem\u00f6te SJF 2024-05-28<\/a><\/p>\n<p><a href=\"https:\/\/krets.jagareforbundet.se\/kungsbacka\/files\/2024\/04\/Protokoll-styrelsemote-2024-04-23.pdf\">Protokoll styrelsemote SJF 2024-04-23<\/a><\/p>\n<p><a href=\"https:\/\/krets.jagareforbundet.se\/kungsbacka\/files\/2024\/03\/Protokoll-styrelsemote-2024-03-19.pdf\">Protokoll styrelsem\u00f6te SJF 2024-03-19<\/a><\/p>\n<p><a href=\"https:\/\/krets.jagareforbundet.se\/kungsbacka\/files\/2024\/03\/Konstituerande-protokoll-29_2.pdf\">Protokoll styrelsem\u00f6te SJF, konstituerande 2024-02-29<\/a><\/p>\n<p><a href=\"https:\/\/krets.jagareforbundet.se\/kungsbacka\/files\/2024\/01\/Protokoll-styrelsemote-2024-01-11.pdf\">Protokoll styrelsem\u00f6te SJF 2024-01-11<\/a><\/p>\n<p><a href=\"https:\/\/krets.jagareforbundet.se\/kungsbacka\/files\/2024\/01\/Protokoll-styrelsemote-2023-11-09.pdf\">Protokoll styrelsem\u00f6te SJF 2023-11-09<\/a><\/p>\n<p><a href=\"https:\/\/krets.jagareforbundet.se\/kungsbacka\/files\/2023\/08\/Protokoll-styrelsemote-SJF-2023-08-243735.pdf\">Protokoll styrelsem\u00f6te SJF 2023-08-24<\/a><\/p>\n<p><a href=\"https:\/\/krets.jagareforbundet.se\/kungsbacka\/files\/2023\/05\/Protokoll-styrelsemote-SJF-2023-05-253467.pdf\">Protokoll styrelsem\u00f6te SJF 2023-05-25<\/a><\/p>\n<p><a href=\"https:\/\/krets.jagareforbundet.se\/kungsbacka\/files\/2023\/03\/Protokoll-styrelsemote-SJF-2023-03-23.pdf\">Protokoll styrelsem\u00f6te SJF 2023-03-23<\/a><\/p>\n<p><a href=\"https:\/\/krets.jagareforbundet.se\/kungsbacka\/files\/2023\/03\/Arsstammoprotokoll-Kungsbacka-Jvk-verksamhetsaret-20223355.pdf\">Protokoll styrelsem\u00f6te Kungsbacka Jaktv\u00e5rdskrets \u00e5rsm\u00f6te, verksamhetsa\u030aret 2022 &#8211; 2023-02-23<\/a><\/p>\n<p><a href=\"https:\/\/krets.jagareforbundet.se\/kungsbacka\/files\/2022\/10\/Protokoll-styrelsemo\u0308te-SJF-2022-10-06.pdf\">Protokoll styrelsemo\u0308te SJF 2022-10-06<\/a><\/p>\n<p><a href=\"https:\/\/krets.jagareforbundet.se\/kungsbacka\/files\/2022\/08\/Protokoll-styrelsemo\u0308te-SJF-2022-08-18.pdf\">Protokoll styrelsemo\u0308te SJF 2022-08-18<\/a><\/p>\n<p><a href=\"https:\/\/krets.jagareforbundet.se\/kungsbacka\/files\/2022\/08\/Protokoll-styrelsemote-SJF-2022-06-09.pdf\">Protokoll styrelsem\u00f6te SJF 2022-06-09<\/a><\/p>\n<p><a href=\"https:\/\/krets.jagareforbundet.se\/kungsbacka\/files\/2022\/05\/Protokoll-styrelsemote-220421.pdf\">Protokoll styrelsem\u00f6te 220421<\/a><\/p>\n<p><a href=\"https:\/\/krets.jagareforbundet.se\/kungsbacka\/files\/2022\/04\/Protokoll-styrelsemote-Kba-Jvk-220303.pdf\">Protokoll styrelsem\u00f6te Kba Jvk 220303<\/a><\/p>\n<p><a href=\"https:\/\/krets.jagareforbundet.se\/kungsbacka\/files\/2024\/01\/Arsmotesprotokoll-2022-17-feb.pdf\">Protokoll styrelsem\u00f6te Kungsbacka Jaktv\u00e5rdskrets \u00e5rsm\u00f6te, verksamhets\u00e5ret 2021, 2022-02-17<\/a><\/p>\n<p><a href=\"https:\/\/krets.jagareforbundet.se\/kungsbacka\/files\/2021\/08\/Protokoll-styrelsem\u00f6te-SJF-Kungsbacka-2021.08.26-sign.-.docx\">Protokoll styrelsem\u00f6te SJF Kungsbacka 2021.08.26 sign.<\/a><\/p>\n<p><a href=\"https:\/\/krets.jagareforbundet.se\/kungsbacka\/files\/2021\/06\/Protokoll-styrelsem\u00f6te-SJF-Kungsbacka-2021-06.10.docx\">Protokoll styrelsem\u00f6te SJF Kungsbacka 2021-06.10<\/a><\/p>\n<p><a href=\"https:\/\/krets.jagareforbundet.se\/kungsbacka\/files\/2024\/01\/Arsmotesprotokoll-2021-18-feb.pdf\">Protokoll styrelsem\u00f6te Kungsbacka Jaktv\u00e5rdskrets \u00e5rsm\u00f6te, verksamhets\u00e5ret 2020, 2021-02-18<\/a><\/p>\n<p><a href=\"https:\/\/krets.jagareforbundet.se\/kungsbacka\/files\/2021\/06\/Protokoll-styrelsem\u00f6te-SJF-Kungsbacka-2020-08-26.docx\">Protokoll styrelsem\u00f6te SJF Kungsbacka 2020-08-26<\/a><\/p>\n<p><a href=\"https:\/\/krets.jagareforbundet.se\/kungsbacka\/files\/2020\/09\/Protokoll-styrelsem\u00f6te-J\u00e4garef\u00f6rbundet-Kungsbacka-JVK-2020-07-30-1.pdf\">Protokoll styrelsem\u00f6te J\u00e4garef\u00f6rbundet Kungsbacka JVK 2020-07-30 (1)<\/a><\/p>\n<p><a href=\"https:\/\/krets.jagareforbundet.se\/kungsbacka\/files\/2020\/01\/Protokoll-styrelsem\u00f6te-2020-01-16-SIGNERAT.pdf\" target=\"_blank\" rel=\"noopener noreferrer\">Protokoll styrelsem\u00f6te 2020-01-16 SIGNERAT<\/a><\/p>\n<p><a href=\"https:\/\/krets.jagareforbundet.se\/kungsbacka\/files\/2019\/09\/M\u00f6tesprotokoll-Kba-Jktv-190822.pdf\">Protokoll styrelsem\u00f6te J\u00e4garef\u00f6rbundet Kungsbacka JVK 2019-08-22<\/a><\/p>\n<p><a href=\"https:\/\/krets.jagareforbundet.se\/kungsbacka\/files\/2019\/06\/protokoll-styrelsemote-jagareforbundet-kungsbacka-jvk-2019-06-13-signerat.pdf\">Protokoll styrelsem\u00f6te J\u00e4garef\u00f6rbundet Kungsbacka JVK 2019-06-13 signerat<\/a><\/p>\n<p><a href=\"https:\/\/krets.jagareforbundet.se\/kungsbacka\/files\/2019\/06\/protokoll-jvk-190404-sign.pdf\">Protokoll styrelsem\u00f6te J\u00e4garef\u00f6rbundet Kungsbacka JVK 2019-04-04<\/a><\/p>\n<p><a href=\"https:\/\/krets.jagareforbundet.se\/kungsbacka\/files\/2019\/04\/protokoll-styrelsemote-jagareforbundet-kungsbacka-jvk-2019-02-28-signerat.pdf\">Protokoll styrelsem\u00f6te J\u00e4garef\u00f6rbundet Kungsbacka JVK 2019-02-28 SIGNERAT<\/a><\/p>\n<p><a href=\"https:\/\/krets.jagareforbundet.se\/kungsbacka\/files\/2019\/01\/protokoll-styrelsemote-jagareforbundet-kungsbacka-jvk-2019-01-17-signerat.pdf\">Protokoll styrelsem\u00f6te J\u00e4garef\u00f6rbundet Kungsbacka JVK 2019-01-17 SIGNERAT<\/a><\/p>\n<p><a href=\"https:\/\/krets.jagareforbundet.se\/kungsbacka\/files\/2018\/07\/protokoll-styrelsemote-jagareforbundet-kungsbacka-jvk-2018-06-14.pdf\">Protokoll styrelsem\u00f6te J\u00e4garef\u00f6rbundet Kungsbacka JVK 2018-06-14<\/a><\/p>\n<p><a href=\"https:\/\/krets.jagareforbundet.se\/kungsbacka\/files\/2018\/09\/protokoll-styrelsemote-kungsbacka-jvk-2018-08-23.pdf\" target=\"_blank\" rel=\"noopener noreferrer\">Protokoll styrelsem\u00f6te Kungsbacka JVK 2018-08-23<\/a><\/p>\n<p><a href=\"https:\/\/krets.jagareforbundet.se\/kungsbacka\/files\/2018\/11\/protokoll-styrelsemote-jagareforbundet-kungsbacka-jvk-2018-11-08.pdf\">Protokoll styrelsem\u00f6te J\u00e4garef\u00f6rbundet Kungsbacka JVK 2018-11-08<\/a><\/p>\n<p>&nbsp;<\/p>\n","protected":false},"excerpt":{"rendered":"<p>Nedan \u00e5terfinns samtliga protokoll fr\u00e5n styrelsem\u00f6ten som h\u00e5llits i Kungsbacka jaktv\u00e5rdskrets. Protokoll Styrelsem\u00f6te SJF 2026-01-22 Protokoll Styrelsem\u00f6te SJF 2025-11-06 Protokoll Styrelsem\u00f6te SJF 2025-10-02 Protokoll Styrelsem\u00f6te SJF-2025-08-21 Protokoll Styrelsem\u00f6te SJF 2025-06-12 Protokoll Styrelsem\u00f6te SJF 2025-04-03 Protokoll\u00a0 Styrelsemo\u0308te SJF 2025-01-30 Protokoll Styrelsem\u00f6te SJF 2024-11-07 Protokoll Styrelsemo\u0308te SJF 2024-09-26 Protokoll Styrelsem\u00f6te SJF 2024-08-13 Protokoll Styrelsem\u00f6te SJF 2024-05-28 Protokoll [&hellip;]<\/p>\n","protected":false},"author":200,"featured_media":0,"parent":193,"menu_order":0,"comment_status":"closed","ping_status":"closed","template":"","meta":{"footnotes":""},"class_list":["post-597","page","type-page","status-publish","hentry"],"_links":{"self":[{"href":"https:\/\/krets.jagareforbundet.se\/kungsbacka\/wp-json\/wp\/v2\/pages\/597","targetHints":{"allow":["GET"]}}],"collection":[{"href":"https:\/\/krets.jagareforbundet.se\/kungsbacka\/wp-json\/wp\/v2\/pages"}],"about":[{"href":"https:\/\/krets.jagareforbundet.se\/kungsbacka\/wp-json\/wp\/v2\/types\/page"}],"author":[{"embeddable":true,"href":"https:\/\/krets.jagareforbundet.se\/kungsbacka\/wp-json\/wp\/v2\/users\/200"}],"replies":[{"embeddable":true,"href":"https:\/\/krets.jagareforbundet.se\/kungsbacka\/wp-json\/wp\/v2\/comments?post=597"}],"version-history":[{"count":3,"href":"https:\/\/krets.jagareforbundet.se\/kungsbacka\/wp-json\/wp\/v2\/pages\/597\/revisions"}],"predecessor-version":[{"id":1072,"href":"https:\/\/krets.jagareforbundet.se\/kungsbacka\/wp-json\/wp\/v2\/pages\/597\/revisions\/1072"}],"up":[{"embeddable":true,"href":"https:\/\/krets.jagareforbundet.se\/kungsbacka\/wp-json\/wp\/v2\/pages\/193"}],"wp:attachment":[{"href":"https:\/\/krets.jagareforbundet.se\/kungsbacka\/wp-json\/wp\/v2\/media?parent=597"}],"curies":[{"name":"wp","href":"https:\/\/api.w.org\/{rel}","templated":true}]}}