{"id":624,"date":"2018-11-08T21:26:05","date_gmt":"2018-11-08T20:26:05","guid":{"rendered":"https:\/\/krets.jagareforbundet.se\/kungsbacka\/?page_id=624"},"modified":"2024-01-10T19:46:50","modified_gmt":"2024-01-10T18:46:50","slug":"viltovervakning","status":"publish","type":"page","link":"https:\/\/krets.jagareforbundet.se\/kungsbacka\/viltovervakning\/","title":{"rendered":"Vilt\u00f6vervakning"},"content":{"rendered":"<p>Information om j\u00e4garef\u00f6rbundets vilt\u00f6vervakning:\u00a0<a href=\"https:\/\/jagareforbundet.se\/vilt\/viltovervakning\/om-viltovervakning\/\" target=\"_blank\" rel=\"noopener\">https:\/\/jagareforbundet.se\/vilt\/viltovervakning\/om-viltovervakning\/<\/a><\/p>\n<p>Information om hur du rapporterar f\u00e4llt vilt p\u00e5\u00a0<a href=\"http:\/\/www.viltdata.se\/sa-rapporterar-du\/\" target=\"_blank\" rel=\"noopener\">http:\/\/www.viltdata.se\/sa-rapporterar-du\/<\/a><\/p>\n<p>&nbsp;<\/p>\n","protected":false},"excerpt":{"rendered":"<p>Information om j\u00e4garef\u00f6rbundets vilt\u00f6vervakning:\u00a0https:\/\/jagareforbundet.se\/vilt\/viltovervakning\/om-viltovervakning\/ Information om hur du rapporterar f\u00e4llt vilt p\u00e5\u00a0http:\/\/www.viltdata.se\/sa-rapporterar-du\/ &nbsp;<\/p>\n","protected":false},"author":200,"featured_media":0,"parent":0,"menu_order":0,"comment_status":"closed","ping_status":"closed","template":"","meta":{"footnotes":""},"class_list":["post-624","page","type-page","status-publish","hentry"],"_links":{"self":[{"href":"https:\/\/krets.jagareforbundet.se\/kungsbacka\/wp-json\/wp\/v2\/pages\/624","targetHints":{"allow":["GET"]}}],"collection":[{"href":"https:\/\/krets.jagareforbundet.se\/kungsbacka\/wp-json\/wp\/v2\/pages"}],"about":[{"href":"https:\/\/krets.jagareforbundet.se\/kungsbacka\/wp-json\/wp\/v2\/types\/page"}],"author":[{"embeddable":true,"href":"https:\/\/krets.jagareforbundet.se\/kungsbacka\/wp-json\/wp\/v2\/users\/200"}],"replies":[{"embeddable":true,"href":"https:\/\/krets.jagareforbundet.se\/kungsbacka\/wp-json\/wp\/v2\/comments?post=624"}],"version-history":[{"count":1,"href":"https:\/\/krets.jagareforbundet.se\/kungsbacka\/wp-json\/wp\/v2\/pages\/624\/revisions"}],"predecessor-version":[{"id":915,"href":"https:\/\/krets.jagareforbundet.se\/kungsbacka\/wp-json\/wp\/v2\/pages\/624\/revisions\/915"}],"wp:attachment":[{"href":"https:\/\/krets.jagareforbundet.se\/kungsbacka\/wp-json\/wp\/v2\/media?parent=624"}],"curies":[{"name":"wp","href":"https:\/\/api.w.org\/{rel}","templated":true}]}}