{"id":708,"date":"2020-02-27T19:42:00","date_gmt":"2020-02-27T18:42:00","guid":{"rendered":"https:\/\/krets.jagareforbundet.se\/kungsbacka\/?page_id=708"},"modified":"2020-02-27T19:42:09","modified_gmt":"2020-02-27T18:42:09","slug":"arsmote-2020-02-20","status":"publish","type":"page","link":"https:\/\/krets.jagareforbundet.se\/kungsbacka\/moteshandlingar\/arsmote-2020-02-20\/","title":{"rendered":"\u00c5rsm\u00f6te 2020-02-20"},"content":{"rendered":"<p><a href=\"https:\/\/krets.jagareforbundet.se\/kungsbacka\/files\/2020\/02\/Protokoll-f\u00f6r-\u00e5rsm\u00f6te-2020-JUSTERAT.pdf\" target=\"_blank\" rel=\"noopener noreferrer\">Protokoll f\u00f6r \u00e5rsm\u00f6te 2020 JUSTERAT<\/a><\/p>\n<p><a href=\"https:\/\/krets.jagareforbundet.se\/kungsbacka\/files\/2020\/02\/Alla-handlingar-Kba-jvk-\u00e5rsm\u00f6te-2020.pdf\" target=\"_blank\" rel=\"noopener noreferrer\">Alla handlingar Kungsbacka Jaktv\u00e5rdskrets \u00e5rsm\u00f6te 2020<\/a><\/p>\n","protected":false},"excerpt":{"rendered":"<p>Protokoll f\u00f6r \u00e5rsm\u00f6te 2020 JUSTERAT Alla handlingar Kungsbacka Jaktv\u00e5rdskrets \u00e5rsm\u00f6te 2020<\/p>\n","protected":false},"author":200,"featured_media":0,"parent":193,"menu_order":0,"comment_status":"closed","ping_status":"closed","template":"","meta":{"footnotes":""},"class_list":["post-708","page","type-page","status-publish","hentry"],"_links":{"self":[{"href":"https:\/\/krets.jagareforbundet.se\/kungsbacka\/wp-json\/wp\/v2\/pages\/708","targetHints":{"allow":["GET"]}}],"collection":[{"href":"https:\/\/krets.jagareforbundet.se\/kungsbacka\/wp-json\/wp\/v2\/pages"}],"about":[{"href":"https:\/\/krets.jagareforbundet.se\/kungsbacka\/wp-json\/wp\/v2\/types\/page"}],"author":[{"embeddable":true,"href":"https:\/\/krets.jagareforbundet.se\/kungsbacka\/wp-json\/wp\/v2\/users\/200"}],"replies":[{"embeddable":true,"href":"https:\/\/krets.jagareforbundet.se\/kungsbacka\/wp-json\/wp\/v2\/comments?post=708"}],"version-history":[{"count":1,"href":"https:\/\/krets.jagareforbundet.se\/kungsbacka\/wp-json\/wp\/v2\/pages\/708\/revisions"}],"predecessor-version":[{"id":711,"href":"https:\/\/krets.jagareforbundet.se\/kungsbacka\/wp-json\/wp\/v2\/pages\/708\/revisions\/711"}],"up":[{"embeddable":true,"href":"https:\/\/krets.jagareforbundet.se\/kungsbacka\/wp-json\/wp\/v2\/pages\/193"}],"wp:attachment":[{"href":"https:\/\/krets.jagareforbundet.se\/kungsbacka\/wp-json\/wp\/v2\/media?parent=708"}],"curies":[{"name":"wp","href":"https:\/\/api.w.org\/{rel}","templated":true}]}}