{"id":1139,"date":"2025-06-01T17:33:05","date_gmt":"2025-06-01T15:33:05","guid":{"rendered":"https:\/\/krets.jagareforbundet.se\/lagunda\/?page_id=1139"},"modified":"2025-06-01T19:41:18","modified_gmt":"2025-06-01T17:41:18","slug":"km-viltspar-2025","status":"publish","type":"page","link":"https:\/\/krets.jagareforbundet.se\/lagunda\/spartraning\/km-viltspar-2025\/","title":{"rendered":"KM Viltsp\u00e5r 2025"},"content":{"rendered":"<div id=\"attachment_1142\" style=\"width: 1034px\" class=\"wp-caption alignnone\"><a href=\"https:\/\/krets.jagareforbundet.se\/lagunda\/files\/2025\/06\/KM-2025-Viltspar-Lagunda.jpg\"><img loading=\"lazy\" decoding=\"async\" aria-describedby=\"caption-attachment-1142\" class=\"size-large wp-image-1142\" src=\"https:\/\/krets.jagareforbundet.se\/lagunda\/files\/2025\/06\/KM-2025-Viltspar-Lagunda-1024x768.jpg\" alt=\"\" width=\"1024\" height=\"768\" srcset=\"https:\/\/krets.jagareforbundet.se\/lagunda\/files\/2025\/06\/KM-2025-Viltspar-Lagunda-1024x768.jpg 1024w, https:\/\/krets.jagareforbundet.se\/lagunda\/files\/2025\/06\/KM-2025-Viltspar-Lagunda-300x225.jpg 300w, https:\/\/krets.jagareforbundet.se\/lagunda\/files\/2025\/06\/KM-2025-Viltspar-Lagunda-768x576.jpg 768w, https:\/\/krets.jagareforbundet.se\/lagunda\/files\/2025\/06\/KM-2025-Viltspar-Lagunda-1536x1152.jpg 1536w, https:\/\/krets.jagareforbundet.se\/lagunda\/files\/2025\/06\/KM-2025-Viltspar-Lagunda.jpg 1920w\" sizes=\"auto, (max-width: 1024px) 100vw, 1024px\" \/><\/a><p id=\"caption-attachment-1142\" class=\"wp-caption-text\">Foto: Fredrik Wimark<\/p><\/div>\n<p><em>Fr\u00e5n v\u00e4nster, Vinnaren Mikael med Speja, Magnus domare, trea Sara med Neo, Johan domare och tv\u00e5an Kjell med Rocky<\/em><\/p>\n<p>&nbsp;<\/p>\n<p data-start=\"120\" data-end=\"278\"><strong data-start=\"120\" data-end=\"278\">Den 31 maj 2025 genomf\u00f6rdes Lagunda\u00b4s kretsm\u00e4sterskap (KM) i viltsp\u00e5r. T\u00e4vlingen utgjorde samtidigt uttagning till \u00e5rets l\u00e4nsm\u00e4sterskap (LM).<\/strong><\/p>\n<p data-start=\"280\" data-end=\"520\">Sex hundar deltog i m\u00e4sterskapet. Domare f\u00f6r dagen var Magnus Vestin och Johan Steineck fr\u00e5n Upplands Dreverklubb. V\u00e4dret var varmt och f\u00f6rh\u00e5llandena utmanande, men samtliga ekipage genomf\u00f6rde sina sp\u00e5r med mycket goda resultat.<\/p>\n<p data-start=\"522\" data-end=\"782\">Vinnare av kretsm\u00e4sterskapet blev Mikael Bonnevi\u00e9r med hunden Speja (Basset fauve de bretagne), som d\u00e4rmed kommer att representera Lagunda Jvk vid l\u00e4nsm\u00e4sterskapet. Andraplatsen tilldelades Kjell Wallin med hunden Rocky (Wachtel), och tredjeplatsen gick till Sara Wimark med hunden Neo (Jaktlabrador).<\/p>\n<p data-start=\"784\" data-end=\"954\"><strong>Vi \u00f6nskar Mikael och Speja ett stort grattis till segern i kretsm\u00e4sterskapet och lycka till vid l\u00e4nsm\u00e4sterskapet<\/strong>, som \u00e4ger rum l\u00f6rdagen den 14 juni 2025 och arrangeras av Norra Hagunda Jaktv\u00e5rdskrets.<\/p>\n<p data-start=\"956\" data-end=\"1066\">Lagunda Jvk vill \u00e4ven rikta ett stort tack till funktion\u00e4rer och domare f\u00f6r deras v\u00e4rdefulla insatser vid kretsm\u00e4sterskapet.<\/p>\n","protected":false},"excerpt":{"rendered":"<p>Fr\u00e5n v\u00e4nster, Vinnaren Mikael med Speja, Magnus domare, trea Sara med Neo, Johan domare och tv\u00e5an Kjell med Rocky &nbsp; Den 31 maj 2025 genomf\u00f6rdes Lagunda\u00b4s kretsm\u00e4sterskap (KM) i viltsp\u00e5r. T\u00e4vlingen utgjorde samtidigt uttagning till \u00e5rets l\u00e4nsm\u00e4sterskap (LM). Sex hundar deltog i m\u00e4sterskapet. Domare f\u00f6r dagen var Magnus Vestin och Johan Steineck fr\u00e5n Upplands Dreverklubb. [&hellip;]<\/p>\n","protected":false},"author":161,"featured_media":0,"parent":248,"menu_order":0,"comment_status":"closed","ping_status":"closed","template":"","meta":{"footnotes":""},"class_list":["post-1139","page","type-page","status-publish","hentry"],"_links":{"self":[{"href":"https:\/\/krets.jagareforbundet.se\/lagunda\/wp-json\/wp\/v2\/pages\/1139","targetHints":{"allow":["GET"]}}],"collection":[{"href":"https:\/\/krets.jagareforbundet.se\/lagunda\/wp-json\/wp\/v2\/pages"}],"about":[{"href":"https:\/\/krets.jagareforbundet.se\/lagunda\/wp-json\/wp\/v2\/types\/page"}],"author":[{"embeddable":true,"href":"https:\/\/krets.jagareforbundet.se\/lagunda\/wp-json\/wp\/v2\/users\/161"}],"replies":[{"embeddable":true,"href":"https:\/\/krets.jagareforbundet.se\/lagunda\/wp-json\/wp\/v2\/comments?post=1139"}],"version-history":[{"count":3,"href":"https:\/\/krets.jagareforbundet.se\/lagunda\/wp-json\/wp\/v2\/pages\/1139\/revisions"}],"predecessor-version":[{"id":1149,"href":"https:\/\/krets.jagareforbundet.se\/lagunda\/wp-json\/wp\/v2\/pages\/1139\/revisions\/1149"}],"up":[{"embeddable":true,"href":"https:\/\/krets.jagareforbundet.se\/lagunda\/wp-json\/wp\/v2\/pages\/248"}],"wp:attachment":[{"href":"https:\/\/krets.jagareforbundet.se\/lagunda\/wp-json\/wp\/v2\/media?parent=1139"}],"curies":[{"name":"wp","href":"https:\/\/api.w.org\/{rel}","templated":true}]}}