{"id":139,"date":"2014-04-29T20:46:43","date_gmt":"2014-04-29T18:46:43","guid":{"rendered":"https:\/\/krets.jagareforbundet.se\/lagunda\/?page_id=139"},"modified":"2025-04-06T16:56:42","modified_gmt":"2025-04-06T14:56:42","slug":"eftersok","status":"publish","type":"page","link":"https:\/\/krets.jagareforbundet.se\/lagunda\/eftersok\/","title":{"rendered":"Efters\u00f6k"},"content":{"rendered":"<h4><strong>Sidan uppdaterad: 6 april 2025<\/strong><\/h4>\n<p>&nbsp;<\/p>\n<h2>Kom ih\u00e5g!<\/h2>\n<p>Att genomf\u00f6ra efters\u00f6k \u00e4r ett lagkrav och du skall vid all jakt ha tillg\u00e5ng till efters\u00f6kshund.<br \/>\nDu som skytt ansvarar f\u00f6r att ett efters\u00f6k genomf\u00f6rs om olyckan skulle vara framme.<\/p>\n<ul>\n<li>Jaktlagen kr\u00e4ver att en efters\u00f6kshund skall vara tillg\u00e4nglig inom tv\u00e5 timmar vid all jakt p\u00e5 kl\u00f6vvilt.<\/li>\n<li>Jaktlagen kr\u00e4ver \u00e4ven att efters\u00f6kshunden skall vara utbildad och l\u00e4mplig f\u00f6r den aktuella viltarten.<\/li>\n<\/ul>\n<hr \/>\n<h3>Efters\u00f6kekipage 2025<\/h3>\n<p>Beh\u00f6ver du hj\u00e4lp vid ett eventuellt efters\u00f6k inom Lagunda JVK.<strong><br \/>\n<\/strong><span style=\"color: #ff0000\">Ring g\u00e4rna innan du g\u00e5r ut och jagar f\u00f6r att kontrollera att m\u00f6jlighet finns att f\u00e5 hj\u00e4lp vid behov.<\/span><\/p>\n<p><strong>Samtliga djur:<br \/>\n<\/strong>Kjell Wallin<strong><br \/>\n<\/strong>070-678 89 37<\/p>\n<p><strong>Samtliga djur:<br \/>\n<\/strong>Fredrik Wimark<br \/>\n070-576 40 02<\/p>\n<p>\u00c4lg &amp; R\u00e5djur:<br \/>\nAnders Wallin<br \/>\n070-660 17 54<\/p>\n<hr \/>\n<h3>Efter skottet<\/h3>\n<p class=\"intro\">H\u00e4r f\u00f6ljer lite tips om hur du som som skytt kan agerara innan du kontaktar efters\u00f6ksj\u00e4gare<\/p>\n<div>\n<ul>\n<li>Ta det lugnt i minst 10 minuter innan du g\u00e5r fram till skottplatsen.<\/li>\n<li>Under tiden t\u00e4nk efter hur djuret reagerade p\u00e5 skottet.<\/li>\n<li>Markera platsen d\u00e4r du stod d\u00e5 du avlossade skottet.<\/li>\n<li>Markera skottplatsen och flyktriktning med en snitsel eller n\u00e5got annat.<\/li>\n<li>L\u00e5t alla eventuella fynd p\u00e5 skottplatsen vara kvar.<\/li>\n<li>Om du \u00e4r helt s\u00e4ker p\u00e5 att lungblod finns p\u00e5 skottplatsen kan du f\u00f6rsiktigt leta efter djuret sj\u00e4lv. Men inte l\u00e4ngre \u00e4n 50 meter.<\/li>\n<li>Alla avlossade skott b\u00f6r betraktas\u00a0som en tr\u00e4ff och m\u00e5ste kontrolleras med en efters\u00f6kshund.<\/li>\n<\/ul>\n<h3>Exempel p\u00e5 skottecken:<\/h3>\n<ul>\n<li>Djuret snubblade n\u00e4r det sprang iv\u00e4g.<\/li>\n<li>Djuret slog runt och blev liggande en kort stund f\u00f6r att sedan f\u00f6rsvinna.<\/li>\n<li>Alla ben var intakta eller\u00a0djuret haltade n\u00e4r det f\u00f6rsvann.<\/li>\n<li>Djuret stannade och tittade sig omkring under flykten.<\/li>\n<li>Djuret krummade ihop och f\u00f6rsvann l\u00e5ngsamt fr\u00e5n skottplatsen.<\/li>\n<\/ul>\n<\/div>\n<div id=\"attachment_466\" style=\"width: 1006px\" class=\"wp-caption aligncenter\"><a href=\"https:\/\/krets.jagareforbundet.se\/lagunda\/files\/2022\/02\/22870410-hunting.jpg\"><img loading=\"lazy\" decoding=\"async\" aria-describedby=\"caption-attachment-466\" class=\"wp-image-466 size-full\" src=\"https:\/\/krets.jagareforbundet.se\/lagunda\/files\/2022\/02\/22870410-hunting.jpg\" alt=\"Bild Efters\u00f6k\" width=\"996\" height=\"500\" srcset=\"https:\/\/krets.jagareforbundet.se\/lagunda\/files\/2022\/02\/22870410-hunting.jpg 996w, https:\/\/krets.jagareforbundet.se\/lagunda\/files\/2022\/02\/22870410-hunting-300x151.jpg 300w, https:\/\/krets.jagareforbundet.se\/lagunda\/files\/2022\/02\/22870410-hunting-768x386.jpg 768w\" sizes=\"auto, (max-width: 996px) 100vw, 996px\" \/><\/a><p id=\"caption-attachment-466\" class=\"wp-caption-text\">Foto: Mostohotos<\/p><\/div>\n<p><a href=\"https:\/\/jagareforbundet.se\/jakt\/eftersok\/\" target=\"_blank\" rel=\"noopener\">Tryck h\u00e4r f\u00f6r att l\u00e4sa mer om efters\u00f6k p\u00e5 f\u00f6rbundets hemsida.<\/a><\/p>\n","protected":false},"excerpt":{"rendered":"<p>Sidan uppdaterad: 6 april 2025 &nbsp; Kom ih\u00e5g! Att genomf\u00f6ra efters\u00f6k \u00e4r ett lagkrav och du skall vid all jakt ha tillg\u00e5ng till efters\u00f6kshund. Du som skytt ansvarar f\u00f6r att ett efters\u00f6k genomf\u00f6rs om olyckan skulle vara framme. Jaktlagen kr\u00e4ver att en efters\u00f6kshund skall vara tillg\u00e4nglig inom tv\u00e5 timmar vid all jakt p\u00e5 kl\u00f6vvilt. Jaktlagen [&hellip;]<\/p>\n","protected":false},"author":161,"featured_media":0,"parent":0,"menu_order":4,"comment_status":"open","ping_status":"open","template":"","meta":{"footnotes":""},"class_list":["post-139","page","type-page","status-publish","hentry"],"_links":{"self":[{"href":"https:\/\/krets.jagareforbundet.se\/lagunda\/wp-json\/wp\/v2\/pages\/139","targetHints":{"allow":["GET"]}}],"collection":[{"href":"https:\/\/krets.jagareforbundet.se\/lagunda\/wp-json\/wp\/v2\/pages"}],"about":[{"href":"https:\/\/krets.jagareforbundet.se\/lagunda\/wp-json\/wp\/v2\/types\/page"}],"author":[{"embeddable":true,"href":"https:\/\/krets.jagareforbundet.se\/lagunda\/wp-json\/wp\/v2\/users\/161"}],"replies":[{"embeddable":true,"href":"https:\/\/krets.jagareforbundet.se\/lagunda\/wp-json\/wp\/v2\/comments?post=139"}],"version-history":[{"count":4,"href":"https:\/\/krets.jagareforbundet.se\/lagunda\/wp-json\/wp\/v2\/pages\/139\/revisions"}],"predecessor-version":[{"id":1100,"href":"https:\/\/krets.jagareforbundet.se\/lagunda\/wp-json\/wp\/v2\/pages\/139\/revisions\/1100"}],"wp:attachment":[{"href":"https:\/\/krets.jagareforbundet.se\/lagunda\/wp-json\/wp\/v2\/media?parent=139"}],"curies":[{"name":"wp","href":"https:\/\/api.w.org\/{rel}","templated":true}]}}