{"id":189,"date":"2017-05-15T18:12:36","date_gmt":"2017-05-15T16:12:36","guid":{"rendered":"https:\/\/krets.jagareforbundet.se\/lagunda\/?page_id=189"},"modified":"2026-03-21T14:14:09","modified_gmt":"2026-03-21T13:14:09","slug":"styrelsen","status":"publish","type":"page","link":"https:\/\/krets.jagareforbundet.se\/lagunda\/styrelsen\/","title":{"rendered":"Styrelsen"},"content":{"rendered":"<h4>Sidan uppdaterad: 23 februari 2026<\/h4>\n<p>&nbsp;<\/p>\n<h2>Lagunda JVK \u2013 Styrelse och funktion\u00e4rer 2026<\/h2>\n<p>Har du fr\u00e5gor kring v\u00e5r verksamhet, jakt, medlemskap eller annat inom kretsen \u00e4r du varmt v\u00e4lkommen att h\u00f6ra av dig till oss i styrelsen. Vi hj\u00e4lper g\u00e4rna till och svarar s\u00e5 snart vi kan, och du kan vanligtvis r\u00e4kna med ett svar inom en vecka. Nedan hittar du v\u00e5ra kontaktuppgifter, v\u00e4lj den som passar din fr\u00e5ga b\u00e4st och h\u00f6r av dig.<\/p>\n<hr \/>\n<h3>Styrelse<\/h3>\n<p><strong>Ordf\u00f6rande<\/strong><br \/>\nMagnus Belin<br \/>\n070-832 74 06<br \/>\n<a style=\"color: #0073e6\" href=\"mailto:magnus.belin@outlook.com\">magnus.belin@outlook.com<\/a><br \/>\n<em>Medlemsfr\u00e5gor och jaktlag, rovdjursfr\u00e5gor och l\u00e4nsf\u00f6rening<\/em><\/p>\n<p><strong>Vice ordf\u00f6rande<\/strong><br \/>\nDaniel Pettersson<br \/>\n070-926 62 10<br \/>\n<a style=\"color: #0073e6\" href=\"mailto:danielhpettersson@gmail.com\">danielhpettersson@gmail.com<\/a><br \/>\n<em>Viltdata, \u00e4lg- och kronfr\u00e5gor,\u00a0 medlemsfr\u00e5gor och jaktlag, event och f\u00f6rel\u00e4sningar, l\u00e4nsf\u00f6rening<\/em><\/p>\n<p><strong>Sekreterare<\/strong><br \/>\nFredrik Wallin<br \/>\n070-580 87 67<br \/>\n<a style=\"color: #0073e6\" href=\"mailto:wallin.k.f@gmail.com\">wallin.k.f@gmail.com<\/a><\/p>\n<p><strong>Kass\u00f6r<\/strong><br \/>\nAdam Hult\u00e9n<br \/>\n<a style=\"color: #0073e6\" href=\"mailto:adam.a.hulten@gmail.com\">adam.a.hulten@gmail.com<\/a><br \/>\n<em>Ekonomifr\u00e5gor krets, \u00e4lg-kronsk\u00f6tselomr\u00e5de och stora allm\u00e4nningen jaktlag, l\u00e4nsf\u00f6rening<\/em><\/p>\n<p><strong>Ledamot<\/strong><br \/>\nAnders Wallin<br \/>\n070-660 17 54<br \/>\n<a style=\"color: #0073e6\" href=\"mailto:a.wallin@hotmail.com\">a.wallin@hotmail.com<\/a><br \/>\n<em>Hundfr\u00e5gor och viltsp\u00e5r, rovdjursfr\u00e5gor och skjutbanan<\/em><\/p>\n<p><strong>Ledamot<\/strong><br \/>\nMikael Bonnevi\u00e9r<br \/>\n<em>Hundfr\u00e5gor och viltsp\u00e5r, sm\u00e5viltsfr\u00e5gor, \u00e4lg- och kronfr\u00e5gor<\/em><\/p>\n<p><strong>Ledamot<\/strong><br \/>\nPer Gustafsson<br \/>\n<em>\u00c4lg- och kronfr\u00e5gor, skjutbanan, event och f\u00f6rel\u00e4sningar<\/em><\/p>\n<p><strong>Suppleant<\/strong><br \/>\nFredrik Wimark<br \/>\n070-576 40 02<br \/>\n<a style=\"color: #0073e6\" href=\"mailto:wimark.fredrik@gmail.com\">wimark.fredrik@gmail.com<\/a><br \/>\n<em>Jaktledare stora allm\u00e4nningen, hundfr\u00e5gor och viltsp\u00e5r<\/em><\/p>\n<p><strong>Suppleant<\/strong><br \/>\nJonas Carlsson<br \/>\n<a style=\"color: #0073e6\" href=\"mailto:carlsson_jonas@outlook.com\">carlsson_jonas@outlook.com<\/a><br \/>\n<em>Viltdata, hemsida, facebook, representant enk\u00f6pings j\u00e4garcentrum (Sneden)<\/em><\/p>\n<p><strong>Suppleant<\/strong><br \/>\nElin Rosquist<br \/>\n<a style=\"color: #0073e6\" href=\"mailto:elinrosquist@live.se\">elinrosquist@live.se<\/a><br \/>\n<em>JAQT-ansvarig, hundfr\u00e5gor och viltsp\u00e5r<\/em><\/p>\n<p><strong>Suppleant<\/strong><br \/>\nRoger Carlsson<br \/>\n<em>\u00c4lg- och kronfr\u00e5gor, skjutbanan<\/em><\/p>\n<p><strong>Suppleant<\/strong><br \/>\nJerry Olsson<br \/>\n<a style=\"color: #0073e6\" href=\"mailto:boka.lagundajvk@gmail.com\">boka.lagundajvk@gmail.com<\/a><br \/>\n<em>Bokning av skjutbanan och kalendern.<\/em><\/p>\n<p><strong>Revisor<\/strong><br \/>\nStaffan Ulv\u00e4ng<br \/>\nTomas Ulv\u00e4ng<\/p>\n<p>Suppleant<br \/>\nLennart \u00d6hrberg<br \/>\nErik Wall\u00e9n<\/p>\n<p><strong>Valberedning<\/strong><br \/>\nLotta Sonesson<br \/>\nGordon Lindborg<br \/>\nConny Henfridsson<\/p>\n<hr \/>\n<h3>Funktion\u00e4rer<\/h3>\n<p><strong>Banchef<\/strong><br \/>\nJonny Moberg<br \/>\n070-757 82 22<\/p>\n<p><strong>Ungdomsansvarig<\/strong><br \/>\nJonny Lind<br \/>\n<a style=\"color: #0073e6\" href=\"mailto:lagunda_ungdom@protonmail.com\">lagunda_ungdom@protonmail.com<\/a><\/p>\n<p>Gordon Lindborg<\/p>\n<p><strong>Ombud till l\u00e4nsf\u00f6rbundets st\u00e4mma<\/strong><br \/>\nDaniel Pettersson<br \/>\nMagnus Belin<\/p>\n<p>Suppleant<br \/>\nAdam Hult\u00e9n<\/p>\n<p><strong>T\u00e4vlingskommitt\u00e9<\/strong><br \/>\nLars-Erik Str\u00f6m<br \/>\nJonny Moberg<\/p>\n<p><strong>Viltsp\u00e5rkommitt\u00e9<\/strong><br \/>\nAnders Wallin<br \/>\nKjell Wallin<br \/>\nFredrik Wimark<br \/>\nMikael Bonnevi\u00e9r<\/p>\n<p><strong>Klubbm\u00e4stare<\/strong><br \/>\nDaniel Petterson<\/p>\n<p><strong>Materialf\u00f6rvaltare<\/strong><br \/>\nJonny Lind<br \/>\nJonas Carlsson<\/p>\n<p><strong>Banfogdar<\/strong><br \/>\nRoger Carlsson<br \/>\nRoland Lindborg<br \/>\nJani Sandholm<\/p>\n<p><strong>Ansvarig f\u00f6r viltstatistik<\/strong><br \/>\nDaniel Pettersson<\/p>\n<p><strong>Representant Enk\u00f6pings j\u00e4garcentrum<\/strong><br \/>\nRichard Tranberg<br \/>\nEric Ogenhall<br \/>\nJonas Carlsson<\/p>\n","protected":false},"excerpt":{"rendered":"<p>Sidan uppdaterad: 23 februari 2026 &nbsp; Lagunda JVK \u2013 Styrelse och funktion\u00e4rer 2026 Har du fr\u00e5gor kring v\u00e5r verksamhet, jakt, medlemskap eller annat inom kretsen \u00e4r du varmt v\u00e4lkommen att h\u00f6ra av dig till oss i styrelsen. Vi hj\u00e4lper g\u00e4rna till och svarar s\u00e5 snart vi kan, och du kan vanligtvis r\u00e4kna med ett svar [&hellip;]<\/p>\n","protected":false},"author":161,"featured_media":0,"parent":0,"menu_order":1,"comment_status":"closed","ping_status":"closed","template":"","meta":{"footnotes":""},"class_list":["post-189","page","type-page","status-publish","hentry"],"_links":{"self":[{"href":"https:\/\/krets.jagareforbundet.se\/lagunda\/wp-json\/wp\/v2\/pages\/189","targetHints":{"allow":["GET"]}}],"collection":[{"href":"https:\/\/krets.jagareforbundet.se\/lagunda\/wp-json\/wp\/v2\/pages"}],"about":[{"href":"https:\/\/krets.jagareforbundet.se\/lagunda\/wp-json\/wp\/v2\/types\/page"}],"author":[{"embeddable":true,"href":"https:\/\/krets.jagareforbundet.se\/lagunda\/wp-json\/wp\/v2\/users\/161"}],"replies":[{"embeddable":true,"href":"https:\/\/krets.jagareforbundet.se\/lagunda\/wp-json\/wp\/v2\/comments?post=189"}],"version-history":[{"count":3,"href":"https:\/\/krets.jagareforbundet.se\/lagunda\/wp-json\/wp\/v2\/pages\/189\/revisions"}],"predecessor-version":[{"id":1262,"href":"https:\/\/krets.jagareforbundet.se\/lagunda\/wp-json\/wp\/v2\/pages\/189\/revisions\/1262"}],"wp:attachment":[{"href":"https:\/\/krets.jagareforbundet.se\/lagunda\/wp-json\/wp\/v2\/media?parent=189"}],"curies":[{"name":"wp","href":"https:\/\/api.w.org\/{rel}","templated":true}]}}