{"id":2,"date":"2011-09-07T09:28:43","date_gmt":"2011-09-07T09:28:43","guid":{"rendered":"https:\/\/krets.jagareforbundet.se\/template\/?page_id=2"},"modified":"2026-05-08T11:30:04","modified_gmt":"2026-05-08T09:30:04","slug":"exempelsida","status":"publish","type":"page","link":"https:\/\/krets.jagareforbundet.se\/lagunda\/","title":{"rendered":"Lagunda jaktv\u00e5rdskrets"},"content":{"rendered":"<p style=\"text-align: left\">V\u00e4lkommen till J\u00e4garf\u00f6rbundet Lagundakretsens hemsida<br \/>\nKretsen \u00e4r bel\u00e4gen ca 2 mil syd\/v\u00e4st om Uppsala med marker runt om samh\u00e4llet \u00d6rsundsbro.<br \/>\nVi \u00e4r ca 60 jaktlag i kretsen.<\/p>\n<div id=\"attachment_615\" style=\"width: 310px\" class=\"wp-caption alignleft\"><a href=\"https:\/\/krets.jagareforbundet.se\/lagunda\/files\/2022\/08\/karta_lagunda-aso_1.jpg\"><img loading=\"lazy\" decoding=\"async\" aria-describedby=\"caption-attachment-615\" class=\"wp-image-615 size-medium\" src=\"https:\/\/krets.jagareforbundet.se\/lagunda\/files\/2022\/08\/karta_lagunda-aso_1-300x194.jpg\" alt=\"Karta Lagunda \u00c4SO\" width=\"300\" height=\"194\" srcset=\"https:\/\/krets.jagareforbundet.se\/lagunda\/files\/2022\/08\/karta_lagunda-aso_1-300x194.jpg 300w, https:\/\/krets.jagareforbundet.se\/lagunda\/files\/2022\/08\/karta_lagunda-aso_1-1024x663.jpg 1024w, https:\/\/krets.jagareforbundet.se\/lagunda\/files\/2022\/08\/karta_lagunda-aso_1-768x497.jpg 768w, https:\/\/krets.jagareforbundet.se\/lagunda\/files\/2022\/08\/karta_lagunda-aso_1.jpg 1382w\" sizes=\"auto, (max-width: 300px) 100vw, 300px\" \/><\/a><p id=\"caption-attachment-615\" class=\"wp-caption-text\">Karta Lagunda \u00c4SO<\/p><\/div>\n<p>&nbsp;<\/p>\n<p>&nbsp;<\/p>\n<p>&nbsp;<\/p>\n<p>&nbsp;<\/p>\n<p>&nbsp;<\/p>\n<p>&nbsp;<\/p>\n<p>&nbsp;<\/p>\n<h3>Skjutbanan 2026<\/h3>\n<p><strong><span style=\"color: #0000ff\"><a style=\"color: #0000ff\" href=\"https:\/\/krets.jagareforbundet.se\/lagunda\/skjutbanan\/\">F\u00f6r mer info l\u00e4s h\u00e4r:<\/a><\/span><\/strong><\/p>\n<h3>Viltsp\u00e5rstr\u00e4ning 2026<\/h3>\n<p><strong><span style=\"color: #0000ff\"><a style=\"color: #0000ff\" href=\"https:\/\/krets.jagareforbundet.se\/lagunda\/spartraning\/\">F\u00f6r mer info l\u00e4s h\u00e4r:<\/a><\/span><\/strong><\/p>\n<h3>Resultat Spillningsinventering 2026<\/h3>\n<p><strong><span style=\"color: #0000ff\"><a style=\"color: #0000ff\" href=\"https:\/\/krets.jagareforbundet.se\/lagunda\/files\/2026\/05\/Resultat-pillningsinventering-Fjardhundra-AFO-2026.pdf\">F\u00f6r mer info l\u00e4s h\u00e4r:<\/a><\/span><\/strong><\/p>\n<p>&nbsp;<\/p>\n<p>&nbsp;<\/p>\n<p style=\"text-align: left\"><span style=\"color: #0000ff\"><strong><a style=\"color: #0000ff\" href=\"https:\/\/www.facebook.com\/groups\/lagundajvk\/\" target=\"_blank\" rel=\"noopener\">V\u00e4lkommen till v\u00e5r Facebooksida<\/a><\/strong><\/span><\/p>\n<p>&nbsp;<\/p>\n","protected":false},"excerpt":{"rendered":"<p>V\u00e4lkommen till J\u00e4garf\u00f6rbundet Lagundakretsens hemsida Kretsen \u00e4r bel\u00e4gen ca 2 mil syd\/v\u00e4st om Uppsala med marker runt om samh\u00e4llet \u00d6rsundsbro. Vi \u00e4r ca 60 jaktlag i kretsen. &nbsp; &nbsp; &nbsp; &nbsp; &nbsp; &nbsp; &nbsp; Skjutbanan 2026 F\u00f6r mer info l\u00e4s h\u00e4r: Viltsp\u00e5rstr\u00e4ning 2026 F\u00f6r mer info l\u00e4s h\u00e4r: Resultat Spillningsinventering 2026 F\u00f6r mer info l\u00e4s [&hellip;]<\/p>\n","protected":false},"author":3,"featured_media":0,"parent":0,"menu_order":0,"comment_status":"open","ping_status":"open","template":"","meta":{"footnotes":""},"class_list":["post-2","page","type-page","status-publish","hentry"],"_links":{"self":[{"href":"https:\/\/krets.jagareforbundet.se\/lagunda\/wp-json\/wp\/v2\/pages\/2","targetHints":{"allow":["GET"]}}],"collection":[{"href":"https:\/\/krets.jagareforbundet.se\/lagunda\/wp-json\/wp\/v2\/pages"}],"about":[{"href":"https:\/\/krets.jagareforbundet.se\/lagunda\/wp-json\/wp\/v2\/types\/page"}],"author":[{"embeddable":true,"href":"https:\/\/krets.jagareforbundet.se\/lagunda\/wp-json\/wp\/v2\/users\/3"}],"replies":[{"embeddable":true,"href":"https:\/\/krets.jagareforbundet.se\/lagunda\/wp-json\/wp\/v2\/comments?post=2"}],"version-history":[{"count":4,"href":"https:\/\/krets.jagareforbundet.se\/lagunda\/wp-json\/wp\/v2\/pages\/2\/revisions"}],"predecessor-version":[{"id":1314,"href":"https:\/\/krets.jagareforbundet.se\/lagunda\/wp-json\/wp\/v2\/pages\/2\/revisions\/1314"}],"wp:attachment":[{"href":"https:\/\/krets.jagareforbundet.se\/lagunda\/wp-json\/wp\/v2\/media?parent=2"}],"curies":[{"name":"wp","href":"https:\/\/api.w.org\/{rel}","templated":true}]}}