{"id":248,"date":"2020-03-08T21:53:46","date_gmt":"2020-03-08T20:53:46","guid":{"rendered":"https:\/\/krets.jagareforbundet.se\/lagunda\/?page_id=248"},"modified":"2026-04-08T22:54:43","modified_gmt":"2026-04-08T20:54:43","slug":"spartraning","status":"publish","type":"page","link":"https:\/\/krets.jagareforbundet.se\/lagunda\/spartraning\/","title":{"rendered":"Sp\u00e5rtr\u00e4ning"},"content":{"rendered":"<h4><strong>Sidan uppdaterad: 3 april 2026<\/strong><\/h4>\n<p style=\"text-align: center\"><a href=\"https:\/\/krets.jagareforbundet.se\/lagunda\/files\/2024\/02\/DSC_2274.jpg\"><br \/>\n<img loading=\"lazy\" decoding=\"async\" width=\"700\" height=\"377\" class=\"wp-image-900 size-full\" style=\"max-width: 100%;height: auto\" src=\"https:\/\/krets.jagareforbundet.se\/lagunda\/files\/2024\/02\/DSC_2274.jpg\" srcset=\"https:\/\/krets.jagareforbundet.se\/lagunda\/files\/2024\/02\/DSC_2274.jpg 700w, https:\/\/krets.jagareforbundet.se\/lagunda\/files\/2024\/02\/DSC_2274-300x162.jpg 300w\" sizes=\"auto, (max-width: 700px) 100vw, 700px\" \/><br \/>\n<\/a><br \/>\n<em>Foto: Madeleine Lewander<\/em><\/p>\n<h2>Viltsp\u00e5r<\/h2>\n<p>Viltsp\u00e5r syftar till att tr\u00e4na hunden till att bli en skicklig efters\u00f6kshund. I jaktf\u00f6rordningen anges f\u00f6ljande:<\/p>\n<blockquote style=\"border-left: 4px solid #ccc;padding-left: 10px;margin-left: 0\"><p>Vid jakt efter bj\u00f6rn, lo, \u00e4lg, hjort, r\u00e5djur, mufflonf\u00e5r eller vildsvin ska en hund som \u00e4r s\u00e4rskilt tr\u00e4nad i att sp\u00e5ra upp skadat vilt kunna finnas p\u00e5 skottplatsen inom h\u00f6gst tv\u00e5 timmar fr\u00e5n p\u00e5skjutningen.<\/p><\/blockquote>\n<p>Det \u00e4r d\u00e4rf\u00f6r viktigt att en jakt- eller sp\u00e5rhund f\u00e5r m\u00e5nga tillf\u00e4llen att tr\u00e4na inf\u00f6r denna kr\u00e4vande uppgift. F\u00f6r att klara arbetet kr\u00e4vs att hunden \u00e4r i god fysisk form och har god koncentrationsf\u00f6rm\u00e5ga.<\/p>\n<p>Viltsp\u00e5r \u00e4r ocks\u00e5 en utm\u00e4rkt aktivitet som stimulerar hunden b\u00e5de fysiskt och mentalt. Dessutom st\u00e4rker det relationen mellan f\u00f6rare och hund. D\u00e4rf\u00f6r v\u00e4ljer m\u00e5nga j\u00e4gare att aktivera sina hundar med viltsp\u00e5r \u00e4ven under jakt\u00e5rets l\u00e5gs\u00e4song.<\/p>\n<p>&nbsp;<\/p>\n<hr \/>\n<h3>Tr\u00e4ning i viltsp\u00e5r p\u00e5 Lagunda allm\u00e4nning 2026<\/h3>\n<p>Du som har hund och vill tr\u00e4na viltsp\u00e5r har m\u00f6jlighet att g\u00f6ra det tillsammans med Lagunda Jaktv\u00e5rdskrets.<\/p>\n<p>Sp\u00e5rtr\u00e4ningen sker under v\u00e5ren med start l\u00f6rdagen den 11 april. D\u00e4refter tr\u00e4ffas vi varje l\u00f6rdag fram till mitten av maj. Som avslutning arrangeras ett kretsm\u00e4sterskap (KM), d\u00e4r samtliga medlemmar i Lagunda JVK \u00e4r v\u00e4lkomna att delta.<\/p>\n<p>Vinnaren i KM g\u00e5r vidare till l\u00e4nsm\u00e4sterskapet (LM), d\u00e4r vinnare fr\u00e5n J\u00e4garef\u00f6rbundet i Uppsala l\u00e4ns samtliga jaktv\u00e5rdskretsar m\u00f6ts. LM i Uppsala l\u00e4n arrangeras under juni m\u00e5nad.<\/p>\n<p>P\u00e5 allm\u00e4nningen finns flera f\u00e4rdigmarkerade (snitslade) sp\u00e5r. Det finns ocks\u00e5 goda m\u00f6jligheter att f\u00e5 hj\u00e4lp att komma ig\u00e5ng, d\u00e5 flera av deltagarna har l\u00e5ng erfarenhet av viltsp\u00e5r. Har du aldrig provat tidigare \u00e4r du varmt v\u00e4lkommen!<\/p>\n<p style=\"color: #ff0000\"><strong>F\u00f6rsta tillf\u00e4lle 2026 \u00e4r l\u00f6rdag 11 april kl 09:00.<\/strong><br \/>\n(Uppstart, genomg\u00e5ng och snitsling av sp\u00e5r)<\/p>\n<p>Krav av medlemskap i Lagunda JVK, f\u00f6ranm\u00e4lan kr\u00e4vs (f\u00f6r planering av antal deltagare och sp\u00e5r)<\/p>\n<p>Sedan tr\u00e4ffas vi varje <strong>l\u00f6rdag klockan 09:00<\/strong> fram till den 16 maj<\/p>\n<p style=\"color: #ff0000\"><strong>KM 2026<\/strong><br \/>\nL\u00f6rdag 30 maj kl 08:00 anordnas kretsm\u00e4sterskap<br \/>\n<span style=\"color: #000000\">Krav av medlemskap i Lagunda JVK, anm\u00e4lan att man vill delta senast 14 dagar innan start.<\/span><\/p>\n<hr style=\"margin: 2em 0\" \/>\n<h3>Kontaktperson vid fr\u00e5gor, <strong>Anm\u00e4lan av viltsp\u00e5r och KM:<\/strong><\/h3>\n<p>Fredrik Wimark<br \/>\n070-576 40 02<br \/>\n<a style=\"color: #0000ee\" href=\"mailto:wimark.fredrik@gmail.com\">wimark.fredrik@gmail.com<\/a><\/p>\n<p><em>Vi hj\u00e4lper g\u00e4rna Lagunda JVK medlemmar som vill g\u00e5 viltsp\u00e5rprov med domare, kontakta oss f\u00f6r bokning av domare och prov.<\/em><\/p>\n<hr style=\"margin: 2em 0\" \/>\n<h3><strong>Utrustning du beh\u00f6ver under viltsp\u00e5r<\/strong><\/h3>\n<ul>\n<li>Sp\u00e5rsele<\/li>\n<li>Sp\u00e5rlina (minst 5 meter och max 10 meter)<\/li>\n<li>Blod + flaska (det g\u00e5r bra med n\u00f6tblod fr\u00e5n aff\u00e4ren)<\/li>\n<li>Skank (kl\u00f6v fr\u00e5n vilt)<\/li>\n<li>O\u00f6mma kl\u00e4der<\/li>\n<\/ul>\n<p><em>Vill man prova viltsp\u00e5r n\u00e5gra g\u00e5nger f\u00f6rst innan man inhandlar utrustning s\u00e5 g\u00e5r det bra att g\u00e5 sp\u00e5ret utan sp\u00e5rsele. Man kan anv\u00e4nda ett l\u00e4ngre koppel och halsband i b\u00f6rjan. Beh\u00f6ver man hj\u00e4lp med en kl\u00f6v s\u00e5 kontaktar man Fredrik Wimark.<\/em><\/p>\n<hr style=\"margin: 2em 0\" \/>\n<h3>Plats<\/h3>\n<p>Samlingsplats \u00e4r Y-korset p\u00e5 allm\u00e4nningen.<\/p>\n<h3>V\u00e4gbeskrivning<\/h3>\n<p>Fr\u00e5n \u00d6rsundsbrosamh\u00e4lle ta Nys\u00e4trav\u00e4gen mot Nys\u00e4tra kyrka. Efter 2,4 km ta h\u00f6ger mot Oxdjupet\/Skjutf\u00e4lt. Efter 2,7 km ta v\u00e4nster in p\u00e5 grusv\u00e4g vid skylt Skjutf\u00e4lt 2. Forts\u00e4tt p\u00e5 grusv\u00e4gen. Efter 1 km kommer du till Y-korset som \u00e4r samlingsplatsen.<\/p>\n\n<!-- iframe plugin v.6.0 wordpress.org\/plugins\/iframe\/ -->\n<iframe src=\"https:\/\/www.google.com\/maps\/embed?pb=!1m18!1m12!1m3!1d2450.157912153088!2d17.257557316168512!3d59.778692681953075!2m3!1f0!2f0!3f0!3m2!1i1024!2i768!4f13.1!3m3!1m2!1s0x0%3A0x668796049290234f!2zNTnCsDQ2JzQzLjMiTiAxN8KwMTUnMzUuMSJF!5e1!3m2!1ssv!2sse!4v1649261384651!5m2!1ssv!2sse\" width=\"500\" height=\"350\" style=\"border:0;\" allowfullscreen loading=\"lazy\" 0=\"referrerpolicy=&quot;no-referrer-when-downgrade&quot;&gt;\" scrolling=\"yes\" class=\"iframe-class\" frameborder=\"0\"><\/iframe>\n\n<hr style=\"margin: 2em 0\" \/>\n<h3>Medlemskap i Lagunda Jaktv\u00e5rdskrets<\/h3>\n<p>F\u00f6r att kunna delta i tr\u00e4ning av viltsp\u00e5r p\u00e5 Lagunda allm\u00e4nning kr\u00e4vs det att man \u00e4r medlem i J\u00e4garef\u00f6rbundet Lagunda JVK.<\/p>\n<p><a style=\"color: #0000ee\" href=\"https:\/\/medlem.jagareforbundet.se\/blimedlem\">Om du inte redan \u00e4r medlem blir du det enkelt h\u00e4r<\/a><\/p>\n<p>Kostnaden \u00e4r 410:- (Ordinarie medlem utan tidningen Svensk Jakt)<\/p>\n<p><a style=\"color: #0000ee\" href=\"https:\/\/jagareforbundet.se\/medlem\/Medlemskap\/\">Mer info om medlemskapet och alla f\u00f6rm\u00e5ner<\/a><\/p>\n<p>Andra f\u00f6rdelar med medlemskap \u00e4r tillg\u00e5ng till hundkurser och rabatter p\u00e5 t.ex. hundfoder och hundf\u00f6rs\u00e4kring.<\/p>\n<p><a style=\"color: #0000ee\" href=\"https:\/\/jagareforbundet.se\/medlem\/medlemsrabatter\/\">Se medlemsrabatter<\/a><\/p>\n<p style=\"color: #ff0000\">Viktigt n\u00e4r man tecknar medlemskap \u00e4r att man v\u00e4ljer att tillh\u00f6ra Lagunda JVK<\/p>\n<p>&nbsp;<\/p>\n<hr \/>\n<h3>Viltsp\u00e5rprov<\/h3>\n<p>Om man vill prova viltsp\u00e5rprov finns m\u00f6jlighet under Lagundas kretsm\u00e4sterskap att genomf\u00f6ra prov i anlagsklass. Det finns tv\u00e5 klasser: anlagsklass och \u00f6ppen klass. <strong>F\u00f6r deltagande i \u00f6ppen klass kr\u00e4vs att hunden tidigare erh\u00e5llit godk\u00e4nt i anlagsklass.<\/strong><\/p>\n<p>Anm\u00e4lan sker till Fredrik Wimark i samband med KM.<\/p>\n<p><a style=\"color: #0000ee\" href=\"https:\/\/krets.jagareforbundet.se\/lagunda\/files\/2025\/03\/regler-for-viltsparprov.pdf\">Regler f\u00f6r viltsp\u00e5rprov<\/a><\/p>\n<p><a style=\"color: #0000ee\" href=\"https:\/\/kundo.se\/org\/svenska-kennelklubben\/d\/viltspar-traning-prov-och-viltsparchampionat\/\">Fr\u00e5gor och svar fr\u00e5n SKK<\/a><\/p>\n<h3>Domare viltsp\u00e5rprov<\/h3>\n<p>Vill du genomf\u00f6ra viltsp\u00e5rprov kan du kontakta n\u00e5gon av f\u00f6ljande klubbar:<\/p>\n<p><strong>Upplands dreverklubb:<\/strong><br \/>\n<a style=\"color: #0000ee\" href=\"https:\/\/upplandsdk.se\/viltspar\/anmalan-viltsp\/\">Anm\u00e4lan<\/a><\/p>\n<p><strong>Upplands Taxklubb:<\/strong><br \/>\n<a style=\"color: #0000ee\" href=\"http:\/\/upplandstaxklubb.com\/viltsparprov\/\">Viltsparprov<\/a><\/p>\n<p><strong>\u00d6stsvenska \u00c4lghundsklubben:<\/strong><br \/>\n<a style=\"color: #0000ee\" href=\"https:\/\/ostsvenska.alghundklubben.com\/index.php\/provverksamhet\/jaktprov\/viltsparprov\/\">Anm\u00e4lan<\/a><\/p>\n<p style=\"color: #ff0000\"><em>OBS! Du kan anm\u00e4la din hund oavsett vilken ras du har till dessa klubbar och genomf\u00f6ra viltsp\u00e5rprov<\/em><\/p>\n<hr style=\"margin: 2em 0\" \/>\n<h3 style=\"text-align: center\"><strong>Nedan finns tv\u00e5 filmer som visar vad viltsp\u00e5r \u00e4r och hur det g\u00e5r till:<\/strong><\/h3>\n<p>&nbsp;<\/p>\n<p style=\"text-align: center\">\n<!-- iframe plugin v.6.0 wordpress.org\/plugins\/iframe\/ -->\n<iframe loading=\"lazy\" title=\"YouTube video player\" src=\"https:\/\/www.youtube-nocookie.com\/embed\/vDRNwgwJ65M\" width=\"560\" height=\"315\" frameborder=\"0\" allow=\"accelerometer; autoplay; clipboard-write; encrypted-media; gyroscope; picture-in-picture\" 0=\"allowfullscreen&gt;&gt;\u201d\" scrolling=\"yes\" class=\"iframe-class\"><\/iframe>\n<\/p>\n<p style=\"text-align: center\">\n<!-- iframe plugin v.6.0 wordpress.org\/plugins\/iframe\/ -->\n<iframe loading=\"lazy\" width=\"560\" height=\"315\" src=\"https:\/\/www.youtube-nocookie.com\/embed\/jlJkMXtbJuQ\" title=\"YouTube video player\" frameborder=\"0\" allow=\"accelerometer; autoplay; clipboard-write; encrypted-media; gyroscope; picture-in-picture\" 0=\"allowfullscreen&gt;&gt;\u201d\" scrolling=\"yes\" class=\"iframe-class\"><\/iframe>\n<\/p>\n","protected":false},"excerpt":{"rendered":"<p>Sidan uppdaterad: 3 april 2026 Foto: Madeleine Lewander Viltsp\u00e5r Viltsp\u00e5r syftar till att tr\u00e4na hunden till att bli en skicklig efters\u00f6kshund. I jaktf\u00f6rordningen anges f\u00f6ljande: Vid jakt efter bj\u00f6rn, lo, \u00e4lg, hjort, r\u00e5djur, mufflonf\u00e5r eller vildsvin ska en hund som \u00e4r s\u00e4rskilt tr\u00e4nad i att sp\u00e5ra upp skadat vilt kunna finnas p\u00e5 skottplatsen inom h\u00f6gst [&hellip;]<\/p>\n","protected":false},"author":161,"featured_media":0,"parent":0,"menu_order":6,"comment_status":"closed","ping_status":"closed","template":"","meta":{"footnotes":""},"class_list":["post-248","page","type-page","status-publish","hentry"],"_links":{"self":[{"href":"https:\/\/krets.jagareforbundet.se\/lagunda\/wp-json\/wp\/v2\/pages\/248","targetHints":{"allow":["GET"]}}],"collection":[{"href":"https:\/\/krets.jagareforbundet.se\/lagunda\/wp-json\/wp\/v2\/pages"}],"about":[{"href":"https:\/\/krets.jagareforbundet.se\/lagunda\/wp-json\/wp\/v2\/types\/page"}],"author":[{"embeddable":true,"href":"https:\/\/krets.jagareforbundet.se\/lagunda\/wp-json\/wp\/v2\/users\/161"}],"replies":[{"embeddable":true,"href":"https:\/\/krets.jagareforbundet.se\/lagunda\/wp-json\/wp\/v2\/comments?post=248"}],"version-history":[{"count":3,"href":"https:\/\/krets.jagareforbundet.se\/lagunda\/wp-json\/wp\/v2\/pages\/248\/revisions"}],"predecessor-version":[{"id":767,"href":"https:\/\/krets.jagareforbundet.se\/lagunda\/wp-json\/wp\/v2\/pages\/248\/revisions\/767"}],"wp:attachment":[{"href":"https:\/\/krets.jagareforbundet.se\/lagunda\/wp-json\/wp\/v2\/media?parent=248"}],"curies":[{"name":"wp","href":"https:\/\/api.w.org\/{rel}","templated":true}]}}