{"id":269,"date":"2020-04-05T21:00:51","date_gmt":"2020-04-05T19:00:51","guid":{"rendered":"https:\/\/krets.jagareforbundet.se\/lagunda\/?page_id=269"},"modified":"2026-05-08T11:33:56","modified_gmt":"2026-05-08T09:33:56","slug":"spillningsinventering-2026","status":"publish","type":"page","link":"https:\/\/krets.jagareforbundet.se\/lagunda\/spillningsinventering-2026\/","title":{"rendered":"Spillningsinventering 2026"},"content":{"rendered":"<h4><strong>Sidan uppdaterad: 8 maj 2026<\/strong><\/h4>\n<p><a href=\"https:\/\/krets.jagareforbundet.se\/lagunda\/files\/2024\/04\/skogsglanta_hand_.jpg\"><br \/>\n<\/a><img decoding=\"async\" style=\"width: 100%;max-width: 996px;height: auto;margin: 0 auto 1em\" src=\"https:\/\/krets.jagareforbundet.se\/lagunda\/files\/2024\/04\/skogsglanta_hand_.jpg\" alt=\"\" \/><br \/>\nFoto: Mostphotos\/montage<\/p>\n<h2><a style=\"color: blue;text-decoration: none\" href=\"https:\/\/krets.jagareforbundet.se\/lagunda\/files\/2026\/05\/Resultat-pillningsinventering-Fjardhundra-AFO-2026.pdf\"><br \/>\nResultat spillningsinventering Fj\u00e4rdhundra \u00c4FO 2026<br \/>\n<\/a><\/h2>\n<hr style=\"margin: 2em 0\" \/>\n<h3>Nu \u00e4r det snart dags igen f\u00f6r oss inom Lagunda \u00c4SO att spillningsinventera \u00e4lg och r\u00e5djur.<\/h3>\n<p style=\"margin-bottom: 1em\">\u00c5rets spillningsinventering 2026 genomf\u00f6rs mellan <strong>18 och 26 april<\/strong>.<\/p>\n<p style=\"margin-bottom: 1em\">Precis som vid tidigare inventeringar (2022 och 2024) anv\u00e4nder vi Viltdata-appen f\u00f6r navigering och insamling av data. Svenska J\u00e4garef\u00f6rbundet erbjuder utbildning i hur appen anv\u00e4nds, i digital form via Teams, <strong>den 18 och 24 mars<\/strong>.<\/p>\n<p style=\"margin-bottom: 2em\">Om ni inte har m\u00f6jlighet att delta i utbildningen finns utbildningsmaterial och instruktionsfilmer l\u00e4ngre ner p\u00e5 sidan.<\/p>\n<hr style=\"margin: 2em 0\" \/>\n<h3>Spillningsinventering Jaktlag<\/h3>\n<p style=\"margin-bottom: 1em\"><strong>OBS!<\/strong> S\u00e4kerst\u00e4ll att du har den senaste versionen av Viltdata-appen installerad p\u00e5 din telefon. F\u00f6r Android st\u00f6ds nu alla versioner fr\u00e5n <strong>version 8<\/strong> och upp\u00e5t. F\u00f6r iOS st\u00f6ds alla versioner fr\u00e5n <strong>version 13<\/strong> och upp\u00e5t.<\/p>\n<p style=\"margin-bottom: 1em\">Mer information om appen <strong>Viltdata<\/strong> hittar ni h\u00e4r:<br \/>\n<a style=\"color: #0000ff\" href=\"https:\/\/krets.jagareforbundet.se\/lagunda\/viltdata\/\" rel=\"noopener\">https:\/\/krets.jagareforbundet.se\/lagunda\/viltdata\/<\/a><\/p>\n<p style=\"margin-bottom: 1em\"><strong>Lista \u00f6ver rutor och jaktlag:<\/strong><br \/>\n<a href=\"https:\/\/krets.jagareforbundet.se\/lagunda\/files\/2026\/03\/Trakter-2026.pdf\">Trakter 2026<\/a><\/p>\n<p><strong style=\"color: red\">Appnyckel i &#8221;Viltdataappen&#8221; f\u00f6r Lagunda JVK 2026:<br \/>\nINVTH7HS8<\/strong><\/p>\n<p style=\"margin-bottom: 2em\">Man kan se sin egen ruta och f\u00f6lja samtliga rutor av spillningsinventeringen <strong>live<\/strong> p\u00e5 Viltdata: <a style=\"color: #0000ff\" href=\"https:\/\/rapport.viltdata.se\/spillningsinventering\/\" target=\"_blank\" rel=\"noopener\">https:\/\/rapport.viltdata.se\/spillningsinventering\/<\/a><br \/>\nV\u00e4lj <strong>Uppsala l\u00e4n<\/strong>, <strong>\u00e5r 2026<\/strong> och <strong>Fj\u00e4rdhundra \u00c4FO<\/strong> f\u00f6r att f\u00e5 upp Lagundas rutor.<\/p>\n<p style=\"margin-bottom: 2em\">Ett mejl har skickats till ber\u00f6rda jaktlag med information och appnyckel f\u00f6r spillningsinventeringen. Det \u00e4r samma jaktlag som gick rutorna tidigare \u00e5r (2022 och 2024). Om du inte har f\u00e5tt denna information men vet att du ska g\u00e5 en ruta, v\u00e4nligen kontakta <strong>Daniel Pettersson<\/strong>.<\/p>\n<p style=\"margin-bottom: 1em\"><strong>Kontakt:<\/strong><br \/>\nDaniel Pettersson<br \/>\nTelefon: 070-926 62 10<br \/>\nE-post: <a style=\"color: #0000ff\" href=\"mailto:danielhpettersson@gmail.com\">danielhpettersson@gmail.com<\/a><\/p>\n<p style=\"margin-bottom: 1em\"><strong>Kartor:<\/strong><br \/>\nF\u00f6r exakt position av rutan se den digitala kartan p\u00e5 viltdata.se<br \/>\n<a style=\"color: #0000ff\" href=\"https:\/\/krets.jagareforbundet.se\/lagunda\/files\/2022\/04\/Karta-spillningsinventering-va\u0308stra-delen.pdf\">Karta V\u00e4stra delen<\/a><br \/>\n<a style=\"color: #0000ff\" href=\"https:\/\/krets.jagareforbundet.se\/lagunda\/files\/2022\/04\/Karta-spillningsinventering-o\u0308stra-delen.pdf\">Karta \u00d6stra delen<\/a><\/p>\n<p><a href=\"https:\/\/krets.jagareforbundet.se\/lagunda\/files\/2022\/03\/alg_spillningsinventering.jpg\"><br \/>\n<\/a><img decoding=\"async\" style=\"width: 100%;max-width: 700px;height: auto;margin: 0 auto 1.5em\" src=\"https:\/\/krets.jagareforbundet.se\/lagunda\/files\/2022\/03\/alg_spillningsinventering.jpg\" alt=\"\u00c4lgar\" \/><\/p>\n<p style=\"text-align: center;font-size: 0.9em;color: #555;margin-bottom: 2em\">Foto: Morgan Svensson<\/p>\n<hr style=\"margin: 2em 0\" \/>\n<h3>Utbildningsmaterial:<\/h3>\n<p style=\"margin-bottom: 1em\">Samma material anv\u00e4nds 2026<\/p>\n<p><a style=\"color: #0000ff\" href=\"https:\/\/krets.jagareforbundet.se\/lagunda\/files\/2024\/04\/Spillinfo-Kursmaterial.pdf\">Spillningsinventering \u2013 Kursmaterial, Klicka h\u00e4r<\/a><\/p>\n<p style=\"margin-bottom: 2em\"><a style=\"color: #0000ff\" href=\"https:\/\/krets.jagareforbundet.se\/lagunda\/files\/2024\/04\/Faltinstruktion-24.pdf\">F\u00e4ltinstruktion 24, Klicka h\u00e4r<\/a><\/p>\n<hr style=\"margin: 2em 0\" \/>\n<h3><strong>Nedan finner ni tre stycken bra filmer p\u00e5 hur man inventerar med Viltdata appen och hur en inventering g\u00e5r till.<\/strong><\/h3>\n<p>&nbsp;<\/p>\n<p style=\"text-align: center\">\n<!-- iframe plugin v.6.0 wordpress.org\/plugins\/iframe\/ -->\n<iframe loading=\"lazy\" title=\"YouTube video player\" src=\"https:\/\/www.youtube.com\/embed\/hwvfxhu3Rg8\" width=\"560\" height=\"315\" frameborder=\"0\" allow=\"accelerometer; autoplay; clipboard-write; encrypted-media; gyroscope; picture-in-picture\" 0=\"allowfullscreen&gt;&gt;\u201d\" scrolling=\"yes\" class=\"iframe-class\"><\/iframe>\n<\/p>\n<p style=\"text-align: center\">\n<!-- iframe plugin v.6.0 wordpress.org\/plugins\/iframe\/ -->\n<iframe loading=\"lazy\" width=\"560\" height=\"315\" src=\"https:\/\/www.youtube-nocookie.com\/embed\/6QNMQpa8LR0\" title=\"YouTube video player\" frameborder=\"0\" allow=\"accelerometer; autoplay; clipboard-write; encrypted-media; gyroscope; picture-in-picture\" 0=\"allowfullscreen&gt;&gt;\u201d\" scrolling=\"yes\" class=\"iframe-class\"><\/iframe>\n<\/p>\n<p style=\"text-align: center\">\n<!-- iframe plugin v.6.0 wordpress.org\/plugins\/iframe\/ -->\n<iframe loading=\"lazy\" width=\"560\" height=\"315\" src=\"https:\/\/www.youtube-nocookie.com\/embed\/r8iobu7UL6M?si=RxxQv4HC9Dcb_a30\" title=\"YouTube video player\" frameborder=\"0\" allow=\"accelerometer; autoplay; clipboard-write; encrypted-media; gyroscope; picture-in-picture\" 0=\"allowfullscreen&gt;&gt;\u201d\" scrolling=\"yes\" class=\"iframe-class\"><\/iframe>\n<\/p>\n","protected":false},"excerpt":{"rendered":"<p>Sidan uppdaterad: 8 maj 2026 Foto: Mostphotos\/montage Resultat spillningsinventering Fj\u00e4rdhundra \u00c4FO 2026 Nu \u00e4r det snart dags igen f\u00f6r oss inom Lagunda \u00c4SO att spillningsinventera \u00e4lg och r\u00e5djur. \u00c5rets spillningsinventering 2026 genomf\u00f6rs mellan 18 och 26 april. Precis som vid tidigare inventeringar (2022 och 2024) anv\u00e4nder vi Viltdata-appen f\u00f6r navigering och insamling av data. Svenska [&hellip;]<\/p>\n","protected":false},"author":161,"featured_media":0,"parent":0,"menu_order":7,"comment_status":"closed","ping_status":"closed","template":"","meta":{"footnotes":""},"class_list":["post-269","page","type-page","status-publish","hentry"],"_links":{"self":[{"href":"https:\/\/krets.jagareforbundet.se\/lagunda\/wp-json\/wp\/v2\/pages\/269","targetHints":{"allow":["GET"]}}],"collection":[{"href":"https:\/\/krets.jagareforbundet.se\/lagunda\/wp-json\/wp\/v2\/pages"}],"about":[{"href":"https:\/\/krets.jagareforbundet.se\/lagunda\/wp-json\/wp\/v2\/types\/page"}],"author":[{"embeddable":true,"href":"https:\/\/krets.jagareforbundet.se\/lagunda\/wp-json\/wp\/v2\/users\/161"}],"replies":[{"embeddable":true,"href":"https:\/\/krets.jagareforbundet.se\/lagunda\/wp-json\/wp\/v2\/comments?post=269"}],"version-history":[{"count":3,"href":"https:\/\/krets.jagareforbundet.se\/lagunda\/wp-json\/wp\/v2\/pages\/269\/revisions"}],"predecessor-version":[{"id":1315,"href":"https:\/\/krets.jagareforbundet.se\/lagunda\/wp-json\/wp\/v2\/pages\/269\/revisions\/1315"}],"wp:attachment":[{"href":"https:\/\/krets.jagareforbundet.se\/lagunda\/wp-json\/wp\/v2\/media?parent=269"}],"curies":[{"name":"wp","href":"https:\/\/api.w.org\/{rel}","templated":true}]}}