{"id":297,"date":"2020-05-31T21:38:44","date_gmt":"2020-05-31T19:38:44","guid":{"rendered":"https:\/\/krets.jagareforbundet.se\/lagunda\/?page_id=297"},"modified":"2024-05-26T21:19:05","modified_gmt":"2024-05-26T19:19:05","slug":"spartraning-kretsmasterskap-viltspar-2020","status":"publish","type":"page","link":"https:\/\/krets.jagareforbundet.se\/lagunda\/spartraning\/spartraning-kretsmasterskap-viltspar-2020\/","title":{"rendered":"KM Viltsp\u00e5r 2022"},"content":{"rendered":"<header><\/header>\n<p class=\"post-meta\">Efter att ha tr\u00e4nat under v\u00e5ren avgjordes \u00e5rets kretsm\u00e4sterskap i viltsp\u00e5r 2022 den 5 juni. Kretsm\u00e4sterskapet genomf\u00f6rdes p\u00e5 Lagunda allm\u00e4nning och var \u00f6ppet f\u00f6r medlemmar i Lagunda jaktv\u00e5rdskrets. F\u00f6r att deltaga skall hunden ha godk\u00e4nt anlagsprov viltsp\u00e5r.<\/p>\n<p>\u00c5rets kretsm\u00e4stare i viltsp\u00e5r blev Kjell Wallin med wachtelhunden Disa. Tv\u00e5 blev Anders Wallin med laikan Tuva. Trea blev Fredrik Wimark med wachtelhunden Dexter.<\/p>\n<div>Med kretsm\u00e4sterskapet tar sp\u00e5rtr\u00e4ningen paus till v\u00e5ren 2023.<\/div>\n<div><\/div>\n<div><a href=\"https:\/\/krets.jagareforbundet.se\/lagunda\/files\/2022\/06\/viltspar-2022.jpeg\"><img loading=\"lazy\" decoding=\"async\" class=\"alignnone size-medium wp-image-611\" src=\"https:\/\/krets.jagareforbundet.se\/lagunda\/files\/2022\/06\/viltspar-2022-300x225.jpeg\" alt=\"\" width=\"300\" height=\"225\" srcset=\"https:\/\/krets.jagareforbundet.se\/lagunda\/files\/2022\/06\/viltspar-2022-300x225.jpeg 300w, https:\/\/krets.jagareforbundet.se\/lagunda\/files\/2022\/06\/viltspar-2022-768x576.jpeg 768w, https:\/\/krets.jagareforbundet.se\/lagunda\/files\/2022\/06\/viltspar-2022.jpeg 1024w\" sizes=\"auto, (max-width: 300px) 100vw, 300px\" \/><\/a><\/div>\n<p>&nbsp;<\/p>\n","protected":false},"excerpt":{"rendered":"<p>Efter att ha tr\u00e4nat under v\u00e5ren avgjordes \u00e5rets kretsm\u00e4sterskap i viltsp\u00e5r 2022 den 5 juni. Kretsm\u00e4sterskapet genomf\u00f6rdes p\u00e5 Lagunda allm\u00e4nning och var \u00f6ppet f\u00f6r medlemmar i Lagunda jaktv\u00e5rdskrets. F\u00f6r att deltaga skall hunden ha godk\u00e4nt anlagsprov viltsp\u00e5r. \u00c5rets kretsm\u00e4stare i viltsp\u00e5r blev Kjell Wallin med wachtelhunden Disa. Tv\u00e5 blev Anders Wallin med laikan Tuva. Trea [&hellip;]<\/p>\n","protected":false},"author":161,"featured_media":0,"parent":248,"menu_order":3,"comment_status":"closed","ping_status":"closed","template":"","meta":{"footnotes":""},"class_list":["post-297","page","type-page","status-publish","hentry"],"_links":{"self":[{"href":"https:\/\/krets.jagareforbundet.se\/lagunda\/wp-json\/wp\/v2\/pages\/297","targetHints":{"allow":["GET"]}}],"collection":[{"href":"https:\/\/krets.jagareforbundet.se\/lagunda\/wp-json\/wp\/v2\/pages"}],"about":[{"href":"https:\/\/krets.jagareforbundet.se\/lagunda\/wp-json\/wp\/v2\/types\/page"}],"author":[{"embeddable":true,"href":"https:\/\/krets.jagareforbundet.se\/lagunda\/wp-json\/wp\/v2\/users\/161"}],"replies":[{"embeddable":true,"href":"https:\/\/krets.jagareforbundet.se\/lagunda\/wp-json\/wp\/v2\/comments?post=297"}],"version-history":[{"count":3,"href":"https:\/\/krets.jagareforbundet.se\/lagunda\/wp-json\/wp\/v2\/pages\/297\/revisions"}],"predecessor-version":[{"id":612,"href":"https:\/\/krets.jagareforbundet.se\/lagunda\/wp-json\/wp\/v2\/pages\/297\/revisions\/612"}],"up":[{"embeddable":true,"href":"https:\/\/krets.jagareforbundet.se\/lagunda\/wp-json\/wp\/v2\/pages\/248"}],"wp:attachment":[{"href":"https:\/\/krets.jagareforbundet.se\/lagunda\/wp-json\/wp\/v2\/media?parent=297"}],"curies":[{"name":"wp","href":"https:\/\/api.w.org\/{rel}","templated":true}]}}