{"id":319,"date":"2021-01-25T11:14:14","date_gmt":"2021-01-25T10:14:14","guid":{"rendered":"https:\/\/krets.jagareforbundet.se\/lagunda\/?page_id=319"},"modified":"2026-01-26T21:51:22","modified_gmt":"2026-01-26T20:51:22","slug":"arsmote","status":"publish","type":"page","link":"https:\/\/krets.jagareforbundet.se\/lagunda\/arsmote\/","title":{"rendered":"\u00c5rsm\u00f6te"},"content":{"rendered":"<h4><strong>Sidan uppdaterad: 20 januari 2026<\/strong><\/h4>\n<p>&nbsp;<\/p>\n<p><b data-olk-copy-source=\"MessageBody\">Kallelse till \u00e5rsm\u00f6te i Lagunda Jaktv\u00e5rdskrets, \u00e4lg- och kronsk\u00f6tselomr\u00e5de.<\/b><\/p>\n<p>V\u00e4lkomna till Lagunda jaktv\u00e5rdskrets \u00e5rsm\u00f6te avseende verksamhets\u00e5r 2025. M\u00f6tet genomf\u00f6rs den 9\/2 kl 18:30 (samling fr\u00e5n 18:00) i Brunnag\u00e5rden (Kulla -Brunna 1).<\/p>\n<p>Deltagande p\u00e5 \u00e5rsm\u00f6tetanm\u00e4ls till Daniel Petterson, Vice ordf\u00f6rande Lagunda JVK senast den 6\/2. P\u00e5 \u00e5rsm\u00f6tet bjuds p\u00e5 l\u00e4ttare f\u00f6rt\u00e4ring.<\/p>\n<p>Anm\u00e4lan g\u00f6rs till <a id=\"LPlnkOWAa157d436-38b8-1693-37c5-a279bfcd5936\" class=\"x_x_x_OWAAutoLink\" title=\"mailto:danielhpettersson@gmail.com\" href=\"mailto:danielhpettersson@gmail.com\" data-linkindex=\"0\"><span style=\"color: #3366ff\">danielhpettersson@gmail.com<\/span><\/a><\/p>\n<p>\u00c5rsm\u00f6tet f\u00f6r Lagunda jaktv\u00e5rdskrets startar 18:30 och avslutas ca 20:00.<\/p>\n<p>I direkt anslutning efter \u00e5rsm\u00f6tet f\u00f6r kretsen p\u00e5b\u00f6rjas \u00e5rsm\u00f6tet f\u00f6r \u00e4lg &amp; kronsk\u00f6tselomr\u00e5det. Du meddelar vid anm\u00e4lning till kretsens \u00e5rsm\u00f6te vilka \u00e5rsm\u00f6ten du \u00f6nskar deltaga p\u00e5.<\/p>\n<p>Mvh &#8211; Styrelsen f\u00f6r Lagunda JVK, \u00c4SO och KSO<\/p>\n<p>Program:<br \/>\nDagordning kommer finnas att ladda ner p\u00e5 Lagunda JVK hemsida innan \u00e5rsm\u00f6tet.<br \/>\n<span style=\"color: #3366ff\"><a style=\"color: #3366ff\" href=\"https:\/\/krets.jagareforbundet.se\/lagunda\/dokument\/\">Se under dokument p\u00e5 hemsida.<\/a><\/span><\/p>\n<p>&nbsp;<\/p>\n<p>&nbsp;<\/p>\n","protected":false},"excerpt":{"rendered":"<p>Sidan uppdaterad: 20 januari 2026 &nbsp; Kallelse till \u00e5rsm\u00f6te i Lagunda Jaktv\u00e5rdskrets, \u00e4lg- och kronsk\u00f6tselomr\u00e5de. V\u00e4lkomna till Lagunda jaktv\u00e5rdskrets \u00e5rsm\u00f6te avseende verksamhets\u00e5r 2025. M\u00f6tet genomf\u00f6rs den 9\/2 kl 18:30 (samling fr\u00e5n 18:00) i Brunnag\u00e5rden (Kulla -Brunna 1). Deltagande p\u00e5 \u00e5rsm\u00f6tetanm\u00e4ls till Daniel Petterson, Vice ordf\u00f6rande Lagunda JVK senast den 6\/2. P\u00e5 \u00e5rsm\u00f6tet bjuds p\u00e5 l\u00e4ttare [&hellip;]<\/p>\n","protected":false},"author":161,"featured_media":0,"parent":0,"menu_order":2,"comment_status":"closed","ping_status":"closed","template":"","meta":{"footnotes":""},"class_list":["post-319","page","type-page","status-publish","hentry"],"_links":{"self":[{"href":"https:\/\/krets.jagareforbundet.se\/lagunda\/wp-json\/wp\/v2\/pages\/319","targetHints":{"allow":["GET"]}}],"collection":[{"href":"https:\/\/krets.jagareforbundet.se\/lagunda\/wp-json\/wp\/v2\/pages"}],"about":[{"href":"https:\/\/krets.jagareforbundet.se\/lagunda\/wp-json\/wp\/v2\/types\/page"}],"author":[{"embeddable":true,"href":"https:\/\/krets.jagareforbundet.se\/lagunda\/wp-json\/wp\/v2\/users\/161"}],"replies":[{"embeddable":true,"href":"https:\/\/krets.jagareforbundet.se\/lagunda\/wp-json\/wp\/v2\/comments?post=319"}],"version-history":[{"count":4,"href":"https:\/\/krets.jagareforbundet.se\/lagunda\/wp-json\/wp\/v2\/pages\/319\/revisions"}],"predecessor-version":[{"id":1221,"href":"https:\/\/krets.jagareforbundet.se\/lagunda\/wp-json\/wp\/v2\/pages\/319\/revisions\/1221"}],"wp:attachment":[{"href":"https:\/\/krets.jagareforbundet.se\/lagunda\/wp-json\/wp\/v2\/media?parent=319"}],"curies":[{"name":"wp","href":"https:\/\/api.w.org\/{rel}","templated":true}]}}