{"id":383,"date":"2021-11-04T21:33:03","date_gmt":"2021-11-04T20:33:03","guid":{"rendered":"https:\/\/krets.jagareforbundet.se\/lagunda\/?page_id=383"},"modified":"2026-03-15T19:38:34","modified_gmt":"2026-03-15T18:38:34","slug":"dokument","status":"publish","type":"page","link":"https:\/\/krets.jagareforbundet.se\/lagunda\/dokument\/","title":{"rendered":"Dokument"},"content":{"rendered":"<h3><b>\u00c5rsm\u00f6tesdokument<\/b><\/h3>\n<p><strong>2025<\/strong><\/p>\n<p><a href=\"https:\/\/krets.jagareforbundet.se\/lagunda\/files\/2026\/01\/Dagordning-Arsmote-Lagunda-jaktvardkrets-2026-02-09.pdf\">Dagordning \u00e5rsm\u00f6te Lagunda jaktv\u00e5rdkrets 2025 &#8211; 2026-02-09<\/a><\/p>\n<p><a href=\"https:\/\/krets.jagareforbundet.se\/lagunda\/files\/2026\/01\/Verksamhetsberattelse-Lagunda-jaktvardskrets-2025.pdf\">Verksamhetsber\u00e4ttelse Lagunda jaktvardskrets 2025<\/a><\/p>\n<p><a href=\"https:\/\/krets.jagareforbundet.se\/lagunda\/files\/2026\/02\/Arsredovisning-LJVK-ASO-2025.pdf\">A\u030arsredovisning LJVK &amp; \u00c4SO 2025<\/a><\/p>\n<p><a href=\"https:\/\/krets.jagareforbundet.se\/lagunda\/files\/2026\/01\/Dagordning-Arsmote-Lagunda-Alg-och-Kronskotselomrade-2026-02-09.pdf\">Dagordning \u00e5rsm\u00f6te \u00e4lg och kronsk\u00f6tselomr\u00e5de 2025 &#8211; 2026-02-09<\/a><\/p>\n<p><a href=\"https:\/\/krets.jagareforbundet.se\/lagunda\/files\/2026\/03\/Protokoll-arsmote-Lagunda-Jvk-2026-02-09-signerat.pdf\">Protokoll \u00e5rsm\u00f6te Lagunda Jvk 2026-02-09<\/a><\/p>\n<p><a href=\"https:\/\/krets.jagareforbundet.se\/lagunda\/files\/2026\/03\/Revisionsberattelse-Lagunda-Jvk-2025.pdf\">Revisionsber\u00e4ttelse Lagunda Jvk 2025<\/a><\/p>\n<p>&nbsp;<\/p>\n<p><strong>2024<\/strong><\/p>\n<p><a href=\"https:\/\/krets.jagareforbundet.se\/lagunda\/files\/2025\/04\/Protokoll-arsmote-Lagunda-Jvk-2025-02-10-signerat.pdf\">Protokoll \u00e5rsm\u00f6te Lagunda Jvk 2025-02-10<\/a><\/p>\n<p><a href=\"https:\/\/krets.jagareforbundet.se\/lagunda\/files\/2025\/01\/Dagordning-Arsmote-2025.pdf\">Dagordning \u00e5rsm\u00f6te 2024<\/a><\/p>\n<p><a href=\"https:\/\/krets.jagareforbundet.se\/lagunda\/files\/2025\/01\/Dagordning-arsmote-alg-och-kronskotselomrade-2025.pdf\">Dagordning \u00e5rsm\u00f6te \u00e4lg och kronsk\u00f6tselomr\u00e5de 2025<\/a><\/p>\n<p><a href=\"https:\/\/krets.jagareforbundet.se\/lagunda\/files\/2025\/02\/Verksamhetsberattelse-Lagunda-jaktvardskrets-2024.pdf\">Verksamhetsber\u00e4ttelse Lagunda jaktvardskrets 2024<\/a><\/p>\n<p><a href=\"https:\/\/krets.jagareforbundet.se\/lagunda\/files\/2025\/01\/Lagunda-Jakvardskrets-resultat-och-balansrakning-2024.pdf\">Lagunda Jakv\u00e5rdskrets resultat och balansr\u00e4kning 2024<\/a><\/p>\n<p><a href=\"https:\/\/krets.jagareforbundet.se\/lagunda\/files\/2025\/01\/Lagunda-ASO-resultat-och-balansrakning-2024.pdf\">Lagunda \u00c4SO resultat och balansr\u00e4kning 2024<\/a><\/p>\n<p><a href=\"https:\/\/krets.jagareforbundet.se\/lagunda\/files\/2025\/01\/Stora-Allmanningen-jaktlag-resultat-och-balansrakning-2024.pdf\">Stora Allm\u00e4nningen jaktlag resultat och balansr\u00e4kning 2024<\/a><\/p>\n<p><a href=\"https:\/\/krets.jagareforbundet.se\/lagunda\/files\/2025\/01\/Resultat-och-balansrakning-Lagunda-Totalt-2024.pdf\">Resultat och balansr\u00e4kning Lagunda Totalt 2024<\/a><\/p>\n<p><a href=\"https:\/\/krets.jagareforbundet.se\/lagunda\/files\/2025\/01\/Budget-Lagunda-Jakvardskrets-2025.pdf\">Budget Lagunda Jakv\u00e5rdskrets 2025<\/a><\/p>\n<p><a href=\"https:\/\/krets.jagareforbundet.se\/lagunda\/files\/2025\/02\/STADGAR-FOR-ASO-KSO.pdf\">STADGAR F\u00d6R \u00c4SO KSO<\/a><\/p>\n<p>&nbsp;<\/p>\n<p><strong>2023<\/strong><\/p>\n<p><a href=\"https:\/\/krets.jagareforbundet.se\/lagunda\/files\/2024\/02\/Kallelse-till-arsmote-2023.pdf\">Kallelse \u00e5rsm\u00f6te versamhets\u00e5ret 2023<\/a><\/p>\n<p><a href=\"https:\/\/krets.jagareforbundet.se\/lagunda\/files\/2024\/02\/Resultatbalans-Ljvk-2023.pdf\">Lagunda Jakv\u00e5rdskrets resultat och balansr\u00e4kning 2023<\/a><\/p>\n<p><a href=\"https:\/\/krets.jagareforbundet.se\/lagunda\/files\/2024\/02\/Resultatbalans-ASO-2023.pdf\">Lagunda \u00c4SO resultat och balansr\u00e4kning 2023<\/a><\/p>\n<p><a href=\"https:\/\/krets.jagareforbundet.se\/lagunda\/files\/2024\/02\/Resultatbalans-stora-allmanningen-2023.pdf\">Stora Allm\u00e4nningen Jaktlag resultat och balansr\u00e4kning 2023<\/a><\/p>\n<p><a href=\"https:\/\/krets.jagareforbundet.se\/lagunda\/files\/2024\/02\/Dagordning-arsmote-2024.pdf\">Dagordning \u00e5rsm\u00f6te 2023<\/a><\/p>\n<p><a href=\"https:\/\/krets.jagareforbundet.se\/lagunda\/files\/2024\/03\/Lagunda-Jvk-Protokoll-arsmote-2024-02-12.pdf\">Lagunda Jvk Protokoll \u00e5rsm\u00f6te 2024-02-12<\/a><\/p>\n<p><a href=\"https:\/\/krets.jagareforbundet.se\/lagunda\/files\/2024\/03\/Lagunda-Jvk-Revisionsberattelse-2023.pdf\">Lagunda Jvk Revisionsber\u00e4ttelse 2023<\/a><\/p>\n<p><a href=\"https:\/\/krets.jagareforbundet.se\/lagunda\/files\/2024\/03\/Lagunda-Jvk-Verksamhetsberattelse-2023.pdf\">Lagunda Jvk Verksamhetsber\u00e4ttelse 2023<\/a><\/p>\n<p><a href=\"https:\/\/krets.jagareforbundet.se\/lagunda\/files\/2024\/03\/Lagunda-Jvk-Verksamhetsplan-2024.pdf\">Lagunda Jvk Verksamhetsplan 2024<\/a><\/p>\n<p>&nbsp;<\/p>\n<p><strong>2022<\/strong><\/p>\n<p><a href=\"https:\/\/krets.jagareforbundet.se\/lagunda\/files\/2023\/01\/Kallelse-arsmote-verksamhetsaret-2022.pdf\">Kallelse \u00e5rsm\u00f6te verksamhets\u00e5ret 2022<\/a><\/p>\n<p><a href=\"https:\/\/krets.jagareforbundet.se\/lagunda\/files\/2023\/02\/Lagunda-Jaktvardskrets-resultat-och-balansrakning-2022.pdf\">Lagunda Jaktv\u00e5rdskrets resultat och balansr\u00e4kning 2022<\/a><\/p>\n<p><a href=\"https:\/\/krets.jagareforbundet.se\/lagunda\/files\/2023\/02\/Verksamhetsberattelse-Lagunda-jaktvardskrets-2022.pdf\">Verksamhetsber\u00e4ttelse Lagunda jaktvardskrets 2022<\/a><\/p>\n<p><a href=\"https:\/\/krets.jagareforbundet.se\/lagunda\/files\/2023\/02\/Verksamhetsplan-2023.pdf\">Verksamhetsplan 2023<\/a><\/p>\n<p><a href=\"https:\/\/krets.jagareforbundet.se\/lagunda\/files\/2023\/08\/Protokoll-Arsmote-2022.pdf\">Protokoll \u00c5rsm\u00f6te 2022<\/a><\/p>\n<p>&nbsp;<\/p>\n<p><strong>2021<\/strong><\/p>\n<p><a href=\"https:\/\/krets.jagareforbundet.se\/lagunda\/files\/2022\/01\/Kallelse-och-dagordning-arsmote-2022.pdf\">Kallelse och dagordning \u00e5rsm\u00f6te 2021<\/a><\/p>\n<p><a href=\"https:\/\/krets.jagareforbundet.se\/lagunda\/files\/2022\/02\/Lagunda-Jaktvardskrets-resultat-och-balansrakning-2021.pdf\">Lagunda Jaktv\u00e5rdskrets resultat och balansr\u00e4kning 2021<\/a><\/p>\n<p><a href=\"https:\/\/krets.jagareforbundet.se\/lagunda\/files\/2022\/02\/Revisionsberattelse-Ljvk-2021.pdf\">Revisionsber\u00e4ttelse Ljvk 2021<\/a><\/p>\n<p><a href=\"https:\/\/krets.jagareforbundet.se\/lagunda\/files\/2022\/02\/Verksamhetsberattelse-2021.pdf\">Verksamhetsber\u00e4ttelse 2021<\/a><\/p>\n<p><a href=\"https:\/\/krets.jagareforbundet.se\/lagunda\/files\/2023\/01\/Arsmote-Lagunda-jaktvardskrets-2021.docx\">Arsmote Lagunda jaktvardskrets 2021<\/a><\/p>\n<p>&nbsp;<\/p>\n<p><strong>2020<\/strong><\/p>\n<p><a href=\"https:\/\/krets.jagareforbundet.se\/lagunda\/files\/2021\/11\/Arsmote-Lagunda-jaktvardskrets-2020.pdf\" target=\"_blank\" rel=\"noopener\">Arsmote Lagunda jaktvardskrets 2020<\/a><\/p>\n<p><a href=\"https:\/\/krets.jagareforbundet.se\/lagunda\/files\/2021\/11\/Revisionsberattelse-2020.pdf\" target=\"_blank\" rel=\"noopener\">Revisionsber\u00e4ttelse 2020<\/a><\/p>\n<p>&nbsp;<\/p>\n<p><strong>2019<\/strong><\/p>\n<p><a href=\"https:\/\/krets.jagareforbundet.se\/lagunda\/files\/2021\/11\/Arsmote-Lagunda-jaktvardskrets-2019.pdf\" target=\"_blank\" rel=\"noopener\">Arsmote Lagunda jaktvardskrets 2019<\/a><\/p>\n<p><a href=\"https:\/\/krets.jagareforbundet.se\/lagunda\/files\/2021\/11\/Revisionsberattelse-2019.pdf\" target=\"_blank\" rel=\"noopener\">Revisionsber\u00e4ttelse 2019<\/a><\/p>\n<p>&nbsp;<\/p>\n<p><strong>2018<\/strong><\/p>\n<p><a href=\"https:\/\/krets.jagareforbundet.se\/lagunda\/files\/2021\/11\/Arsmote-Lagunda-jaktvardskrets-2018.pdf\" target=\"_blank\" rel=\"noopener\">Arsmote Lagunda jaktvardskrets 2018<\/a><\/p>\n<p><a href=\"https:\/\/krets.jagareforbundet.se\/lagunda\/files\/2021\/11\/Revisionsberattelse-2018.pdf\" target=\"_blank\" rel=\"noopener\">Revisionsber\u00e4ttelse 2018<\/a><\/p>\n<h3><b>Information kretsens jaktledare och jaktlag<\/b><\/h3>\n<p>&nbsp;<\/p>\n<p><strong>2021<\/strong><\/p>\n<p><a href=\"https:\/\/krets.jagareforbundet.se\/lagunda\/files\/2021\/11\/Brev-Jaktledare2021.pdf\" target=\"_blank\" rel=\"noopener\">Brev Jaktledare2021<\/a><\/p>\n<p>&nbsp;<\/p>\n<p><strong>2020<\/strong><\/p>\n<p><a href=\"https:\/\/krets.jagareforbundet.se\/lagunda\/files\/2021\/11\/Brev-infor-jaktaret-2020.pdf\" target=\"_blank\" rel=\"noopener\">Brev inf\u00f6r jakt\u00e5ret 2020<\/a><\/p>\n<p><a href=\"https:\/\/krets.jagareforbundet.se\/lagunda\/files\/2021\/11\/Komihaglista2020.pdf\" target=\"_blank\" rel=\"noopener\">Komih\u00e5glista2020<\/a><\/p>\n<p>&nbsp;<\/p>\n<p><strong>2019<\/strong><\/p>\n<p><a href=\"https:\/\/krets.jagareforbundet.se\/lagunda\/files\/2021\/11\/Brev-infor-jaktaret-2019.pdf\" target=\"_blank\" rel=\"noopener\">Brev inf\u00f6r jakt\u00e5ret 2019<\/a><\/p>\n<p><a href=\"https:\/\/krets.jagareforbundet.se\/lagunda\/files\/2021\/11\/Nyheter2019.pdf\" target=\"_blank\" rel=\"noopener\">Nyheter2019<\/a><\/p>\n<p><a href=\"https:\/\/krets.jagareforbundet.se\/lagunda\/files\/2021\/11\/Jaktregler-2019.pdf\" target=\"_blank\" rel=\"noopener\">Jaktregler 2019<\/a><\/p>\n<p>&nbsp;<\/p>\n<p><strong>2018<\/strong><\/p>\n<p><a href=\"https:\/\/krets.jagareforbundet.se\/lagunda\/files\/2021\/11\/Jaktregler-2018.pdf\" target=\"_blank\" rel=\"noopener\">Jaktregler 2018<\/a><\/p>\n<p><a href=\"https:\/\/krets.jagareforbundet.se\/lagunda\/files\/2021\/11\/Komihaglista.pdf\" target=\"_blank\" rel=\"noopener\">Komih\u00e5glista<\/a><\/p>\n<p>&nbsp;<\/p>\n<p>&nbsp;<\/p>\n","protected":false},"excerpt":{"rendered":"<p>\u00c5rsm\u00f6tesdokument 2025 Dagordning \u00e5rsm\u00f6te Lagunda jaktv\u00e5rdkrets 2025 &#8211; 2026-02-09 Verksamhetsber\u00e4ttelse Lagunda jaktvardskrets 2025 A\u030arsredovisning LJVK &amp; \u00c4SO 2025 Dagordning \u00e5rsm\u00f6te \u00e4lg och kronsk\u00f6tselomr\u00e5de 2025 &#8211; 2026-02-09 Protokoll \u00e5rsm\u00f6te Lagunda Jvk 2026-02-09 Revisionsber\u00e4ttelse Lagunda Jvk 2025 &nbsp; 2024 Protokoll \u00e5rsm\u00f6te Lagunda Jvk 2025-02-10 Dagordning \u00e5rsm\u00f6te 2024 Dagordning \u00e5rsm\u00f6te \u00e4lg och kronsk\u00f6tselomr\u00e5de 2025 Verksamhetsber\u00e4ttelse Lagunda jaktvardskrets 2024 [&hellip;]<\/p>\n","protected":false},"author":161,"featured_media":0,"parent":0,"menu_order":3,"comment_status":"closed","ping_status":"closed","template":"","meta":{"footnotes":""},"class_list":["post-383","page","type-page","status-publish","hentry"],"_links":{"self":[{"href":"https:\/\/krets.jagareforbundet.se\/lagunda\/wp-json\/wp\/v2\/pages\/383","targetHints":{"allow":["GET"]}}],"collection":[{"href":"https:\/\/krets.jagareforbundet.se\/lagunda\/wp-json\/wp\/v2\/pages"}],"about":[{"href":"https:\/\/krets.jagareforbundet.se\/lagunda\/wp-json\/wp\/v2\/types\/page"}],"author":[{"embeddable":true,"href":"https:\/\/krets.jagareforbundet.se\/lagunda\/wp-json\/wp\/v2\/users\/161"}],"replies":[{"embeddable":true,"href":"https:\/\/krets.jagareforbundet.se\/lagunda\/wp-json\/wp\/v2\/comments?post=383"}],"version-history":[{"count":3,"href":"https:\/\/krets.jagareforbundet.se\/lagunda\/wp-json\/wp\/v2\/pages\/383\/revisions"}],"predecessor-version":[{"id":1257,"href":"https:\/\/krets.jagareforbundet.se\/lagunda\/wp-json\/wp\/v2\/pages\/383\/revisions\/1257"}],"wp:attachment":[{"href":"https:\/\/krets.jagareforbundet.se\/lagunda\/wp-json\/wp\/v2\/media?parent=383"}],"curies":[{"name":"wp","href":"https:\/\/api.w.org\/{rel}","templated":true}]}}