{"id":442,"date":"2022-02-08T22:12:04","date_gmt":"2022-02-08T21:12:04","guid":{"rendered":"https:\/\/krets.jagareforbundet.se\/lagunda\/?page_id=442"},"modified":"2025-04-06T16:55:51","modified_gmt":"2025-04-06T14:55:51","slug":"stadgar","status":"publish","type":"page","link":"https:\/\/krets.jagareforbundet.se\/lagunda\/stadgar\/","title":{"rendered":"Stadgar"},"content":{"rendered":"<p>Lagunda jaktv\u00e5rdskrets anv\u00e4nder svenska j\u00e4garef\u00f6rbundets anvisade stadgar f\u00f6r jaktv\u00e5rdskrets. Stadgarna i original f\u00f6rvaras av kretsens ordf\u00f6rande.<\/p>\n<p>L\u00e4nk till svenska j\u00e4garef\u00f6rbundets anvisade stadgar f\u00f6r jaktv\u00e5rdskrets finns h\u00e4r:<br \/>\n<span style=\"color: #0000ff\"><a style=\"color: #0000ff\" href=\"https:\/\/jagareforbundet.se\/globalassets\/documents\/stadgar\/stadgar_jaktvardskrets_slutversion2012.pdf\">Stadgar f\u00f6r jaktv\u00e5rdskrets (jagareforbundet.se)<\/a><\/span><\/p>\n","protected":false},"excerpt":{"rendered":"<p>Lagunda jaktv\u00e5rdskrets anv\u00e4nder svenska j\u00e4garef\u00f6rbundets anvisade stadgar f\u00f6r jaktv\u00e5rdskrets. Stadgarna i original f\u00f6rvaras av kretsens ordf\u00f6rande. L\u00e4nk till svenska j\u00e4garef\u00f6rbundets anvisade stadgar f\u00f6r jaktv\u00e5rdskrets finns h\u00e4r: Stadgar f\u00f6r jaktv\u00e5rdskrets (jagareforbundet.se)<\/p>\n","protected":false},"author":161,"featured_media":0,"parent":0,"menu_order":3,"comment_status":"closed","ping_status":"closed","template":"","meta":{"footnotes":""},"class_list":["post-442","page","type-page","status-publish","hentry"],"_links":{"self":[{"href":"https:\/\/krets.jagareforbundet.se\/lagunda\/wp-json\/wp\/v2\/pages\/442","targetHints":{"allow":["GET"]}}],"collection":[{"href":"https:\/\/krets.jagareforbundet.se\/lagunda\/wp-json\/wp\/v2\/pages"}],"about":[{"href":"https:\/\/krets.jagareforbundet.se\/lagunda\/wp-json\/wp\/v2\/types\/page"}],"author":[{"embeddable":true,"href":"https:\/\/krets.jagareforbundet.se\/lagunda\/wp-json\/wp\/v2\/users\/161"}],"replies":[{"embeddable":true,"href":"https:\/\/krets.jagareforbundet.se\/lagunda\/wp-json\/wp\/v2\/comments?post=442"}],"version-history":[{"count":3,"href":"https:\/\/krets.jagareforbundet.se\/lagunda\/wp-json\/wp\/v2\/pages\/442\/revisions"}],"predecessor-version":[{"id":1099,"href":"https:\/\/krets.jagareforbundet.se\/lagunda\/wp-json\/wp\/v2\/pages\/442\/revisions\/1099"}],"wp:attachment":[{"href":"https:\/\/krets.jagareforbundet.se\/lagunda\/wp-json\/wp\/v2\/media?parent=442"}],"curies":[{"name":"wp","href":"https:\/\/api.w.org\/{rel}","templated":true}]}}