{"id":721,"date":"2022-08-20T21:43:24","date_gmt":"2022-08-20T19:43:24","guid":{"rendered":"https:\/\/krets.jagareforbundet.se\/lagunda\/?page_id=721"},"modified":"2025-04-06T17:18:08","modified_gmt":"2025-04-06T15:18:08","slug":"lagunda-allmanning","status":"publish","type":"page","link":"https:\/\/krets.jagareforbundet.se\/lagunda\/lagunda-allmanning\/","title":{"rendered":"Lagunda allm\u00e4nning"},"content":{"rendered":"<p>Lagunda jaktv\u00e5rdkrets arrenderar jakten p\u00e5 Lagunda allm\u00e4nning utanf\u00f6r \u00d6rsundsbro. P\u00e5 allm\u00e4nningen finns kretsens skjutbana och marken anv\u00e4nds f\u00f6r kretsens viltsp\u00e5rtr\u00e4ning. Jakten p\u00e5 allm\u00e4nningen bedrivits genom kretsen med ett jaktlag med \u00e5rsvis medlemskap. M\u00e5let \u00e4r att erbjuda jakt till personer med anknytning till bygden och Lagunda jaktv\u00e5rdkrets. Jaktlaget \u00e4r b\u00e4rande ekonomiskt och jakten belastar inte kretsens ekonomi. P\u00e5 allm\u00e4nningen genomf\u00f6rs ocks\u00e5 tv\u00e5 ungdomsjakter \u00e5rligen f\u00f6r kretsens ungdomar.<\/p>\n<p>Ansvarig f\u00f6r jakten p\u00e5 allm\u00e4nningen och jaktledare \u00e4r Fredrik Wimark.<\/p>\n<p><strong>Kontakt och fr\u00e5gor:<\/strong><br \/>\nFredrik Wimark<br \/>\n070-576 40 02<br \/>\n<a href=\"mailto:wimark.fredrik@gmail.com\">wimark.fredrik@gmail.com<\/a><\/p>\n","protected":false},"excerpt":{"rendered":"<p>Lagunda jaktv\u00e5rdkrets arrenderar jakten p\u00e5 Lagunda allm\u00e4nning utanf\u00f6r \u00d6rsundsbro. P\u00e5 allm\u00e4nningen finns kretsens skjutbana och marken anv\u00e4nds f\u00f6r kretsens viltsp\u00e5rtr\u00e4ning. Jakten p\u00e5 allm\u00e4nningen bedrivits genom kretsen med ett jaktlag med \u00e5rsvis medlemskap. M\u00e5let \u00e4r att erbjuda jakt till personer med anknytning till bygden och Lagunda jaktv\u00e5rdkrets. Jaktlaget \u00e4r b\u00e4rande ekonomiskt och jakten belastar inte kretsens [&hellip;]<\/p>\n","protected":false},"author":161,"featured_media":0,"parent":0,"menu_order":5,"comment_status":"closed","ping_status":"closed","template":"","meta":{"footnotes":""},"class_list":["post-721","page","type-page","status-publish","hentry"],"_links":{"self":[{"href":"https:\/\/krets.jagareforbundet.se\/lagunda\/wp-json\/wp\/v2\/pages\/721","targetHints":{"allow":["GET"]}}],"collection":[{"href":"https:\/\/krets.jagareforbundet.se\/lagunda\/wp-json\/wp\/v2\/pages"}],"about":[{"href":"https:\/\/krets.jagareforbundet.se\/lagunda\/wp-json\/wp\/v2\/types\/page"}],"author":[{"embeddable":true,"href":"https:\/\/krets.jagareforbundet.se\/lagunda\/wp-json\/wp\/v2\/users\/161"}],"replies":[{"embeddable":true,"href":"https:\/\/krets.jagareforbundet.se\/lagunda\/wp-json\/wp\/v2\/comments?post=721"}],"version-history":[{"count":3,"href":"https:\/\/krets.jagareforbundet.se\/lagunda\/wp-json\/wp\/v2\/pages\/721\/revisions"}],"predecessor-version":[{"id":1102,"href":"https:\/\/krets.jagareforbundet.se\/lagunda\/wp-json\/wp\/v2\/pages\/721\/revisions\/1102"}],"wp:attachment":[{"href":"https:\/\/krets.jagareforbundet.se\/lagunda\/wp-json\/wp\/v2\/media?parent=721"}],"curies":[{"name":"wp","href":"https:\/\/api.w.org\/{rel}","templated":true}]}}