{"id":723,"date":"2022-09-27T20:03:33","date_gmt":"2022-09-27T18:03:33","guid":{"rendered":"https:\/\/krets.jagareforbundet.se\/lagunda\/?page_id=723"},"modified":"2025-11-11T15:01:23","modified_gmt":"2025-11-11T14:01:23","slug":"jaktledare-i-lagunda-jvk","status":"publish","type":"page","link":"https:\/\/krets.jagareforbundet.se\/lagunda\/jaktledare-i-lagunda-jvk\/","title":{"rendered":"Information till jaktledare i Lagunda JVK samt tilldelning \u00e4lg"},"content":{"rendered":"<h4><strong>Sidan uppdaterad: 2 oktober 2025<\/strong><\/h4>\n<p>&nbsp;<\/p>\n<p><strong>Till dig som \u00e4r jaktledare inom Lagunda Jaktv\u00e5rdskrets<\/strong><\/p>\n<p>H\u00e4r har vi samlat information till dig som \u00e4r jaktledare inom Lagunda Jaktv\u00e5rdskrets. Syftet \u00e4r att underl\u00e4tta f\u00f6r dig samt ocks\u00e5 visa vad kretsen kan erbjuda.<\/p>\n<p><u>Information<\/u><\/p>\n<p>Information f\u00f6r kretsen publiceras l\u00f6pande p\u00e5 kretsens hemsida och p\u00e5 Facebookgruppen Lagunda Jaktv\u00e5rdskrets. Vid vissa speciella tillf\u00e4llen skickas ocks\u00e5 information ut till jaktledare via SMS. F\u00f6r kommunikation av tilldelning f\u00f6r \u00e4lg och kronvilt anv\u00e4nds appen Viltdata.<\/p>\n<p><u>Kontaktuppgifter<\/u><\/p>\n<p>Du som \u00e4r jaktledare har ett s\u00e4rskilt ansvar att s\u00e4kerst\u00e4lla att uppdaterade kontaktuppgifter till dig och ditt jaktlag finns registrerade hos kretsens styrelse. F\u00f6r att uppdatera kontaktuppgifter v\u00e4nligen kontakta Magnus Belin.<\/p>\n<p><u>Avgift<\/u><\/p>\n<p>F\u00f6r all typ av jakt inom kretsen ska varje jaktlag i Lagunda jaktv\u00e5rdskrets erl\u00e4gga en avgift p\u00e5 200 kr per j\u00e4gare i jaktlaget, detta i linje med \u00e5rsm\u00f6tesbeslut. Avgiften skall samlas in och betalas av jaktledaren via swish 123 553 8632 eller Bankgiro 5291-0148 senast den 15\/10-2025. Ange vilket jaktlag det avser.<\/p>\n<p>&nbsp;<\/p>\n<p><u>Viltdata<\/u><\/p>\n<p>Inom Lagunda JVK anv\u00e4nder vi oss av det internetbaserade systemet Viltdata fr\u00e5n Svenska J\u00e4garef\u00f6rbundet. F\u00f6r att underl\u00e4tta f\u00f6r v\u00e5ra jaktlag och medlemmar har vi valt detta system d\u00e5 all rapportering kan g\u00f6ras p\u00e5 samma st\u00e4lle. Med Viltdata f\u00e5r vi ett smidigt och enkelt system med minimal arbetsinsats f\u00f6r v\u00e5ra medlemmar.<\/p>\n<p>Vi anv\u00e4nder Viltdata till:<\/p>\n<p>Rapportering avskjutning av h\u00f6gvilt och sm\u00e5vilt.<\/p>\n<p>Rapportering av viltobservationer<\/p>\n<p>Spillningsinventering<\/p>\n<p>System f\u00f6r tilldelning- och avlysningsjakt av \u00e4lg och kronvilt.<\/p>\n<p>F\u00f6r mer information om Viltdata och inlogging se fliken Viltdata h\u00e4r p\u00e5 hemsidan.<\/p>\n<p>&nbsp;<\/p>\n<p><u>F\u00f6r\u00e4ndring av markf\u00f6rh\u00e5llanden.<\/u><\/p>\n<p>F\u00f6r\u00e4ndringar i markf\u00f6rh\u00e5llanden som p\u00e5verkar tilldelning av \u00e4lg ska inkomma till styrelsen senast 31 mars. Nyregistrering av mark som ska in i sk\u00f6tselomr\u00e5det ska komma styrelsen till godo senast 1 januari.<\/p>\n<p><u>Tilldelning kronvilt.<\/u><\/p>\n<p>\u00c5rets tilldelning meddelas p\u00e5 h\u00f6sten. F\u00f6r kronvilt \u00e4r det avlysningsjakt fr\u00e5n pott f\u00f6r de jaktlag som ing\u00e5r i kronsk\u00f6tselomr\u00e5det. Tilldelning och rapportering av f\u00e4llt vilt g\u00f6rs i Viltdata-appen.<\/p>\n<p>&nbsp;<\/p>\n<p><u>Tilldelning \u00e4lg<\/u><\/p>\n<p>F\u00f6r \u00e4lgjakten 2025-2026 anv\u00e4nds som f\u00f6reg\u00e5ende \u00e5r ett system d\u00e4r varje jaktlag ing\u00e5r i ett A, B eller C omr\u00e5de baserat p\u00e5 hur mycket \u201d\u00e4lgb\u00e4rande\u201d mark jaktlaget har.\u00a0 Den \u00e4lgb\u00e4rande markens storlek best\u00e4ms av hur stor andel av marken som utg\u00f6rs av \u00e4lgbiotop (skog), samt hur t\u00e4t \u00e4lgstammen \u00e4r d\u00e4r jaktlaget ligger. Varje jaktlag f\u00e5r d\u00e4refter ett s.k. \u00e4lgv\u00e4rde.<\/p>\n<p>&nbsp;<\/p>\n<p>F\u00f6r jakt\u00e5ret 2025-2026 g\u00e4ller f\u00f6ljande tilldelning.<\/p>\n<p><u>A-omr\u00e5de:<\/u> \u00c4lgv\u00e4rde 1.5 och \u00f6ver. Jaktlag i A-omr\u00e5de har 1 tilldelad vuxen \u00e4lg per jaktlag samt avlysningsjakt p\u00e5 2 vuxna \u00e4lgar fr\u00e5n pott tillh\u00f6rande A-omr\u00e5de samt avlysningsjakt p\u00e5 kalv fr\u00e5n kalvpott. Inget jaktlag inom A-omr\u00e5de f\u00e5r skjuta fler \u00e4n 2 vuxna \u00e4lgar innan 6 december. Jaktlag inom A-omr\u00e5de f\u00e5r skjuta flera kalvar fr\u00e5n kalvpott<\/p>\n<p><u>B-omr\u00e5de<\/u>: \u00c4lgv\u00e4rde 0.60-1.5. Jaktlag inom B-omr\u00e5de har avlysningsjakt p\u00e5 12 vuxna \u00e4lgar i pott tillh\u00f6rande B-omr\u00e5de samt avlysningsjakt p\u00e5 kalv fr\u00e5n kalvpott. Inget jaktlag inom B-omr\u00e5de f\u00e5r skjuta fler \u00e4n 1 vuxen \u00e4lg innan 6 december. Jaktlag inom B-omr\u00e5de f\u00e5r skjuta flera kalvar fr\u00e5n kalvpott.<\/p>\n<p><u>C-omr\u00e5de: <\/u>\u00c4lgv\u00e4rde under 0.60. Jaktlag inom C-omr\u00e5de har avlysningsjakt p\u00e5 kalv fr\u00e5n kalvpott. Inget jaktlag inom C-omr\u00e5de f\u00e5r skjuta fler \u00e4n 1 kalv.<\/p>\n<p>&nbsp;<\/p>\n<p>Fr\u00e5n 6 december sl\u00e4pps kvarvarande vuxna \u00e4lgar fritt f\u00f6r A och B omr\u00e5de som avlysningsjakt. Ett jaktlag f\u00e5r d\u00e5 skjuta flera vuxna \u00e4lgar till att avlysningsjakten p\u00e5 vuxna \u00e4lgar \u00e4r slut.<\/p>\n<p>Kalvpott f\u00f6r A-, B- och C-omr\u00e5de \u00e4r 17 kalvar.<\/p>\n<p>Avlysningsjakten f\u00f6r vuxen \u00e4lg \u00e4r 45% tjur samt 55% hondjur.<\/p>\n<p>Tilldelning av \u00e4lg kommer finnas synligt i viltdata-appen innan jakten startar.<\/p>\n<p>F\u00e4llavgift f\u00f6r 2025-2026 \u00e4r 1300kr f\u00f6r vuxen \u00e4lg och 400kr f\u00f6r kalv. F\u00e4llavgift ska betalas till swish 123<\/p>\n<p>553 8632 eller Bankgiro 5291-0148 senast 5 dagar efter f\u00e4lld \u00e4lg.<\/p>\n<p>K\u00e4kar ifr\u00e5n vuxen \u00e4lg l\u00e4mnas till Thomas Romdahl f\u00f6r \u00e5ldersbest\u00e4mning.<\/p>\n<p>&nbsp;<\/p>\n<p>Komih\u00e5g att aktivt l\u00e4mna in \u00e4lgobsen.<\/p>\n<p>Gl\u00f6m inte jaktavgiften p\u00e5 200kr per jaktmedlem i jaktlaget samma swish eller bankgironummer som ovan.<\/p>\n<p>&nbsp;<\/p>\n<p><strong>Omr\u00e5desf\u00f6rdelning samt tilldelning 2025\/2026<\/strong><\/p>\n<p><strong><a href=\"https:\/\/krets.jagareforbundet.se\/lagunda\/files\/2025\/10\/Tilldelning-alg-2025-2026.pdf\">Tilldelning \u00e4lg 2025-2026<\/a><\/strong><\/p>\n<p>&nbsp;<\/p>\n<p><u>Jaktledartr\u00e4ff<\/u><\/p>\n<p>\u00c5rets jaktledartr\u00e4ff kommer h\u00e5llas kl 19:00 den 10 november 2025 i tingshuset \u00d6rsundsbro.<\/p>\n<p>&nbsp;<\/p>\n<p><u>Ungdomsverksamhet<\/u><\/p>\n<p>Kretsen erbjuder ungdomsskytte samt \u00e4ven tv\u00e5 ungdomsjakter. Mer information finns p\u00e5 hemsidan. Informera g\u00e4rna ditt jaktlag om detta och om ni har ungdomar i erat jaktlag, tveka inte p\u00e5 att ta kontakt med ungdomsansvarige f\u00f6r information om kommande tr\u00e4ffar och aktiviteter.<\/p>\n<p>&nbsp;<\/p>\n<p><u>Viltrapportering<\/u><\/p>\n<p>Du som jaktledare \u00e4r skyldig att rapportera allt vilt inklusive sm\u00e5vilt som \u00e4r f\u00e4llt inom jaktlaget. Slutrapportering av \u00e4lg ska ske senast 31 januari. Kronvilt ska slut rapporteras senast 28 februari. \u00d6vrigt vilt senaste utg\u00e5ngen av juni. Rapportering sker i viltdataappen.<\/p>\n<p>&nbsp;<\/p>\n<p><u>Skjutbanan<\/u><\/p>\n<p>Du som \u00e4r jaktledare kan boka skjutbanan till ditt jaktlag. F\u00f6r mer information, <a href=\"https:\/\/krets.jagareforbundet.se\/lagunda\/skjutbanan\/\">se Skjutbanan h\u00e4r p\u00e5 hemsidan.<\/a><\/p>\n","protected":false},"excerpt":{"rendered":"<p>Sidan uppdaterad: 2 oktober 2025 &nbsp; Till dig som \u00e4r jaktledare inom Lagunda Jaktv\u00e5rdskrets H\u00e4r har vi samlat information till dig som \u00e4r jaktledare inom Lagunda Jaktv\u00e5rdskrets. Syftet \u00e4r att underl\u00e4tta f\u00f6r dig samt ocks\u00e5 visa vad kretsen kan erbjuda. Information Information f\u00f6r kretsen publiceras l\u00f6pande p\u00e5 kretsens hemsida och p\u00e5 Facebookgruppen Lagunda Jaktv\u00e5rdskrets. Vid [&hellip;]<\/p>\n","protected":false},"author":161,"featured_media":0,"parent":0,"menu_order":4,"comment_status":"closed","ping_status":"closed","template":"","meta":{"footnotes":""},"class_list":["post-723","page","type-page","status-publish","hentry"],"_links":{"self":[{"href":"https:\/\/krets.jagareforbundet.se\/lagunda\/wp-json\/wp\/v2\/pages\/723","targetHints":{"allow":["GET"]}}],"collection":[{"href":"https:\/\/krets.jagareforbundet.se\/lagunda\/wp-json\/wp\/v2\/pages"}],"about":[{"href":"https:\/\/krets.jagareforbundet.se\/lagunda\/wp-json\/wp\/v2\/types\/page"}],"author":[{"embeddable":true,"href":"https:\/\/krets.jagareforbundet.se\/lagunda\/wp-json\/wp\/v2\/users\/161"}],"replies":[{"embeddable":true,"href":"https:\/\/krets.jagareforbundet.se\/lagunda\/wp-json\/wp\/v2\/comments?post=723"}],"version-history":[{"count":3,"href":"https:\/\/krets.jagareforbundet.se\/lagunda\/wp-json\/wp\/v2\/pages\/723\/revisions"}],"predecessor-version":[{"id":1194,"href":"https:\/\/krets.jagareforbundet.se\/lagunda\/wp-json\/wp\/v2\/pages\/723\/revisions\/1194"}],"wp:attachment":[{"href":"https:\/\/krets.jagareforbundet.se\/lagunda\/wp-json\/wp\/v2\/media?parent=723"}],"curies":[{"name":"wp","href":"https:\/\/api.w.org\/{rel}","templated":true}]}}