{"id":822,"date":"2023-06-10T16:52:27","date_gmt":"2023-06-10T14:52:27","guid":{"rendered":"https:\/\/krets.jagareforbundet.se\/lagunda\/?page_id=822"},"modified":"2024-05-26T21:18:54","modified_gmt":"2024-05-26T19:18:54","slug":"km-viltspar-2023","status":"publish","type":"page","link":"https:\/\/krets.jagareforbundet.se\/lagunda\/spartraning\/km-viltspar-2023\/","title":{"rendered":"KM Viltsp\u00e5r 2023"},"content":{"rendered":"<p><span style=\"font-weight: 400\">KM VILTSP\u00c5R 2023<\/span><\/p>\n<p><span style=\"font-weight: 400\">Kretsm\u00e4sterskapet i viltsp\u00e5r f\u00f6r kretsens medlemmar genomf\u00f6rdes p\u00e5 Lagunda allm\u00e4nning 10 juni. 11 hundar deltog och 4 domare var med och d\u00f6mde. \u00d6verlag var det v\u00e4ldigt bra resultat d\u00e4r 9 hundar bed\u00f6mdes vara kvalificerade till 1.pris samt 2 hundar till 2.pris.<\/span><\/p>\n<p><span style=\"font-weight: 400\">Vinnare blev Kjell Wallin med wachtelhunden Rocky. Tv\u00e5 kom Tom H\u00e5llen med sin j\u00e4mthund Aska. P\u00e5 tredje plats kom Barbro B\u00f6rjesson med hunden Jack\u00a0<\/span><\/p>\n<p><span style=\"font-weight: 400\">Det var andra \u00e5ret i rad som Kjell Wallin blev kretsm\u00e4stare i viltsp\u00e5r. En s\u00e4rskilt imponerande prestation d\u00e5 Kjell vunnit med tv\u00e5 olika hundar tv\u00e5 \u00e5r i rad.\u00a0<\/span><\/p>\n<p><span style=\"font-weight: 400\">Med kretsm\u00e4sterskapet tar sp\u00e5rtr\u00e4ningen paus till v\u00e5ren 2024.<\/span><\/p>\n<p><a href=\"https:\/\/krets.jagareforbundet.se\/lagunda\/files\/2023\/06\/IMG_2006.jpg\"><img loading=\"lazy\" decoding=\"async\" class=\"alignnone size-medium wp-image-823\" src=\"https:\/\/krets.jagareforbundet.se\/lagunda\/files\/2023\/06\/IMG_2006-300x225.jpg\" alt=\"\" width=\"300\" height=\"225\" srcset=\"https:\/\/krets.jagareforbundet.se\/lagunda\/files\/2023\/06\/IMG_2006-300x225.jpg 300w, https:\/\/krets.jagareforbundet.se\/lagunda\/files\/2023\/06\/IMG_2006-1024x768.jpg 1024w, https:\/\/krets.jagareforbundet.se\/lagunda\/files\/2023\/06\/IMG_2006-768x576.jpg 768w, https:\/\/krets.jagareforbundet.se\/lagunda\/files\/2023\/06\/IMG_2006-1536x1152.jpg 1536w, https:\/\/krets.jagareforbundet.se\/lagunda\/files\/2023\/06\/IMG_2006.jpg 2016w\" sizes=\"auto, (max-width: 300px) 100vw, 300px\" \/><\/a><\/p>\n","protected":false},"excerpt":{"rendered":"<p>KM VILTSP\u00c5R 2023 Kretsm\u00e4sterskapet i viltsp\u00e5r f\u00f6r kretsens medlemmar genomf\u00f6rdes p\u00e5 Lagunda allm\u00e4nning 10 juni. 11 hundar deltog och 4 domare var med och d\u00f6mde. \u00d6verlag var det v\u00e4ldigt bra resultat d\u00e4r 9 hundar bed\u00f6mdes vara kvalificerade till 1.pris samt 2 hundar till 2.pris. Vinnare blev Kjell Wallin med wachtelhunden Rocky. Tv\u00e5 kom Tom H\u00e5llen [&hellip;]<\/p>\n","protected":false},"author":161,"featured_media":0,"parent":248,"menu_order":2,"comment_status":"closed","ping_status":"closed","template":"","meta":{"footnotes":""},"class_list":["post-822","page","type-page","status-publish","hentry"],"_links":{"self":[{"href":"https:\/\/krets.jagareforbundet.se\/lagunda\/wp-json\/wp\/v2\/pages\/822","targetHints":{"allow":["GET"]}}],"collection":[{"href":"https:\/\/krets.jagareforbundet.se\/lagunda\/wp-json\/wp\/v2\/pages"}],"about":[{"href":"https:\/\/krets.jagareforbundet.se\/lagunda\/wp-json\/wp\/v2\/types\/page"}],"author":[{"embeddable":true,"href":"https:\/\/krets.jagareforbundet.se\/lagunda\/wp-json\/wp\/v2\/users\/161"}],"replies":[{"embeddable":true,"href":"https:\/\/krets.jagareforbundet.se\/lagunda\/wp-json\/wp\/v2\/comments?post=822"}],"version-history":[{"count":1,"href":"https:\/\/krets.jagareforbundet.se\/lagunda\/wp-json\/wp\/v2\/pages\/822\/revisions"}],"predecessor-version":[{"id":824,"href":"https:\/\/krets.jagareforbundet.se\/lagunda\/wp-json\/wp\/v2\/pages\/822\/revisions\/824"}],"up":[{"embeddable":true,"href":"https:\/\/krets.jagareforbundet.se\/lagunda\/wp-json\/wp\/v2\/pages\/248"}],"wp:attachment":[{"href":"https:\/\/krets.jagareforbundet.se\/lagunda\/wp-json\/wp\/v2\/media?parent=822"}],"curies":[{"name":"wp","href":"https:\/\/api.w.org\/{rel}","templated":true}]}}