{"id":148,"date":"2015-02-20T09:45:25","date_gmt":"2015-02-20T08:45:25","guid":{"rendered":"https:\/\/krets.jagareforbundet.se\/landvetter\/?page_id=148"},"modified":"2024-03-21T21:31:08","modified_gmt":"2024-03-21T20:31:08","slug":"eftersok-och-viltolycka","status":"publish","type":"page","link":"https:\/\/krets.jagareforbundet.se\/landvetter\/eftersok-och-viltolycka\/","title":{"rendered":"Efters\u00f6k och viltolycka"},"content":{"rendered":"<p><strong>Bes\u00f6k <a href=\"http:\/\/www.viltolycka.se\">www.viltolycka.se<\/a> och se var olyckorna sker i ditt omr\u00e5de.<\/strong><\/p>\n<p><strong>Efters\u00f6k i samband med trafikolycka:<br \/>\n<\/strong>Fr.o.m. 2010 g\u00e4ller speciella regler vid efters\u00f6k i samband med trafikolycka.<br \/>\nEndast av Polisen godk\u00e4nda efters\u00f6ksekipage har r\u00e4tt att genomf\u00f6ra s\u00e5dana efters\u00f6k.<\/p>\n<p><strong>Efters\u00f6k p\u00e5 vildsvin, b\u00e5de vid trafikolycka och jakt: \u00a0<a href=\"https:\/\/krets.jagareforbundet.se\/landvetter\/files\/2015\/02\/viltolycka.jpg\"><img loading=\"lazy\" decoding=\"async\" class=\"size-medium wp-image-285 alignright\" src=\"https:\/\/krets.jagareforbundet.se\/landvetter\/files\/2015\/02\/viltolycka-300x225.jpg\" alt=\"viltolycka\" width=\"300\" height=\"225\" srcset=\"https:\/\/krets.jagareforbundet.se\/landvetter\/files\/2015\/02\/viltolycka-300x225.jpg 300w, https:\/\/krets.jagareforbundet.se\/landvetter\/files\/2015\/02\/viltolycka-768x576.jpg 768w, https:\/\/krets.jagareforbundet.se\/landvetter\/files\/2015\/02\/viltolycka-1024x768.jpg 1024w, https:\/\/krets.jagareforbundet.se\/landvetter\/files\/2015\/02\/viltolycka.jpg 1280w\" sizes=\"auto, (max-width: 300px) 100vw, 300px\" \/><\/a><br \/>\n<\/strong>Vildsvin som \u00e4r skadade kan utg\u00f6ra en risk b\u00e5de f\u00f6r efters\u00f6khund och hundf\u00f6rare. D\u00e4rf\u00f6r st\u00e4lls speciella krav p\u00e5 s\u00e5dana efter\u00f6ksekipage.<\/p>\n","protected":false},"excerpt":{"rendered":"<p>Bes\u00f6k www.viltolycka.se och se var olyckorna sker i ditt omr\u00e5de. Efters\u00f6k i samband med trafikolycka: Fr.o.m. 2010 g\u00e4ller speciella regler vid efters\u00f6k i samband med trafikolycka. Endast av Polisen godk\u00e4nda efters\u00f6ksekipage har r\u00e4tt att genomf\u00f6ra s\u00e5dana efters\u00f6k. Efters\u00f6k p\u00e5 vildsvin, b\u00e5de vid trafikolycka och jakt: \u00a0 Vildsvin som \u00e4r skadade kan utg\u00f6ra en risk b\u00e5de [&hellip;]<\/p>\n","protected":false},"author":220,"featured_media":0,"parent":0,"menu_order":6,"comment_status":"open","ping_status":"open","template":"","meta":{"jetpack_post_was_ever_published":false,"footnotes":""},"class_list":["post-148","page","type-page","status-publish","hentry"],"_links":{"self":[{"href":"https:\/\/krets.jagareforbundet.se\/landvetter\/wp-json\/wp\/v2\/pages\/148","targetHints":{"allow":["GET"]}}],"collection":[{"href":"https:\/\/krets.jagareforbundet.se\/landvetter\/wp-json\/wp\/v2\/pages"}],"about":[{"href":"https:\/\/krets.jagareforbundet.se\/landvetter\/wp-json\/wp\/v2\/types\/page"}],"author":[{"embeddable":true,"href":"https:\/\/krets.jagareforbundet.se\/landvetter\/wp-json\/wp\/v2\/users\/220"}],"replies":[{"embeddable":true,"href":"https:\/\/krets.jagareforbundet.se\/landvetter\/wp-json\/wp\/v2\/comments?post=148"}],"version-history":[{"count":3,"href":"https:\/\/krets.jagareforbundet.se\/landvetter\/wp-json\/wp\/v2\/pages\/148\/revisions"}],"predecessor-version":[{"id":390,"href":"https:\/\/krets.jagareforbundet.se\/landvetter\/wp-json\/wp\/v2\/pages\/148\/revisions\/390"}],"wp:attachment":[{"href":"https:\/\/krets.jagareforbundet.se\/landvetter\/wp-json\/wp\/v2\/media?parent=148"}],"curies":[{"name":"wp","href":"https:\/\/api.w.org\/{rel}","templated":true}]}}