{"id":2,"date":"2011-09-07T09:28:43","date_gmt":"2011-09-07T09:28:43","guid":{"rendered":"https:\/\/krets.jagareforbundet.se\/template\/?page_id=2"},"modified":"2026-03-18T08:54:33","modified_gmt":"2026-03-18T07:54:33","slug":"exempelsida","status":"publish","type":"page","link":"https:\/\/krets.jagareforbundet.se\/landvetter\/","title":{"rendered":"Landvetter jaktv\u00e5rdskrets"},"content":{"rendered":"<p>Kretsen omfattar Landvetter och H\u00e4rryda f\u00f6rsamlingar i H\u00e4rryda Kommun, det st\u00e5r alla j\u00e4gare fritt att v\u00e4lja kretstillh\u00f6righet via medlemskapet i J\u00e4garef\u00f6rbundet.<\/p>\n<hr \/>\n<h2>Nyheter:<\/h2>\n<h3><strong>Fr\u00e5n skog till m\u00e5ltid. S\u00e5 fungerar vildsvinsprojektet i H\u00e4rryda kommun. (2026-03-18)<\/strong><\/h3>\n<p>Debatten om detta vildsvinsprojekt fastnar ibland i ordet \u201cskottpeng\u201d.<br data-start=\"380\" data-end=\"383\" \/>Det begreppet anv\u00e4nds historiskt n\u00e4r man betalar per f\u00e4llt djur f\u00f6r att \u00f6ka avskjutningen.<br \/>\nDet h\u00e4r projektet bygger <strong>inte<\/strong> p\u00e5 det syns\u00e4ttet.<\/p>\n<p>Fokus ligger p\u00e5 <strong data-start=\"540\" data-end=\"624\">ansvarsfull vildsvinsf\u00f6rvaltning, god jaktetik och att ta tillvara k\u00f6ttet lokalt<\/strong> genom en tydlig och kontrollerad kedja.<\/p>\n<p>S\u00e5 h\u00e4r fungerar processen:<\/p>\n<p>1\ufe0f\u20e3 <strong data-start=\"698\" data-end=\"708\">J\u00e4gare<\/strong> f\u00e4ller vildsvin, registrerar och l\u00e4mnar in.<br data-start=\"752\" data-end=\"755\" \/>2\ufe0f\u20e3 <strong data-start=\"759\" data-end=\"788\">Landvetter jaktv\u00e5rdskrets<\/strong> granskar, godk\u00e4nner och rapporterar.<br data-start=\"825\" data-end=\"828\" \/>3\ufe0f\u20e3 <strong data-start=\"832\" data-end=\"859\">Naturg\u00e5rden V\u00e4stk\u00f6tt AB<\/strong> kvalitetss\u00e4krar, f\u00f6r\u00e4dlar och distribuerar k\u00f6ttet.<br data-start=\"910\" data-end=\"913\" \/>4\ufe0f\u20e3 <strong data-start=\"917\" data-end=\"935\">H\u00e4rryda kommun<\/strong> anv\u00e4nder r\u00e5varan i sina verksamheter.<\/p>\n<p><a href=\"https:\/\/krets.jagareforbundet.se\/landvetter\/files\/2026\/03\/hantering-fallt-vildsvin-scaled.png\"><img loading=\"lazy\" decoding=\"async\" class=\"aligncenter wp-image-450 size-large\" src=\"https:\/\/krets.jagareforbundet.se\/landvetter\/files\/2026\/03\/hantering-fallt-vildsvin-1024x557.png\" alt=\"\" width=\"1024\" height=\"557\" srcset=\"https:\/\/krets.jagareforbundet.se\/landvetter\/files\/2026\/03\/hantering-fallt-vildsvin-1024x557.png 1024w, https:\/\/krets.jagareforbundet.se\/landvetter\/files\/2026\/03\/hantering-fallt-vildsvin-300x163.png 300w, https:\/\/krets.jagareforbundet.se\/landvetter\/files\/2026\/03\/hantering-fallt-vildsvin-768x418.png 768w, https:\/\/krets.jagareforbundet.se\/landvetter\/files\/2026\/03\/hantering-fallt-vildsvin-1536x836.png 1536w, https:\/\/krets.jagareforbundet.se\/landvetter\/files\/2026\/03\/hantering-fallt-vildsvin-2048x1115.png 2048w\" sizes=\"auto, (max-width: 1024px) 100vw, 1024px\" \/><\/a><\/p>\n<p>Resultatet blir:<\/p>\n<ul>\n<li>minskade viltskador<\/li>\n<li>lokal samverkan<\/li>\n<li>en s\u00e4ker och sp\u00e5rbar livsmedelskedja<\/li>\n<li>att k\u00f6tt av h\u00f6g kvalitet tas tillvara lokalt<\/li>\n<\/ul>\n<p>Den ers\u00e4ttning som finns i projektet \u00e4r en mindre premie till j\u00e4gare som bidrar. Den \u00e4r en positiv gest och ett tack till de j\u00e4gare som st\u00e4ller upp och l\u00e4gger ner tid och arbete f\u00f6r att bidra till projektet.<br \/>\nDet h\u00e4r \u00e4r ett pilotprojekt som genomf\u00f6rs tillsammans med kommunen och andra akt\u00f6rer. Erfarenheter fr\u00e5n projektet kommer att f\u00f6ljas upp och utv\u00e4rderas.<\/p>\n<p>Om du vill l\u00e4sa mer om hur projektet fungerar: <a href=\"https:\/\/landvetterjvk.se\/vildsvin\" target=\"_blank\" rel=\"noopener\">https:\/\/landvetterjvk.se\/vildsvin<\/a><\/p>\n<h2><b><br \/>\nJ\u00e4garskola i mars 2026 (<\/b><em>2026-02-25)<\/em><\/h2>\n<p>I samarbete H\u00e4rryda JVF startar vi en ny omg\u00e5ng av J\u00e4garskolan i mars.<br \/>\nKursen inneh\u00e5ller b\u00e5de teori och skytte och riktar sig till dig som vill ta j\u00e4garexamen eller f\u00f6rdjupa din kunskap.<\/p>\n<p><b>Kursinformation<\/b><\/p>\n<ul>\n<li>Startdatum: 2026-03-18<\/li>\n<li>Antal tr\u00e4ffar: 11 + skytte helgdagar<\/li>\n<li>Kursdagar: Onsdagar<\/li>\n<li>Plats: H\u00e4rryda JVF<\/li>\n<\/ul>\n<p><b>Kursinneh\u00e5ll<\/b><br \/>\nKursen varvar teori med praktiska moment p\u00e5 skjutbanan. Under utbildningen g\u00e5r vi igenom<\/p>\n<ul>\n<li>Grunder i jakt och viltv\u00e5rd<\/li>\n<li>Svensk jaktlagstiftning<\/li>\n<li>S\u00e4ker vapenhantering<\/li>\n<li>Skytte med hagel och kula<\/li>\n<li>F\u00f6rberedelser inf\u00f6r praktiska och teoretiska prov<\/li>\n<\/ul>\n<p><b>Intresseanm\u00e4lan<\/b><br \/>\nSkicka ett mejl till\u00a0<a href=\"mailto:linda.karlsson@hotmail.se?subject=J\u00e4garskolan\"><b>linda.karlsson@hotmail.se<\/b><\/a>\u00a0och anv\u00e4nd\u00a0<b>&#8221;J\u00e4garskolan&#8221;<\/b> som \u00e4mne. Du f\u00e5r sedan mer information om kursen.<\/p>\n<hr \/>\n<h4><strong>Viltrapportering<\/strong>:<\/h4>\n<p>Det \u00e4r viktigt att ni rapporterar in det vilt ni f\u00e4ller och det \u00e4r lika viktigt att ni rapporterar \u00e4ven om ni inte f\u00e4llt n\u00e5got!<br \/>\nRapportering g\u00f6rs h\u00e4r: <a href=\"http:\/\/www.viltdata.se\" target=\"_blank\" rel=\"noopener\">www.viltdata.se<\/a><\/p>\n<hr \/>\n<p>&nbsp;<\/p>\n","protected":false},"excerpt":{"rendered":"<p>Kretsen omfattar Landvetter och H\u00e4rryda f\u00f6rsamlingar i H\u00e4rryda Kommun, det st\u00e5r alla j\u00e4gare fritt att v\u00e4lja kretstillh\u00f6righet via medlemskapet i J\u00e4garef\u00f6rbundet. Nyheter: Fr\u00e5n skog till m\u00e5ltid. S\u00e5 fungerar vildsvinsprojektet i H\u00e4rryda kommun. (2026-03-18) Debatten om detta vildsvinsprojekt fastnar ibland i ordet \u201cskottpeng\u201d.Det begreppet anv\u00e4nds historiskt n\u00e4r man betalar per f\u00e4llt djur f\u00f6r att \u00f6ka avskjutningen. [&hellip;]<\/p>\n","protected":false},"author":3,"featured_media":179,"parent":0,"menu_order":1,"comment_status":"open","ping_status":"open","template":"","meta":{"jetpack_post_was_ever_published":false,"footnotes":""},"class_list":["post-2","page","type-page","status-publish","has-post-thumbnail","hentry"],"_links":{"self":[{"href":"https:\/\/krets.jagareforbundet.se\/landvetter\/wp-json\/wp\/v2\/pages\/2","targetHints":{"allow":["GET"]}}],"collection":[{"href":"https:\/\/krets.jagareforbundet.se\/landvetter\/wp-json\/wp\/v2\/pages"}],"about":[{"href":"https:\/\/krets.jagareforbundet.se\/landvetter\/wp-json\/wp\/v2\/types\/page"}],"author":[{"embeddable":true,"href":"https:\/\/krets.jagareforbundet.se\/landvetter\/wp-json\/wp\/v2\/users\/3"}],"replies":[{"embeddable":true,"href":"https:\/\/krets.jagareforbundet.se\/landvetter\/wp-json\/wp\/v2\/comments?post=2"}],"version-history":[{"count":4,"href":"https:\/\/krets.jagareforbundet.se\/landvetter\/wp-json\/wp\/v2\/pages\/2\/revisions"}],"predecessor-version":[{"id":460,"href":"https:\/\/krets.jagareforbundet.se\/landvetter\/wp-json\/wp\/v2\/pages\/2\/revisions\/460"}],"wp:featuredmedia":[{"embeddable":true,"href":"https:\/\/krets.jagareforbundet.se\/landvetter\/wp-json\/wp\/v2\/media\/179"}],"wp:attachment":[{"href":"https:\/\/krets.jagareforbundet.se\/landvetter\/wp-json\/wp\/v2\/media?parent=2"}],"curies":[{"name":"wp","href":"https:\/\/api.w.org\/{rel}","templated":true}]}}