{"id":331,"date":"2021-12-12T20:04:59","date_gmt":"2021-12-12T19:04:59","guid":{"rendered":"https:\/\/krets.jagareforbundet.se\/landvetter\/?page_id=331"},"modified":"2024-09-15T13:40:25","modified_gmt":"2024-09-15T11:40:25","slug":"utbildning","status":"publish","type":"page","link":"https:\/\/krets.jagareforbundet.se\/landvetter\/utbildning\/","title":{"rendered":"Utbildning"},"content":{"rendered":"<h3>K\u00e4nner ni n\u00e5gon som vill bli j\u00e4gare eller som bara vill l\u00e4ra sig mer om djur och natur?<\/h3>\n<p>J\u00e4garskolan anordnas i samarbete mellan Studiefr\u00e4mjandet, Svenska J\u00e4garf\u00f6rbundet och H\u00e4rryda JVF.<\/p>\n<div>\n<p>&nbsp;<\/p>\n<\/div>\n","protected":false},"excerpt":{"rendered":"<p>K\u00e4nner ni n\u00e5gon som vill bli j\u00e4gare eller som bara vill l\u00e4ra sig mer om djur och natur? J\u00e4garskolan anordnas i samarbete mellan Studiefr\u00e4mjandet, Svenska J\u00e4garf\u00f6rbundet och H\u00e4rryda JVF. &nbsp;<\/p>\n","protected":false},"author":220,"featured_media":0,"parent":0,"menu_order":2,"comment_status":"closed","ping_status":"closed","template":"","meta":{"jetpack_post_was_ever_published":false,"footnotes":""},"class_list":["post-331","page","type-page","status-publish","hentry"],"_links":{"self":[{"href":"https:\/\/krets.jagareforbundet.se\/landvetter\/wp-json\/wp\/v2\/pages\/331","targetHints":{"allow":["GET"]}}],"collection":[{"href":"https:\/\/krets.jagareforbundet.se\/landvetter\/wp-json\/wp\/v2\/pages"}],"about":[{"href":"https:\/\/krets.jagareforbundet.se\/landvetter\/wp-json\/wp\/v2\/types\/page"}],"author":[{"embeddable":true,"href":"https:\/\/krets.jagareforbundet.se\/landvetter\/wp-json\/wp\/v2\/users\/220"}],"replies":[{"embeddable":true,"href":"https:\/\/krets.jagareforbundet.se\/landvetter\/wp-json\/wp\/v2\/comments?post=331"}],"version-history":[{"count":4,"href":"https:\/\/krets.jagareforbundet.se\/landvetter\/wp-json\/wp\/v2\/pages\/331\/revisions"}],"predecessor-version":[{"id":423,"href":"https:\/\/krets.jagareforbundet.se\/landvetter\/wp-json\/wp\/v2\/pages\/331\/revisions\/423"}],"wp:attachment":[{"href":"https:\/\/krets.jagareforbundet.se\/landvetter\/wp-json\/wp\/v2\/media?parent=331"}],"curies":[{"name":"wp","href":"https:\/\/api.w.org\/{rel}","templated":true}]}}