{"id":2,"date":"2011-09-07T09:28:43","date_gmt":"2011-09-07T09:28:43","guid":{"rendered":"https:\/\/krets.jagareforbundet.se\/template\/?page_id=2"},"modified":"2026-03-24T21:57:07","modified_gmt":"2026-03-24T20:57:07","slug":"exempelsida","status":"publish","type":"page","link":"https:\/\/krets.jagareforbundet.se\/laxa\/","title":{"rendered":"J\u00e4garef\u00f6rbundet Lax\u00e5"},"content":{"rendered":"<p class=\"intro\">V\u00e4lkommen till J\u00e4garef\u00f6rbundet Lax\u00e5!<\/p>\n<p class=\"intro\">V\u00e5r krets omfattar 55 000 ha och str\u00e4cker sig i \u00f6ster fr\u00e5n Viby (rv 50) och v\u00e4sterut genom Tiveden fram till gr\u00e4nsen mot V\u00e4stra G\u00f6talands l\u00e4n. Tiveden brukar ben\u00e4mnas \u201dSveriges sydligaste vildmark\u201d med en storslagen natur som domineras av stora skogar, myrar och en stor rikedom av sj\u00f6ar. H\u00e4r finns v\u00e5ra vanliga jaktbara viltarter men ocks\u00e5 vildsvin och mindre flockar av kronhjort. Varg och lo \u00e4r fast etablerade i omr\u00e5det och sporadiskt f\u00f6rekommer bes\u00f6k av bj\u00f6rn. Vi \u00e4r ca 200 medlemmar i kretsen<\/p>\n<p>&nbsp;<\/p>\n<div id=\"attachment_585\" style=\"width: 160px\" class=\"wp-caption alignleft\"><a href=\"https:\/\/krets.jagareforbundet.se\/laxa\/files\/2025\/10\/nedladdning-2.png\"><img loading=\"lazy\" decoding=\"async\" aria-describedby=\"caption-attachment-585\" class=\"size-thumbnail wp-image-585\" src=\"https:\/\/krets.jagareforbundet.se\/laxa\/files\/2025\/10\/nedladdning-2-150x150.png\" alt=\"\" width=\"150\" height=\"150\" srcset=\"https:\/\/krets.jagareforbundet.se\/laxa\/files\/2025\/10\/nedladdning-2-150x150.png 150w, https:\/\/krets.jagareforbundet.se\/laxa\/files\/2025\/10\/nedladdning-2.png 225w\" sizes=\"auto, (max-width: 150px) 100vw, 150px\" \/><\/a><p id=\"caption-attachment-585\" class=\"wp-caption-text\">Karl Hedin i Lax\u00e5 erbjuder Lax\u00e5-kretsens medlemmar 20% p\u00e5 Swedteams ordinarie priser.<\/p><\/div>\n<div id=\"attachment_488\" style=\"width: 160px\" class=\"wp-caption alignleft\"><a href=\"https:\/\/krets.jagareforbundet.se\/laxa\/files\/2024\/08\/LSV.png\"><img loading=\"lazy\" decoding=\"async\" aria-describedby=\"caption-attachment-488\" class=\"wp-image-488 size-thumbnail\" src=\"https:\/\/krets.jagareforbundet.se\/laxa\/files\/2024\/08\/LSV-150x105.png\" alt=\"\" width=\"150\" height=\"105\" \/><\/a><p id=\"caption-attachment-488\" class=\"wp-caption-text\">Sponsrar v\u00e5ra ungdomar 2026<\/p><\/div>\n","protected":false},"excerpt":{"rendered":"<p>V\u00e4lkommen till J\u00e4garef\u00f6rbundet Lax\u00e5! V\u00e5r krets omfattar 55 000 ha och str\u00e4cker sig i \u00f6ster fr\u00e5n Viby (rv 50) och v\u00e4sterut genom Tiveden fram till gr\u00e4nsen mot V\u00e4stra G\u00f6talands l\u00e4n. Tiveden brukar ben\u00e4mnas \u201dSveriges sydligaste vildmark\u201d med en storslagen natur som domineras av stora skogar, myrar och en stor rikedom av sj\u00f6ar. H\u00e4r finns v\u00e5ra [&hellip;]<\/p>\n","protected":false},"author":3,"featured_media":144,"parent":0,"menu_order":0,"comment_status":"open","ping_status":"open","template":"","meta":{"footnotes":""},"class_list":["post-2","page","type-page","status-publish","has-post-thumbnail","hentry"],"_links":{"self":[{"href":"https:\/\/krets.jagareforbundet.se\/laxa\/wp-json\/wp\/v2\/pages\/2","targetHints":{"allow":["GET"]}}],"collection":[{"href":"https:\/\/krets.jagareforbundet.se\/laxa\/wp-json\/wp\/v2\/pages"}],"about":[{"href":"https:\/\/krets.jagareforbundet.se\/laxa\/wp-json\/wp\/v2\/types\/page"}],"author":[{"embeddable":true,"href":"https:\/\/krets.jagareforbundet.se\/laxa\/wp-json\/wp\/v2\/users\/3"}],"replies":[{"embeddable":true,"href":"https:\/\/krets.jagareforbundet.se\/laxa\/wp-json\/wp\/v2\/comments?post=2"}],"version-history":[{"count":3,"href":"https:\/\/krets.jagareforbundet.se\/laxa\/wp-json\/wp\/v2\/pages\/2\/revisions"}],"predecessor-version":[{"id":627,"href":"https:\/\/krets.jagareforbundet.se\/laxa\/wp-json\/wp\/v2\/pages\/2\/revisions\/627"}],"wp:featuredmedia":[{"embeddable":true,"href":"https:\/\/krets.jagareforbundet.se\/laxa\/wp-json\/wp\/v2\/media\/144"}],"wp:attachment":[{"href":"https:\/\/krets.jagareforbundet.se\/laxa\/wp-json\/wp\/v2\/media?parent=2"}],"curies":[{"name":"wp","href":"https:\/\/api.w.org\/{rel}","templated":true}]}}