{"id":243,"date":"2023-05-06T23:46:05","date_gmt":"2023-05-06T21:46:05","guid":{"rendered":"https:\/\/krets.jagareforbundet.se\/laxa\/?page_id=243"},"modified":"2024-04-30T17:28:56","modified_gmt":"2024-04-30T15:28:56","slug":"eftersok","status":"publish","type":"page","link":"https:\/\/krets.jagareforbundet.se\/laxa\/eftersok\/","title":{"rendered":"Efters\u00f6k"},"content":{"rendered":"<p>Inom kretsen finns ett antal efters\u00f6kj\u00e4gare som ni kan h\u00f6ra av er till n\u00e4r behov finns<\/p>\n<p>Daniel Persson 076-836 24 78<br \/>\nHenrik Widlund 072-205 94 84<br \/>\nMagnus Walltersson 070-731 57 89<br \/>\nMika Tirkkonen 076-806 05 50<br \/>\nRobert Bruus 070-511 87 03<\/p>\n<p>&nbsp;<\/p>\n","protected":false},"excerpt":{"rendered":"<p>Inom kretsen finns ett antal efters\u00f6kj\u00e4gare som ni kan h\u00f6ra av er till n\u00e4r behov finns Daniel Persson 076-836 24 78 Henrik Widlund 072-205 94 84 Magnus Walltersson 070-731 57 89 Mika Tirkkonen 076-806 05 50 Robert Bruus 070-511 87 03 &nbsp;<\/p>\n","protected":false},"author":301,"featured_media":265,"parent":0,"menu_order":0,"comment_status":"closed","ping_status":"closed","template":"","meta":{"footnotes":""},"class_list":["post-243","page","type-page","status-publish","has-post-thumbnail","hentry"],"_links":{"self":[{"href":"https:\/\/krets.jagareforbundet.se\/laxa\/wp-json\/wp\/v2\/pages\/243","targetHints":{"allow":["GET"]}}],"collection":[{"href":"https:\/\/krets.jagareforbundet.se\/laxa\/wp-json\/wp\/v2\/pages"}],"about":[{"href":"https:\/\/krets.jagareforbundet.se\/laxa\/wp-json\/wp\/v2\/types\/page"}],"author":[{"embeddable":true,"href":"https:\/\/krets.jagareforbundet.se\/laxa\/wp-json\/wp\/v2\/users\/301"}],"replies":[{"embeddable":true,"href":"https:\/\/krets.jagareforbundet.se\/laxa\/wp-json\/wp\/v2\/comments?post=243"}],"version-history":[{"count":3,"href":"https:\/\/krets.jagareforbundet.se\/laxa\/wp-json\/wp\/v2\/pages\/243\/revisions"}],"predecessor-version":[{"id":438,"href":"https:\/\/krets.jagareforbundet.se\/laxa\/wp-json\/wp\/v2\/pages\/243\/revisions\/438"}],"wp:featuredmedia":[{"embeddable":true,"href":"https:\/\/krets.jagareforbundet.se\/laxa\/wp-json\/wp\/v2\/media\/265"}],"wp:attachment":[{"href":"https:\/\/krets.jagareforbundet.se\/laxa\/wp-json\/wp\/v2\/media?parent=243"}],"curies":[{"name":"wp","href":"https:\/\/api.w.org\/{rel}","templated":true}]}}