{"id":247,"date":"2023-05-06T23:52:12","date_gmt":"2023-05-06T21:52:12","guid":{"rendered":"https:\/\/krets.jagareforbundet.se\/laxa\/?page_id=247"},"modified":"2026-02-25T08:44:50","modified_gmt":"2026-02-25T07:44:50","slug":"hundgruppen","status":"publish","type":"page","link":"https:\/\/krets.jagareforbundet.se\/laxa\/hundgruppen\/","title":{"rendered":"Hundgruppen"},"content":{"rendered":"<blockquote><p>Sp\u00e5rtr\u00e4ning i kombination med lydnad<\/p>\n<p>\u00c4r du intresserad av att delta eller har fr\u00e5gor kontakta\u00a0 Maivor Larsson 073-065 10 75 eller Magnus Walltersson 070-731-57 89<\/p>\n<p>Lite av vad som h\u00e4nde under 2025:<\/p>\n<p>Under 2025 tr\u00e4ffades gruppen vid ca 18 tillf\u00e4llen med i snitt 10-15 ekipage per g\u00e5ng.<br \/>\nEtt antal ekipage bes\u00f6kte \u00e4ven Ulvhults s\u00e4teri f\u00f6r\u00a0 mentaltest och utifr\u00e5n protokoll och film gick sedan Henrik Widlund igenom med respektive ekipage vad man kunde utl\u00e4sa om hundens egenskaper.<br \/>\n\u00c4ven under 2025 genomf\u00f6rdes KM i viltsp\u00e5r, vinnare blev Agneta med Nikki.<\/p>\n<p>&nbsp;<\/p><\/blockquote>\n<p>&nbsp;<\/p>\n<blockquote><p>&nbsp;<\/p>\n<blockquote><p>&nbsp;<\/p><\/blockquote>\n<p>&nbsp;<\/p><\/blockquote>\n<p>&nbsp;<\/p>\n","protected":false},"excerpt":{"rendered":"<p>Sp\u00e5rtr\u00e4ning i kombination med lydnad \u00c4r du intresserad av att delta eller har fr\u00e5gor kontakta\u00a0 Maivor Larsson 073-065 10 75 eller Magnus Walltersson 070-731-57 89 Lite av vad som h\u00e4nde under 2025: Under 2025 tr\u00e4ffades gruppen vid ca 18 tillf\u00e4llen med i snitt 10-15 ekipage per g\u00e5ng. Ett antal ekipage bes\u00f6kte \u00e4ven Ulvhults s\u00e4teri f\u00f6r\u00a0 [&hellip;]<\/p>\n","protected":false},"author":301,"featured_media":270,"parent":0,"menu_order":0,"comment_status":"closed","ping_status":"closed","template":"","meta":{"footnotes":""},"class_list":["post-247","page","type-page","status-publish","has-post-thumbnail","hentry"],"_links":{"self":[{"href":"https:\/\/krets.jagareforbundet.se\/laxa\/wp-json\/wp\/v2\/pages\/247","targetHints":{"allow":["GET"]}}],"collection":[{"href":"https:\/\/krets.jagareforbundet.se\/laxa\/wp-json\/wp\/v2\/pages"}],"about":[{"href":"https:\/\/krets.jagareforbundet.se\/laxa\/wp-json\/wp\/v2\/types\/page"}],"author":[{"embeddable":true,"href":"https:\/\/krets.jagareforbundet.se\/laxa\/wp-json\/wp\/v2\/users\/301"}],"replies":[{"embeddable":true,"href":"https:\/\/krets.jagareforbundet.se\/laxa\/wp-json\/wp\/v2\/comments?post=247"}],"version-history":[{"count":3,"href":"https:\/\/krets.jagareforbundet.se\/laxa\/wp-json\/wp\/v2\/pages\/247\/revisions"}],"predecessor-version":[{"id":616,"href":"https:\/\/krets.jagareforbundet.se\/laxa\/wp-json\/wp\/v2\/pages\/247\/revisions\/616"}],"wp:featuredmedia":[{"embeddable":true,"href":"https:\/\/krets.jagareforbundet.se\/laxa\/wp-json\/wp\/v2\/media\/270"}],"wp:attachment":[{"href":"https:\/\/krets.jagareforbundet.se\/laxa\/wp-json\/wp\/v2\/media?parent=247"}],"curies":[{"name":"wp","href":"https:\/\/api.w.org\/{rel}","templated":true}]}}