{"id":249,"date":"2023-05-06T23:59:49","date_gmt":"2023-05-06T21:59:49","guid":{"rendered":"https:\/\/krets.jagareforbundet.se\/laxa\/?page_id=249"},"modified":"2026-02-25T09:36:34","modified_gmt":"2026-02-25T08:36:34","slug":"dokument","status":"publish","type":"page","link":"https:\/\/krets.jagareforbundet.se\/laxa\/dokument\/","title":{"rendered":"Dokument"},"content":{"rendered":"<p>&nbsp;<\/p>\n<p><strong>\u00c5rsm\u00f6teshandlingar<\/strong><\/p>\n<p><strong>Verksamhets\u00e5ret 2024<\/strong><br \/>\n<a href=\"https:\/\/krets.jagareforbundet.se\/laxa\/files\/2025\/08\/Verksamhetsberattelse-2024.pdf\">Verksamhetsber\u00e4ttelse<\/a><br \/>\n<a href=\"https:\/\/krets.jagareforbundet.se\/laxa\/files\/2025\/08\/Motion-signerad.pdf\">Motion<\/a><br \/>\n<a href=\"https:\/\/krets.jagareforbundet.se\/laxa\/files\/2025\/08\/Protokoll-arsmote-2025-02-23.pdf\">\u00c5rsm\u00f6tesprotokoll<\/a><\/p>\n<p><strong>Verksamhets\u00e5ret 2023<\/strong><br \/>\n<a href=\"https:\/\/krets.jagareforbundet.se\/laxa\/files\/2024\/07\/Protokoll-arsmote-2024.pdf\">\u00c5rsm\u00f6tesprotokoll<\/a><br \/>\n<a href=\"https:\/\/krets.jagareforbundet.se\/laxa\/files\/2024\/07\/Verksamhetsberattelse-2023.pdf\">Verksamhetsber\u00e4ttelse\u00a0<\/a><\/p>\n<p><strong>Verksamhets\u00e5ret 2022<br \/>\n<\/strong><a href=\"https:\/\/krets.jagareforbundet.se\/laxa\/files\/2024\/07\/Protokoll-arsmote-2023.pdf\">\u00c5rsm\u00f6tesprotokoll<\/a><br \/>\n<a href=\"https:\/\/krets.jagareforbundet.se\/laxa\/files\/2023\/05\/Verksamhetsberattelse-2022.pdf\">Verksamhetsber\u00e4ttelse<\/a><\/p>\n<p><strong>Verksamhets\u00e5ret 2021<\/strong><br \/>\n<a href=\"https:\/\/krets.jagareforbundet.se\/laxa\/files\/2024\/07\/Protokoll-extra-arsmote-2022.pdf\">Protokoll Extra \u00c5rsm\u00f6te<\/a><br \/>\n<a href=\"https:\/\/krets.jagareforbundet.se\/laxa\/files\/2024\/07\/Protokoll-arsmote-2022-02-09.pdf\">\u00c5rsm\u00f6tesprotokoll 2021<\/a><br \/>\n<a href=\"https:\/\/krets.jagareforbundet.se\/laxa\/files\/2024\/07\/Verksamhetsberattelse-2021.pdf\">Verksamhetsber\u00e4ttelse 2021<\/a><\/p>\n<p>&nbsp;<\/p>\n<p><strong>\u00d6vriga dokument<\/strong><\/p>\n<p><a href=\"https:\/\/krets.jagareforbundet.se\/laxa\/files\/2025\/08\/Utmarkelse.pdf\">Wallenbergska Fonden 2024<\/a><\/p>\n<p><a href=\"https:\/\/krets.jagareforbundet.se\/laxa\/files\/2023\/12\/Stadgar-Laxa-1.pdf\">Stadgar f\u00f6r JF Lax\u00e5<\/a><\/p>\n<p><a href=\"https:\/\/krets.jagareforbundet.se\/laxa\/files\/2025\/08\/Tidsplanering-jaktvardskrets.pdf\">Tidsplanering jaktv\u00e5rdskrets<\/a><\/p>\n<p><a href=\"https:\/\/krets.jagareforbundet.se\/laxa\/files\/2024\/02\/Befattningsbeskrivning-krets-2023.pdf\">Befattningsbeskrivning f\u00f6r kretsarbete<\/a><\/p>\n<p><a href=\"https:\/\/krets.jagareforbundet.se\/laxa\/files\/2024\/02\/En-aktivare-jaktvardskrets-2023.pdf\">En aktivare jaktv\u00e5rdskrets<\/a><\/p>\n<p><a href=\"https:\/\/krets.jagareforbundet.se\/laxa\/files\/2024\/02\/Att-hantera-jaktsabotage.pdf\">Att hantera jaksabotage<\/a><\/p>\n<p><a href=\"https:\/\/krets.jagareforbundet.se\/laxa\/files\/2026\/02\/PA\u00a5verka.pdf\">G\u00f6r din r\u00f6st h\u00f6rd &#8211; skriv en motion!<\/a><\/p>\n<p>&nbsp;<\/p>\n","protected":false},"excerpt":{"rendered":"<p>&nbsp; \u00c5rsm\u00f6teshandlingar Verksamhets\u00e5ret 2024 Verksamhetsber\u00e4ttelse Motion \u00c5rsm\u00f6tesprotokoll Verksamhets\u00e5ret 2023 \u00c5rsm\u00f6tesprotokoll Verksamhetsber\u00e4ttelse\u00a0 Verksamhets\u00e5ret 2022 \u00c5rsm\u00f6tesprotokoll Verksamhetsber\u00e4ttelse Verksamhets\u00e5ret 2021 Protokoll Extra \u00c5rsm\u00f6te \u00c5rsm\u00f6tesprotokoll 2021 Verksamhetsber\u00e4ttelse 2021 &nbsp; \u00d6vriga dokument Wallenbergska Fonden 2024 Stadgar f\u00f6r JF Lax\u00e5 Tidsplanering jaktv\u00e5rdskrets Befattningsbeskrivning f\u00f6r kretsarbete En aktivare jaktv\u00e5rdskrets Att hantera jaksabotage G\u00f6r din r\u00f6st h\u00f6rd &#8211; skriv en motion! &nbsp;<\/p>\n","protected":false},"author":301,"featured_media":0,"parent":0,"menu_order":0,"comment_status":"closed","ping_status":"closed","template":"","meta":{"footnotes":""},"class_list":["post-249","page","type-page","status-publish","hentry"],"_links":{"self":[{"href":"https:\/\/krets.jagareforbundet.se\/laxa\/wp-json\/wp\/v2\/pages\/249","targetHints":{"allow":["GET"]}}],"collection":[{"href":"https:\/\/krets.jagareforbundet.se\/laxa\/wp-json\/wp\/v2\/pages"}],"about":[{"href":"https:\/\/krets.jagareforbundet.se\/laxa\/wp-json\/wp\/v2\/types\/page"}],"author":[{"embeddable":true,"href":"https:\/\/krets.jagareforbundet.se\/laxa\/wp-json\/wp\/v2\/users\/301"}],"replies":[{"embeddable":true,"href":"https:\/\/krets.jagareforbundet.se\/laxa\/wp-json\/wp\/v2\/comments?post=249"}],"version-history":[{"count":3,"href":"https:\/\/krets.jagareforbundet.se\/laxa\/wp-json\/wp\/v2\/pages\/249\/revisions"}],"predecessor-version":[{"id":620,"href":"https:\/\/krets.jagareforbundet.se\/laxa\/wp-json\/wp\/v2\/pages\/249\/revisions\/620"}],"wp:attachment":[{"href":"https:\/\/krets.jagareforbundet.se\/laxa\/wp-json\/wp\/v2\/media?parent=249"}],"curies":[{"name":"wp","href":"https:\/\/api.w.org\/{rel}","templated":true}]}}