{"id":28,"date":"2011-09-09T08:06:13","date_gmt":"2011-09-09T08:06:13","guid":{"rendered":"https:\/\/krets.jagareforbundet.se\/template\/?page_id=28"},"modified":"2023-05-07T07:49:32","modified_gmt":"2023-05-07T05:49:32","slug":"kontakta-oss","status":"publish","type":"page","link":"https:\/\/krets.jagareforbundet.se\/laxa\/kontakta-oss\/","title":{"rendered":"Kontakt"},"content":{"rendered":"<p>Om du har funderingar eller fr\u00e5gor allm\u00e4nt s\u00e5 h\u00f6r av dig till oss i styrelsen genom att skicka ett meddelande i formul\u00e4ret nedan<\/p>\n<p>Om du vill kontakta n\u00e5gon i styrelsen direkt s\u00e5 klicka <a href=\"https:\/\/krets.jagareforbundet.se\/laxa\/styrelsen-2023\/\">h\u00e4r<\/a><\/p>\n","protected":false},"excerpt":{"rendered":"<p>Om du har funderingar eller fr\u00e5gor allm\u00e4nt s\u00e5 h\u00f6r av dig till oss i styrelsen genom att skicka ett meddelande i formul\u00e4ret nedan Om du vill kontakta n\u00e5gon i styrelsen direkt s\u00e5 klicka h\u00e4r<\/p>\n","protected":false},"author":3,"featured_media":165,"parent":0,"menu_order":0,"comment_status":"open","ping_status":"open","template":"template-contact.php","meta":{"footnotes":""},"class_list":["post-28","page","type-page","status-publish","has-post-thumbnail","hentry"],"_links":{"self":[{"href":"https:\/\/krets.jagareforbundet.se\/laxa\/wp-json\/wp\/v2\/pages\/28","targetHints":{"allow":["GET"]}}],"collection":[{"href":"https:\/\/krets.jagareforbundet.se\/laxa\/wp-json\/wp\/v2\/pages"}],"about":[{"href":"https:\/\/krets.jagareforbundet.se\/laxa\/wp-json\/wp\/v2\/types\/page"}],"author":[{"embeddable":true,"href":"https:\/\/krets.jagareforbundet.se\/laxa\/wp-json\/wp\/v2\/users\/3"}],"replies":[{"embeddable":true,"href":"https:\/\/krets.jagareforbundet.se\/laxa\/wp-json\/wp\/v2\/comments?post=28"}],"version-history":[{"count":3,"href":"https:\/\/krets.jagareforbundet.se\/laxa\/wp-json\/wp\/v2\/pages\/28\/revisions"}],"predecessor-version":[{"id":255,"href":"https:\/\/krets.jagareforbundet.se\/laxa\/wp-json\/wp\/v2\/pages\/28\/revisions\/255"}],"wp:featuredmedia":[{"embeddable":true,"href":"https:\/\/krets.jagareforbundet.se\/laxa\/wp-json\/wp\/v2\/media\/165"}],"wp:attachment":[{"href":"https:\/\/krets.jagareforbundet.se\/laxa\/wp-json\/wp\/v2\/media?parent=28"}],"curies":[{"name":"wp","href":"https:\/\/api.w.org\/{rel}","templated":true}]}}