{"id":312,"date":"2023-05-09T00:15:57","date_gmt":"2023-05-08T22:15:57","guid":{"rendered":"https:\/\/krets.jagareforbundet.se\/laxa\/?page_id=312"},"modified":"2025-02-06T18:54:16","modified_gmt":"2025-02-06T17:54:16","slug":"ungdomar-jakt","status":"publish","type":"page","link":"https:\/\/krets.jagareforbundet.se\/laxa\/ungdomar-jakt\/","title":{"rendered":"Ungdomar &amp; Jakt"},"content":{"rendered":"<blockquote><p>\u00c4r du ny j\u00e4gare och har fr\u00e5gor om kommande jakttillf\u00e4llen\u00a0 eller liknande h\u00f6r av dig till Mika Tirkkonen 076-806 05 50<\/p>\n<p>F\u00f6lj g\u00e4rna instagramkontot @ungaj\u00e4gare eller FB kontot Unga J\u00e4gare &#8211; Svenska J\u00e4garef\u00f6rbundet f\u00f6r mer information om vad Svenska J\u00e4garef\u00f6rbundet har p g f\u00f6r dig som \u00e4r ung och j\u00e4gare!<\/p><\/blockquote>\n","protected":false},"excerpt":{"rendered":"<p>\u00c4r du ny j\u00e4gare och har fr\u00e5gor om kommande jakttillf\u00e4llen\u00a0 eller liknande h\u00f6r av dig till Mika Tirkkonen 076-806 05 50 F\u00f6lj g\u00e4rna instagramkontot @ungaj\u00e4gare eller FB kontot Unga J\u00e4gare &#8211; Svenska J\u00e4garef\u00f6rbundet f\u00f6r mer information om vad Svenska J\u00e4garef\u00f6rbundet har p g f\u00f6r dig som \u00e4r ung och j\u00e4gare!<\/p>\n","protected":false},"author":301,"featured_media":0,"parent":0,"menu_order":0,"comment_status":"closed","ping_status":"closed","template":"","meta":{"footnotes":""},"class_list":["post-312","page","type-page","status-publish","hentry"],"_links":{"self":[{"href":"https:\/\/krets.jagareforbundet.se\/laxa\/wp-json\/wp\/v2\/pages\/312","targetHints":{"allow":["GET"]}}],"collection":[{"href":"https:\/\/krets.jagareforbundet.se\/laxa\/wp-json\/wp\/v2\/pages"}],"about":[{"href":"https:\/\/krets.jagareforbundet.se\/laxa\/wp-json\/wp\/v2\/types\/page"}],"author":[{"embeddable":true,"href":"https:\/\/krets.jagareforbundet.se\/laxa\/wp-json\/wp\/v2\/users\/301"}],"replies":[{"embeddable":true,"href":"https:\/\/krets.jagareforbundet.se\/laxa\/wp-json\/wp\/v2\/comments?post=312"}],"version-history":[{"count":3,"href":"https:\/\/krets.jagareforbundet.se\/laxa\/wp-json\/wp\/v2\/pages\/312\/revisions"}],"predecessor-version":[{"id":509,"href":"https:\/\/krets.jagareforbundet.se\/laxa\/wp-json\/wp\/v2\/pages\/312\/revisions\/509"}],"wp:attachment":[{"href":"https:\/\/krets.jagareforbundet.se\/laxa\/wp-json\/wp\/v2\/media?parent=312"}],"curies":[{"name":"wp","href":"https:\/\/api.w.org\/{rel}","templated":true}]}}