{"id":406,"date":"2024-02-15T16:10:35","date_gmt":"2024-02-15T15:10:35","guid":{"rendered":"https:\/\/krets.jagareforbundet.se\/laxa\/?page_id=406"},"modified":"2026-02-25T08:19:14","modified_gmt":"2026-02-25T07:19:14","slug":"jagarskolan","status":"publish","type":"page","link":"https:\/\/krets.jagareforbundet.se\/laxa\/jagarskolan\/","title":{"rendered":"J\u00e4garskolan"},"content":{"rendered":"<blockquote><p>Just nu p\u00e5g\u00e5r en kurs,\u00a0 h\u00f6r av dig till Maria Svanberg 073-933 72 47 eller J\u00f6rgen Johansson 070-869 45 64 om du vill ha mer information<\/p>\n<p>Pris f\u00f6r kursen 2025-2026 \u00e4r 3500 kr och d\u00e5 ing\u00e5r kurslitteraturen<\/p><\/blockquote>\n<p>&nbsp;<\/p>\n<p>&nbsp;<\/p>\n","protected":false},"excerpt":{"rendered":"<p>Just nu p\u00e5g\u00e5r en kurs,\u00a0 h\u00f6r av dig till Maria Svanberg 073-933 72 47 eller J\u00f6rgen Johansson 070-869 45 64 om du vill ha mer information Pris f\u00f6r kursen 2025-2026 \u00e4r 3500 kr och d\u00e5 ing\u00e5r kurslitteraturen &nbsp; &nbsp;<\/p>\n","protected":false},"author":301,"featured_media":0,"parent":0,"menu_order":0,"comment_status":"closed","ping_status":"closed","template":"","meta":{"footnotes":""},"class_list":["post-406","page","type-page","status-publish","hentry"],"_links":{"self":[{"href":"https:\/\/krets.jagareforbundet.se\/laxa\/wp-json\/wp\/v2\/pages\/406","targetHints":{"allow":["GET"]}}],"collection":[{"href":"https:\/\/krets.jagareforbundet.se\/laxa\/wp-json\/wp\/v2\/pages"}],"about":[{"href":"https:\/\/krets.jagareforbundet.se\/laxa\/wp-json\/wp\/v2\/types\/page"}],"author":[{"embeddable":true,"href":"https:\/\/krets.jagareforbundet.se\/laxa\/wp-json\/wp\/v2\/users\/301"}],"replies":[{"embeddable":true,"href":"https:\/\/krets.jagareforbundet.se\/laxa\/wp-json\/wp\/v2\/comments?post=406"}],"version-history":[{"count":3,"href":"https:\/\/krets.jagareforbundet.se\/laxa\/wp-json\/wp\/v2\/pages\/406\/revisions"}],"predecessor-version":[{"id":612,"href":"https:\/\/krets.jagareforbundet.se\/laxa\/wp-json\/wp\/v2\/pages\/406\/revisions\/612"}],"wp:attachment":[{"href":"https:\/\/krets.jagareforbundet.se\/laxa\/wp-json\/wp\/v2\/media?parent=406"}],"curies":[{"name":"wp","href":"https:\/\/api.w.org\/{rel}","templated":true}]}}