{"id":377,"date":"2016-02-18T01:07:51","date_gmt":"2016-02-18T00:07:51","guid":{"rendered":"https:\/\/krets.jagareforbundet.se\/lidkoping\/?page_id=377"},"modified":"2016-02-18T01:08:52","modified_gmt":"2016-02-18T00:08:52","slug":"etiska-regler-for-hundjakt","status":"publish","type":"page","link":"https:\/\/krets.jagareforbundet.se\/lidkoping\/etiska-regler-for-hundjakt\/","title":{"rendered":"Etiska regler f\u00f6r hundjakt"},"content":{"rendered":"<p>J\u00e4garef\u00f6rbundet Kalmar l\u00e4n har tagit fram rekommendationer f\u00f6r hundjakt. Dessa etiska regler g\u00e4ller naturligtvis alla som sysslar med jakt och efters\u00f6k.<\/p>\n<p>Ladda ned dokumentet h\u00e4r:\u00a0<a href=\"https:\/\/krets.jagareforbundet.se\/lidkoping\/files\/2011\/09\/etiska-riktlinjer20152.pdf\">Etiska riktlinjer<\/a>.<\/p>\n","protected":false},"excerpt":{"rendered":"<p>J\u00e4garef\u00f6rbundet Kalmar l\u00e4n har tagit fram rekommendationer f\u00f6r hundjakt. Dessa etiska regler g\u00e4ller naturligtvis alla som sysslar med jakt och efters\u00f6k. Ladda ned dokumentet h\u00e4r:\u00a0Etiska riktlinjer.<\/p>\n","protected":false},"author":198,"featured_media":0,"parent":0,"menu_order":0,"comment_status":"closed","ping_status":"closed","template":"","meta":{"jetpack_post_was_ever_published":false,"footnotes":""},"class_list":["post-377","page","type-page","status-publish","hentry"],"_links":{"self":[{"href":"https:\/\/krets.jagareforbundet.se\/lidkoping\/wp-json\/wp\/v2\/pages\/377","targetHints":{"allow":["GET"]}}],"collection":[{"href":"https:\/\/krets.jagareforbundet.se\/lidkoping\/wp-json\/wp\/v2\/pages"}],"about":[{"href":"https:\/\/krets.jagareforbundet.se\/lidkoping\/wp-json\/wp\/v2\/types\/page"}],"author":[{"embeddable":true,"href":"https:\/\/krets.jagareforbundet.se\/lidkoping\/wp-json\/wp\/v2\/users\/198"}],"replies":[{"embeddable":true,"href":"https:\/\/krets.jagareforbundet.se\/lidkoping\/wp-json\/wp\/v2\/comments?post=377"}],"version-history":[{"count":0,"href":"https:\/\/krets.jagareforbundet.se\/lidkoping\/wp-json\/wp\/v2\/pages\/377\/revisions"}],"wp:attachment":[{"href":"https:\/\/krets.jagareforbundet.se\/lidkoping\/wp-json\/wp\/v2\/media?parent=377"}],"curies":[{"name":"wp","href":"https:\/\/api.w.org\/{rel}","templated":true}]}}